{"id":499,"date":"2025-02-26T06:12:57","date_gmt":"2025-02-26T06:12:57","guid":{"rendered":"https:\/\/1xslots.cafe\/vi\/?page_id=499"},"modified":"2025-03-24T10:34:30","modified_gmt":"2025-03-24T10:34:30","slug":"apk","status":"publish","type":"page","link":"https:\/\/1xslots.cafe\/vi\/apk\/","title":{"rendered":"Apk"},"content":{"rendered":"","protected":false},"excerpt":{"rendered":"","protected":false},"author":1,"featured_media":0,"parent":0,"menu_order":0,"comment_status":"closed","ping_status":"closed","template":"","meta":{"footnotes":""},"class_list":["post-499","page","type-page","status-publish","hentry"],"yoast_head":"<!-- This site is optimized with the Yoast SEO plugin v23.4 - https:\/\/yoast.com\/wordpress\/plugins\/seo\/ -->\n<title>T\u1ea3i xu\u1ed1ng 1xSlots Apk cho Android: C\u00e1 c\u01b0\u1ee3c di \u0111\u1ed9ng nhanh ch\u00f3ng v\u00e0 an to\u00e0n<\/title>\n<meta name=\"description\" content=\"T\u1ea3i xu\u1ed1ng \u1ee9ng d\u1ee5ng 1xSlots Vi\u1ec7t Nam cho Android (APK) v\u00e0 t\u1eadn h\u01b0\u1edfng c\u00e1 c\u01b0\u1ee3c di \u0111\u1ed9ng nhanh ch\u00f3ng, an to\u00e0n v\u00e0 ti\u1ec7n l\u1ee3i. T\u1ea3i phi\u00ean b\u1ea3n m\u1edbi nh\u1ea5t v\u00e0 b\u1eaft \u0111\u1ea7u ch\u01a1i ngay h\u00f4m nay!\" \/>\n<meta name=\"robots\" content=\"index, follow, max-snippet:-1, max-image-preview:large, max-video-preview:-1\" \/>\n<meta property=\"og:locale\" content=\"vi_VN\" \/>\n<meta property=\"og:type\" content=\"article\" \/>\n<meta property=\"og:title\" content=\"T\u1ea3i xu\u1ed1ng 1xSlots Apk cho Android: C\u00e1 c\u01b0\u1ee3c di \u0111\u1ed9ng nhanh ch\u00f3ng v\u00e0 an to\u00e0n\" \/>\n<meta property=\"og:description\" content=\"T\u1ea3i xu\u1ed1ng \u1ee9ng d\u1ee5ng 1xSlots Vi\u1ec7t Nam cho Android (APK) v\u00e0 t\u1eadn h\u01b0\u1edfng c\u00e1 c\u01b0\u1ee3c di \u0111\u1ed9ng nhanh ch\u00f3ng, an to\u00e0n v\u00e0 ti\u1ec7n l\u1ee3i. T\u1ea3i phi\u00ean b\u1ea3n m\u1edbi nh\u1ea5t v\u00e0 b\u1eaft \u0111\u1ea7u ch\u01a1i ngay h\u00f4m nay!\" \/>\n<meta property=\"og:url\" content=\"https:\/\/1xslots.cafe\/vi\/apk\/\" \/>\n<meta property=\"og:site_name\" content=\"1xSlots vi\" \/>\n<meta property=\"article:modified_time\" content=\"2025-03-24T10:34:30+00:00\" \/>\n<meta name=\"twitter:card\" content=\"summary_large_image\" \/>\n<script type=\"application\/ld+json\" class=\"yoast-schema-graph\">{\"@context\":\"https:\/\/schema.org\",\"@graph\":[{\"@type\":\"WebPage\",\"@id\":\"https:\/\/1xslots.cafe\/vi\/apk\/\",\"url\":\"https:\/\/1xslots.cafe\/vi\/apk\/\",\"name\":\"T\u1ea3i xu\u1ed1ng 1xSlots Apk cho Android: C\u00e1 c\u01b0\u1ee3c di \u0111\u1ed9ng nhanh ch\u00f3ng v\u00e0 an to\u00e0n\",\"isPartOf\":{\"@id\":\"https:\/\/1xslots.cafe\/vi\/#website\"},\"datePublished\":\"2025-02-26T06:12:57+00:00\",\"dateModified\":\"2025-03-24T10:34:30+00:00\",\"description\":\"T\u1ea3i xu\u1ed1ng \u1ee9ng d\u1ee5ng 1xSlots Vi\u1ec7t Nam cho Android (APK) v\u00e0 t\u1eadn h\u01b0\u1edfng c\u00e1 c\u01b0\u1ee3c di \u0111\u1ed9ng nhanh ch\u00f3ng, an to\u00e0n v\u00e0 ti\u1ec7n l\u1ee3i. T\u1ea3i phi\u00ean b\u1ea3n m\u1edbi nh\u1ea5t v\u00e0 b\u1eaft \u0111\u1ea7u ch\u01a1i ngay h\u00f4m nay!\",\"breadcrumb\":{\"@id\":\"https:\/\/1xslots.cafe\/vi\/apk\/#breadcrumb\"},\"inLanguage\":\"vi\",\"potentialAction\":[{\"@type\":\"ReadAction\",\"target\":[\"https:\/\/1xslots.cafe\/vi\/apk\/\"]}]},{\"@type\":\"BreadcrumbList\",\"@id\":\"https:\/\/1xslots.cafe\/vi\/apk\/#breadcrumb\",\"itemListElement\":[{\"@type\":\"ListItem\",\"position\":1,\"name\":\"\u0413\u043b\u0430\u0432\u043d\u0430\u044f \u0441\u0442\u0440\u0430\u043d\u0438\u0446\u0430\",\"item\":\"https:\/\/1xslots.cafe\/vi\/\"},{\"@type\":\"ListItem\",\"position\":2,\"name\":\"Apk\"}]},{\"@type\":\"WebSite\",\"@id\":\"https:\/\/1xslots.cafe\/vi\/#website\",\"url\":\"https:\/\/1xslots.cafe\/vi\/\",\"name\":\"1xSlots vi\",\"description\":\"My WordPress Blog\",\"potentialAction\":[{\"@type\":\"SearchAction\",\"target\":{\"@type\":\"EntryPoint\",\"urlTemplate\":\"https:\/\/1xslots.cafe\/vi\/?s={search_term_string}\"},\"query-input\":{\"@type\":\"PropertyValueSpecification\",\"valueRequired\":true,\"valueName\":\"search_term_string\"}}],\"inLanguage\":\"vi\"}]}<\/script>\n<!-- \/ Yoast SEO plugin. -->","yoast_head_json":{"title":"T\u1ea3i xu\u1ed1ng 1xSlots Apk cho Android: C\u00e1 c\u01b0\u1ee3c di \u0111\u1ed9ng nhanh ch\u00f3ng v\u00e0 an to\u00e0n","description":"T\u1ea3i xu\u1ed1ng \u1ee9ng d\u1ee5ng 1xSlots Vi\u1ec7t Nam cho Android (APK) v\u00e0 t\u1eadn h\u01b0\u1edfng c\u00e1 c\u01b0\u1ee3c di \u0111\u1ed9ng nhanh ch\u00f3ng, an to\u00e0n v\u00e0 ti\u1ec7n l\u1ee3i. T\u1ea3i phi\u00ean b\u1ea3n m\u1edbi nh\u1ea5t v\u00e0 b\u1eaft \u0111\u1ea7u ch\u01a1i ngay h\u00f4m nay!","robots":{"index":"index","follow":"follow","max-snippet":"max-snippet:-1","max-image-preview":"max-image-preview:large","max-video-preview":"max-video-preview:-1"},"og_locale":"vi_VN","og_type":"article","og_title":"T\u1ea3i xu\u1ed1ng 1xSlots Apk cho Android: C\u00e1 c\u01b0\u1ee3c di \u0111\u1ed9ng nhanh ch\u00f3ng v\u00e0 an to\u00e0n","og_description":"T\u1ea3i xu\u1ed1ng \u1ee9ng d\u1ee5ng 1xSlots Vi\u1ec7t Nam cho Android (APK) v\u00e0 t\u1eadn h\u01b0\u1edfng c\u00e1 c\u01b0\u1ee3c di \u0111\u1ed9ng nhanh ch\u00f3ng, an to\u00e0n v\u00e0 ti\u1ec7n l\u1ee3i. T\u1ea3i phi\u00ean b\u1ea3n m\u1edbi nh\u1ea5t v\u00e0 b\u1eaft \u0111\u1ea7u ch\u01a1i ngay h\u00f4m nay!","og_url":"https:\/\/1xslots.cafe\/vi\/apk\/","og_site_name":"1xSlots vi","article_modified_time":"2025-03-24T10:34:30+00:00","twitter_card":"summary_large_image","schema":{"@context":"https:\/\/schema.org","@graph":[{"@type":"WebPage","@id":"https:\/\/1xslots.cafe\/vi\/apk\/","url":"https:\/\/1xslots.cafe\/vi\/apk\/","name":"T\u1ea3i xu\u1ed1ng 1xSlots Apk cho Android: C\u00e1 c\u01b0\u1ee3c di \u0111\u1ed9ng nhanh ch\u00f3ng v\u00e0 an to\u00e0n","isPartOf":{"@id":"https:\/\/1xslots.cafe\/vi\/#website"},"datePublished":"2025-02-26T06:12:57+00:00","dateModified":"2025-03-24T10:34:30+00:00","description":"T\u1ea3i xu\u1ed1ng \u1ee9ng d\u1ee5ng 1xSlots Vi\u1ec7t Nam cho Android (APK) v\u00e0 t\u1eadn h\u01b0\u1edfng c\u00e1 c\u01b0\u1ee3c di \u0111\u1ed9ng nhanh ch\u00f3ng, an to\u00e0n v\u00e0 ti\u1ec7n l\u1ee3i. T\u1ea3i phi\u00ean b\u1ea3n m\u1edbi nh\u1ea5t v\u00e0 b\u1eaft \u0111\u1ea7u ch\u01a1i ngay h\u00f4m nay!","breadcrumb":{"@id":"https:\/\/1xslots.cafe\/vi\/apk\/#breadcrumb"},"inLanguage":"vi","potentialAction":[{"@type":"ReadAction","target":["https:\/\/1xslots.cafe\/vi\/apk\/"]}]},{"@type":"BreadcrumbList","@id":"https:\/\/1xslots.cafe\/vi\/apk\/#breadcrumb","itemListElement":[{"@type":"ListItem","position":1,"name":"\u0413\u043b\u0430\u0432\u043d\u0430\u044f \u0441\u0442\u0440\u0430\u043d\u0438\u0446\u0430","item":"https:\/\/1xslots.cafe\/vi\/"},{"@type":"ListItem","position":2,"name":"Apk"}]},{"@type":"WebSite","@id":"https:\/\/1xslots.cafe\/vi\/#website","url":"https:\/\/1xslots.cafe\/vi\/","name":"1xSlots vi","description":"My WordPress Blog","potentialAction":[{"@type":"SearchAction","target":{"@type":"EntryPoint","urlTemplate":"https:\/\/1xslots.cafe\/vi\/?s={search_term_string}"},"query-input":{"@type":"PropertyValueSpecification","valueRequired":true,"valueName":"search_term_string"}}],"inLanguage":"vi"}]}},"_links":{"self":[{"href":"https:\/\/1xslots.cafe\/vi\/wp-json\/wp\/v2\/pages\/499"}],"collection":[{"href":"https:\/\/1xslots.cafe\/vi\/wp-json\/wp\/v2\/pages"}],"about":[{"href":"https:\/\/1xslots.cafe\/vi\/wp-json\/wp\/v2\/types\/page"}],"author":[{"embeddable":true,"href":"https:\/\/1xslots.cafe\/vi\/wp-json\/wp\/v2\/users\/1"}],"replies":[{"embeddable":true,"href":"https:\/\/1xslots.cafe\/vi\/wp-json\/wp\/v2\/comments?post=499"}],"version-history":[{"count":7,"href":"https:\/\/1xslots.cafe\/vi\/wp-json\/wp\/v2\/pages\/499\/revisions"}],"predecessor-version":[{"id":580,"href":"https:\/\/1xslots.cafe\/vi\/wp-json\/wp\/v2\/pages\/499\/revisions\/580"}],"wp:attachment":[{"href":"https:\/\/1xslots.cafe\/vi\/wp-json\/wp\/v2\/media?parent=499"}],"curies":[{"name":"wp","href":"https:\/\/api.w.org\/{rel}","templated":true}]}}