{"id":403,"date":"2024-10-07T14:32:21","date_gmt":"2024-10-07T14:32:21","guid":{"rendered":"https:\/\/1xslots.cafe\/vi\/?page_id=403"},"modified":"2025-03-24T12:22:23","modified_gmt":"2025-03-24T12:22:23","slug":"casino","status":"publish","type":"page","link":"https:\/\/1xslots.cafe\/vi\/casino\/","title":{"rendered":"S\u00f2ng b\u1ea1c"},"content":{"rendered":"","protected":false},"excerpt":{"rendered":"","protected":false},"author":1,"featured_media":0,"parent":0,"menu_order":0,"comment_status":"closed","ping_status":"closed","template":"","meta":{"footnotes":""},"class_list":["post-403","page","type-page","status-publish","hentry"],"yoast_head":"<!-- This site is optimized with the Yoast SEO plugin v23.4 - https:\/\/yoast.com\/wordpress\/plugins\/seo\/ -->\n<title>1xSlots Vi\u1ec7t Nam S\u00f2ng b\u1ea1c \u1409 Ch\u01a1i tr\u00f2 ch\u01a1i b\u1eb1ng ti\u1ec1n th\u1eadt<\/title>\n<meta name=\"description\" content=\"1xSlots l\u00e0 m\u1ed9t trang web s\u00f2ng b\u1ea1c cung c\u1ea5p nhi\u1ec1u tr\u00f2 ch\u01a1i h\u00e0ng \u0111\u1ea7u bao g\u1ed3m m\u00e1y \u0111\u00e1nh b\u1ea1c, tr\u00f2 ch\u01a1i tr\u00ean b\u00e0n v\u00e0 tr\u00f2 ch\u01a1i c\u00f3 ng\u01b0\u1eddi chia b\u00e0i tr\u1ef1c ti\u1ebfp. Ch\u01a1i t\u1ea1i S\u00f2ng b\u1ea1c tr\u1ef1c ti\u1ebfp 1xSlots v\u00e0 nh\u1eadn ti\u1ec1n th\u01b0\u1edfng g\u1eedi ti\u1ec1n \u0111\u1ea7u ti\u00ean c\u1ee7a 1xSlots\" \/>\n<meta name=\"robots\" content=\"index, follow, max-snippet:-1, max-image-preview:large, max-video-preview:-1\" \/>\n<meta property=\"og:locale\" content=\"vi_VN\" \/>\n<meta property=\"og:type\" content=\"article\" \/>\n<meta property=\"og:title\" content=\"1xSlots Vi\u1ec7t Nam S\u00f2ng b\u1ea1c \u1409 Ch\u01a1i tr\u00f2 ch\u01a1i b\u1eb1ng ti\u1ec1n th\u1eadt\" \/>\n<meta property=\"og:description\" content=\"1xSlots l\u00e0 m\u1ed9t trang web s\u00f2ng b\u1ea1c cung c\u1ea5p nhi\u1ec1u tr\u00f2 ch\u01a1i h\u00e0ng \u0111\u1ea7u bao g\u1ed3m m\u00e1y \u0111\u00e1nh b\u1ea1c, tr\u00f2 ch\u01a1i tr\u00ean b\u00e0n v\u00e0 tr\u00f2 ch\u01a1i c\u00f3 ng\u01b0\u1eddi chia b\u00e0i tr\u1ef1c ti\u1ebfp. Ch\u01a1i t\u1ea1i S\u00f2ng b\u1ea1c tr\u1ef1c ti\u1ebfp 1xSlots v\u00e0 nh\u1eadn ti\u1ec1n th\u01b0\u1edfng g\u1eedi ti\u1ec1n \u0111\u1ea7u ti\u00ean c\u1ee7a 1xSlots\" \/>\n<meta property=\"og:url\" content=\"https:\/\/1xslots.cafe\/vi\/casino\/\" \/>\n<meta property=\"og:site_name\" content=\"1xSlots vi\" \/>\n<meta property=\"article:modified_time\" content=\"2025-03-24T12:22:23+00:00\" \/>\n<meta name=\"twitter:card\" content=\"summary_large_image\" \/>\n<script type=\"application\/ld+json\" class=\"yoast-schema-graph\">{\"@context\":\"https:\/\/schema.org\",\"@graph\":[{\"@type\":\"WebPage\",\"@id\":\"https:\/\/1xslots.cafe\/vi\/casino\/\",\"url\":\"https:\/\/1xslots.cafe\/vi\/casino\/\",\"name\":\"1xSlots Vi\u1ec7t Nam S\u00f2ng b\u1ea1c \u1409 Ch\u01a1i tr\u00f2 ch\u01a1i b\u1eb1ng ti\u1ec1n th\u1eadt\",\"isPartOf\":{\"@id\":\"https:\/\/1xslots.cafe\/vi\/#website\"},\"datePublished\":\"2024-10-07T14:32:21+00:00\",\"dateModified\":\"2025-03-24T12:22:23+00:00\",\"description\":\"1xSlots l\u00e0 m\u1ed9t trang web s\u00f2ng b\u1ea1c cung c\u1ea5p nhi\u1ec1u tr\u00f2 ch\u01a1i h\u00e0ng \u0111\u1ea7u bao g\u1ed3m m\u00e1y \u0111\u00e1nh b\u1ea1c, tr\u00f2 ch\u01a1i tr\u00ean b\u00e0n v\u00e0 tr\u00f2 ch\u01a1i c\u00f3 ng\u01b0\u1eddi chia b\u00e0i tr\u1ef1c ti\u1ebfp. Ch\u01a1i t\u1ea1i S\u00f2ng b\u1ea1c tr\u1ef1c ti\u1ebfp 1xSlots v\u00e0 nh\u1eadn ti\u1ec1n th\u01b0\u1edfng g\u1eedi ti\u1ec1n \u0111\u1ea7u ti\u00ean c\u1ee7a 1xSlots\",\"breadcrumb\":{\"@id\":\"https:\/\/1xslots.cafe\/vi\/casino\/#breadcrumb\"},\"inLanguage\":\"vi\",\"potentialAction\":[{\"@type\":\"ReadAction\",\"target\":[\"https:\/\/1xslots.cafe\/vi\/casino\/\"]}]},{\"@type\":\"BreadcrumbList\",\"@id\":\"https:\/\/1xslots.cafe\/vi\/casino\/#breadcrumb\",\"itemListElement\":[{\"@type\":\"ListItem\",\"position\":1,\"name\":\"\u0413\u043b\u0430\u0432\u043d\u0430\u044f \u0441\u0442\u0440\u0430\u043d\u0438\u0446\u0430\",\"item\":\"https:\/\/1xslots.cafe\/vi\/\"},{\"@type\":\"ListItem\",\"position\":2,\"name\":\"S\u00f2ng b\u1ea1c\"}]},{\"@type\":\"WebSite\",\"@id\":\"https:\/\/1xslots.cafe\/vi\/#website\",\"url\":\"https:\/\/1xslots.cafe\/vi\/\",\"name\":\"1xSlots vi\",\"description\":\"My WordPress Blog\",\"potentialAction\":[{\"@type\":\"SearchAction\",\"target\":{\"@type\":\"EntryPoint\",\"urlTemplate\":\"https:\/\/1xslots.cafe\/vi\/?s={search_term_string}\"},\"query-input\":{\"@type\":\"PropertyValueSpecification\",\"valueRequired\":true,\"valueName\":\"search_term_string\"}}],\"inLanguage\":\"vi\"}]}<\/script>\n<!-- \/ Yoast SEO plugin. -->","yoast_head_json":{"title":"1xSlots Vi\u1ec7t Nam S\u00f2ng b\u1ea1c \u1409 Ch\u01a1i tr\u00f2 ch\u01a1i b\u1eb1ng ti\u1ec1n th\u1eadt","description":"1xSlots l\u00e0 m\u1ed9t trang web s\u00f2ng b\u1ea1c cung c\u1ea5p nhi\u1ec1u tr\u00f2 ch\u01a1i h\u00e0ng \u0111\u1ea7u bao g\u1ed3m m\u00e1y \u0111\u00e1nh b\u1ea1c, tr\u00f2 ch\u01a1i tr\u00ean b\u00e0n v\u00e0 tr\u00f2 ch\u01a1i c\u00f3 ng\u01b0\u1eddi chia b\u00e0i tr\u1ef1c ti\u1ebfp. Ch\u01a1i t\u1ea1i S\u00f2ng b\u1ea1c tr\u1ef1c ti\u1ebfp 1xSlots v\u00e0 nh\u1eadn ti\u1ec1n th\u01b0\u1edfng g\u1eedi ti\u1ec1n \u0111\u1ea7u ti\u00ean c\u1ee7a 1xSlots","robots":{"index":"index","follow":"follow","max-snippet":"max-snippet:-1","max-image-preview":"max-image-preview:large","max-video-preview":"max-video-preview:-1"},"og_locale":"vi_VN","og_type":"article","og_title":"1xSlots Vi\u1ec7t Nam S\u00f2ng b\u1ea1c \u1409 Ch\u01a1i tr\u00f2 ch\u01a1i b\u1eb1ng ti\u1ec1n th\u1eadt","og_description":"1xSlots l\u00e0 m\u1ed9t trang web s\u00f2ng b\u1ea1c cung c\u1ea5p nhi\u1ec1u tr\u00f2 ch\u01a1i h\u00e0ng \u0111\u1ea7u bao g\u1ed3m m\u00e1y \u0111\u00e1nh b\u1ea1c, tr\u00f2 ch\u01a1i tr\u00ean b\u00e0n v\u00e0 tr\u00f2 ch\u01a1i c\u00f3 ng\u01b0\u1eddi chia b\u00e0i tr\u1ef1c ti\u1ebfp. Ch\u01a1i t\u1ea1i S\u00f2ng b\u1ea1c tr\u1ef1c ti\u1ebfp 1xSlots v\u00e0 nh\u1eadn ti\u1ec1n th\u01b0\u1edfng g\u1eedi ti\u1ec1n \u0111\u1ea7u ti\u00ean c\u1ee7a 1xSlots","og_url":"https:\/\/1xslots.cafe\/vi\/casino\/","og_site_name":"1xSlots vi","article_modified_time":"2025-03-24T12:22:23+00:00","twitter_card":"summary_large_image","schema":{"@context":"https:\/\/schema.org","@graph":[{"@type":"WebPage","@id":"https:\/\/1xslots.cafe\/vi\/casino\/","url":"https:\/\/1xslots.cafe\/vi\/casino\/","name":"1xSlots Vi\u1ec7t Nam S\u00f2ng b\u1ea1c \u1409 Ch\u01a1i tr\u00f2 ch\u01a1i b\u1eb1ng ti\u1ec1n th\u1eadt","isPartOf":{"@id":"https:\/\/1xslots.cafe\/vi\/#website"},"datePublished":"2024-10-07T14:32:21+00:00","dateModified":"2025-03-24T12:22:23+00:00","description":"1xSlots l\u00e0 m\u1ed9t trang web s\u00f2ng b\u1ea1c cung c\u1ea5p nhi\u1ec1u tr\u00f2 ch\u01a1i h\u00e0ng \u0111\u1ea7u bao g\u1ed3m m\u00e1y \u0111\u00e1nh b\u1ea1c, tr\u00f2 ch\u01a1i tr\u00ean b\u00e0n v\u00e0 tr\u00f2 ch\u01a1i c\u00f3 ng\u01b0\u1eddi chia b\u00e0i tr\u1ef1c ti\u1ebfp. Ch\u01a1i t\u1ea1i S\u00f2ng b\u1ea1c tr\u1ef1c ti\u1ebfp 1xSlots v\u00e0 nh\u1eadn ti\u1ec1n th\u01b0\u1edfng g\u1eedi ti\u1ec1n \u0111\u1ea7u ti\u00ean c\u1ee7a 1xSlots","breadcrumb":{"@id":"https:\/\/1xslots.cafe\/vi\/casino\/#breadcrumb"},"inLanguage":"vi","potentialAction":[{"@type":"ReadAction","target":["https:\/\/1xslots.cafe\/vi\/casino\/"]}]},{"@type":"BreadcrumbList","@id":"https:\/\/1xslots.cafe\/vi\/casino\/#breadcrumb","itemListElement":[{"@type":"ListItem","position":1,"name":"\u0413\u043b\u0430\u0432\u043d\u0430\u044f \u0441\u0442\u0440\u0430\u043d\u0438\u0446\u0430","item":"https:\/\/1xslots.cafe\/vi\/"},{"@type":"ListItem","position":2,"name":"S\u00f2ng b\u1ea1c"}]},{"@type":"WebSite","@id":"https:\/\/1xslots.cafe\/vi\/#website","url":"https:\/\/1xslots.cafe\/vi\/","name":"1xSlots vi","description":"My WordPress Blog","potentialAction":[{"@type":"SearchAction","target":{"@type":"EntryPoint","urlTemplate":"https:\/\/1xslots.cafe\/vi\/?s={search_term_string}"},"query-input":{"@type":"PropertyValueSpecification","valueRequired":true,"valueName":"search_term_string"}}],"inLanguage":"vi"}]}},"_links":{"self":[{"href":"https:\/\/1xslots.cafe\/vi\/wp-json\/wp\/v2\/pages\/403"}],"collection":[{"href":"https:\/\/1xslots.cafe\/vi\/wp-json\/wp\/v2\/pages"}],"about":[{"href":"https:\/\/1xslots.cafe\/vi\/wp-json\/wp\/v2\/types\/page"}],"author":[{"embeddable":true,"href":"https:\/\/1xslots.cafe\/vi\/wp-json\/wp\/v2\/users\/1"}],"replies":[{"embeddable":true,"href":"https:\/\/1xslots.cafe\/vi\/wp-json\/wp\/v2\/comments?post=403"}],"version-history":[{"count":8,"href":"https:\/\/1xslots.cafe\/vi\/wp-json\/wp\/v2\/pages\/403\/revisions"}],"predecessor-version":[{"id":585,"href":"https:\/\/1xslots.cafe\/vi\/wp-json\/wp\/v2\/pages\/403\/revisions\/585"}],"wp:attachment":[{"href":"https:\/\/1xslots.cafe\/vi\/wp-json\/wp\/v2\/media?parent=403"}],"curies":[{"name":"wp","href":"https:\/\/api.w.org\/{rel}","templated":true}]}}