{"id":2,"date":"2023-05-18T17:18:34","date_gmt":"2023-05-18T17:18:34","guid":{"rendered":"https:\/\/1xslots.cafe\/vi\/?page_id=2"},"modified":"2025-03-24T13:36:14","modified_gmt":"2025-03-24T13:36:14","slug":"sample-page","status":"publish","type":"page","link":"https:\/\/1xslots.cafe\/vi\/","title":{"rendered":"Trang ch\u1ee7"},"content":{"rendered":"","protected":false},"excerpt":{"rendered":"","protected":false},"author":1,"featured_media":0,"parent":0,"menu_order":0,"comment_status":"closed","ping_status":"open","template":"","meta":{"footnotes":""},"class_list":["post-2","page","type-page","status-publish","hentry"],"yoast_head":"<!-- This site is optimized with the Yoast SEO plugin v23.4 - https:\/\/yoast.com\/wordpress\/plugins\/seo\/ -->\n<title>S\u00f2ng b\u1ea1c tr\u1ef1c tuy\u1ebfn 1xSlots | \u0110\u0103ng k\u00fd v\u00e0 nh\u1eadn ti\u1ec1n th\u01b0\u1edfng<\/title>\n<meta name=\"description\" content=\"Ti\u1ec1n th\u01b0\u1edfng ch\u00e0o m\u1eebng v\u00e0 V\u00f2ng quay mi\u1ec5n ph\u00ed cho ng\u01b0\u1eddi ch\u01a1i m\u1edbi \u2714\ufe0f Poker, Roulette, Slots, Ng\u01b0\u1eddi chia b\u00e0i tr\u1ef1c ti\u1ebfp &amp; Tr\u00f2 ch\u01a1i s\u00f2ng b\u1ea1c mi\u1ec5n ph\u00ed | Ch\u01a1i v\u00e0 gi\u00e0nh chi\u1ebfn th\u1eafng t\u1ea1i S\u00f2ng b\u1ea1c 1xSlots Vi\u1ec7t Nam!\" \/>\n<meta name=\"robots\" content=\"index, follow, max-snippet:-1, max-image-preview:large, max-video-preview:-1\" \/>\n<meta property=\"og:locale\" content=\"vi_VN\" \/>\n<meta property=\"og:type\" content=\"article\" \/>\n<meta property=\"og:title\" content=\"S\u00f2ng b\u1ea1c tr\u1ef1c tuy\u1ebfn 1xSlots | \u0110\u0103ng k\u00fd v\u00e0 nh\u1eadn ti\u1ec1n th\u01b0\u1edfng\" \/>\n<meta property=\"og:description\" content=\"Ti\u1ec1n th\u01b0\u1edfng ch\u00e0o m\u1eebng v\u00e0 V\u00f2ng quay mi\u1ec5n ph\u00ed cho ng\u01b0\u1eddi ch\u01a1i m\u1edbi \u2714\ufe0f Poker, Roulette, Slots, Ng\u01b0\u1eddi chia b\u00e0i tr\u1ef1c ti\u1ebfp &amp; Tr\u00f2 ch\u01a1i s\u00f2ng b\u1ea1c mi\u1ec5n ph\u00ed | Ch\u01a1i v\u00e0 gi\u00e0nh chi\u1ebfn th\u1eafng t\u1ea1i S\u00f2ng b\u1ea1c 1xSlots Vi\u1ec7t Nam!\" \/>\n<meta property=\"og:url\" content=\"https:\/\/1xslots.cafe\/vi\/\" \/>\n<meta property=\"og:site_name\" content=\"1xSlots vi\" \/>\n<meta property=\"article:modified_time\" content=\"2025-03-24T13:36:14+00:00\" \/>\n<meta name=\"twitter:card\" content=\"summary_large_image\" \/>\n<script type=\"application\/ld+json\" class=\"yoast-schema-graph\">{\"@context\":\"https:\/\/schema.org\",\"@graph\":[{\"@type\":\"WebPage\",\"@id\":\"https:\/\/1xslots.cafe\/vi\/\",\"url\":\"https:\/\/1xslots.cafe\/vi\/\",\"name\":\"S\u00f2ng b\u1ea1c tr\u1ef1c tuy\u1ebfn 1xSlots | \u0110\u0103ng k\u00fd v\u00e0 nh\u1eadn ti\u1ec1n th\u01b0\u1edfng\",\"isPartOf\":{\"@id\":\"https:\/\/1xslots.cafe\/vi\/#website\"},\"datePublished\":\"2023-05-18T17:18:34+00:00\",\"dateModified\":\"2025-03-24T13:36:14+00:00\",\"description\":\"Ti\u1ec1n th\u01b0\u1edfng ch\u00e0o m\u1eebng v\u00e0 V\u00f2ng quay mi\u1ec5n ph\u00ed cho ng\u01b0\u1eddi ch\u01a1i m\u1edbi \u2714\ufe0f Poker, Roulette, Slots, Ng\u01b0\u1eddi chia b\u00e0i tr\u1ef1c ti\u1ebfp & Tr\u00f2 ch\u01a1i s\u00f2ng b\u1ea1c mi\u1ec5n ph\u00ed | Ch\u01a1i v\u00e0 gi\u00e0nh chi\u1ebfn th\u1eafng t\u1ea1i S\u00f2ng b\u1ea1c 1xSlots Vi\u1ec7t Nam!\",\"breadcrumb\":{\"@id\":\"https:\/\/1xslots.cafe\/vi\/#breadcrumb\"},\"inLanguage\":\"vi\",\"potentialAction\":[{\"@type\":\"ReadAction\",\"target\":[\"https:\/\/1xslots.cafe\/vi\/\"]}]},{\"@type\":\"BreadcrumbList\",\"@id\":\"https:\/\/1xslots.cafe\/vi\/#breadcrumb\",\"itemListElement\":[{\"@type\":\"ListItem\",\"position\":1,\"name\":\"\u0413\u043b\u0430\u0432\u043d\u0430\u044f \u0441\u0442\u0440\u0430\u043d\u0438\u0446\u0430\",\"item\":\"https:\/\/1xslots.cafe\/vi\/\"},{\"@type\":\"ListItem\",\"position\":2,\"name\":\"Trang ch\u1ee7\"}]},{\"@type\":\"WebSite\",\"@id\":\"https:\/\/1xslots.cafe\/vi\/#website\",\"url\":\"https:\/\/1xslots.cafe\/vi\/\",\"name\":\"1xSlots vi\",\"description\":\"My WordPress Blog\",\"potentialAction\":[{\"@type\":\"SearchAction\",\"target\":{\"@type\":\"EntryPoint\",\"urlTemplate\":\"https:\/\/1xslots.cafe\/vi\/?s={search_term_string}\"},\"query-input\":{\"@type\":\"PropertyValueSpecification\",\"valueRequired\":true,\"valueName\":\"search_term_string\"}}],\"inLanguage\":\"vi\"}]}<\/script>\n<!-- \/ Yoast SEO plugin. -->","yoast_head_json":{"title":"S\u00f2ng b\u1ea1c tr\u1ef1c tuy\u1ebfn 1xSlots | \u0110\u0103ng k\u00fd v\u00e0 nh\u1eadn ti\u1ec1n th\u01b0\u1edfng","description":"Ti\u1ec1n th\u01b0\u1edfng ch\u00e0o m\u1eebng v\u00e0 V\u00f2ng quay mi\u1ec5n ph\u00ed cho ng\u01b0\u1eddi ch\u01a1i m\u1edbi \u2714\ufe0f Poker, Roulette, Slots, Ng\u01b0\u1eddi chia b\u00e0i tr\u1ef1c ti\u1ebfp & Tr\u00f2 ch\u01a1i s\u00f2ng b\u1ea1c mi\u1ec5n ph\u00ed | Ch\u01a1i v\u00e0 gi\u00e0nh chi\u1ebfn th\u1eafng t\u1ea1i S\u00f2ng b\u1ea1c 1xSlots Vi\u1ec7t Nam!","robots":{"index":"index","follow":"follow","max-snippet":"max-snippet:-1","max-image-preview":"max-image-preview:large","max-video-preview":"max-video-preview:-1"},"og_locale":"vi_VN","og_type":"article","og_title":"S\u00f2ng b\u1ea1c tr\u1ef1c tuy\u1ebfn 1xSlots | \u0110\u0103ng k\u00fd v\u00e0 nh\u1eadn ti\u1ec1n th\u01b0\u1edfng","og_description":"Ti\u1ec1n th\u01b0\u1edfng ch\u00e0o m\u1eebng v\u00e0 V\u00f2ng quay mi\u1ec5n ph\u00ed cho ng\u01b0\u1eddi ch\u01a1i m\u1edbi \u2714\ufe0f Poker, Roulette, Slots, Ng\u01b0\u1eddi chia b\u00e0i tr\u1ef1c ti\u1ebfp & Tr\u00f2 ch\u01a1i s\u00f2ng b\u1ea1c mi\u1ec5n ph\u00ed | Ch\u01a1i v\u00e0 gi\u00e0nh chi\u1ebfn th\u1eafng t\u1ea1i S\u00f2ng b\u1ea1c 1xSlots Vi\u1ec7t Nam!","og_url":"https:\/\/1xslots.cafe\/vi\/","og_site_name":"1xSlots vi","article_modified_time":"2025-03-24T13:36:14+00:00","twitter_card":"summary_large_image","schema":{"@context":"https:\/\/schema.org","@graph":[{"@type":"WebPage","@id":"https:\/\/1xslots.cafe\/vi\/","url":"https:\/\/1xslots.cafe\/vi\/","name":"S\u00f2ng b\u1ea1c tr\u1ef1c tuy\u1ebfn 1xSlots | \u0110\u0103ng k\u00fd v\u00e0 nh\u1eadn ti\u1ec1n th\u01b0\u1edfng","isPartOf":{"@id":"https:\/\/1xslots.cafe\/vi\/#website"},"datePublished":"2023-05-18T17:18:34+00:00","dateModified":"2025-03-24T13:36:14+00:00","description":"Ti\u1ec1n th\u01b0\u1edfng ch\u00e0o m\u1eebng v\u00e0 V\u00f2ng quay mi\u1ec5n ph\u00ed cho ng\u01b0\u1eddi ch\u01a1i m\u1edbi \u2714\ufe0f Poker, Roulette, Slots, Ng\u01b0\u1eddi chia b\u00e0i tr\u1ef1c ti\u1ebfp & Tr\u00f2 ch\u01a1i s\u00f2ng b\u1ea1c mi\u1ec5n ph\u00ed | Ch\u01a1i v\u00e0 gi\u00e0nh chi\u1ebfn th\u1eafng t\u1ea1i S\u00f2ng b\u1ea1c 1xSlots Vi\u1ec7t Nam!","breadcrumb":{"@id":"https:\/\/1xslots.cafe\/vi\/#breadcrumb"},"inLanguage":"vi","potentialAction":[{"@type":"ReadAction","target":["https:\/\/1xslots.cafe\/vi\/"]}]},{"@type":"BreadcrumbList","@id":"https:\/\/1xslots.cafe\/vi\/#breadcrumb","itemListElement":[{"@type":"ListItem","position":1,"name":"\u0413\u043b\u0430\u0432\u043d\u0430\u044f \u0441\u0442\u0440\u0430\u043d\u0438\u0446\u0430","item":"https:\/\/1xslots.cafe\/vi\/"},{"@type":"ListItem","position":2,"name":"Trang ch\u1ee7"}]},{"@type":"WebSite","@id":"https:\/\/1xslots.cafe\/vi\/#website","url":"https:\/\/1xslots.cafe\/vi\/","name":"1xSlots vi","description":"My WordPress Blog","potentialAction":[{"@type":"SearchAction","target":{"@type":"EntryPoint","urlTemplate":"https:\/\/1xslots.cafe\/vi\/?s={search_term_string}"},"query-input":{"@type":"PropertyValueSpecification","valueRequired":true,"valueName":"search_term_string"}}],"inLanguage":"vi"}]}},"_links":{"self":[{"href":"https:\/\/1xslots.cafe\/vi\/wp-json\/wp\/v2\/pages\/2"}],"collection":[{"href":"https:\/\/1xslots.cafe\/vi\/wp-json\/wp\/v2\/pages"}],"about":[{"href":"https:\/\/1xslots.cafe\/vi\/wp-json\/wp\/v2\/types\/page"}],"author":[{"embeddable":true,"href":"https:\/\/1xslots.cafe\/vi\/wp-json\/wp\/v2\/users\/1"}],"replies":[{"embeddable":true,"href":"https:\/\/1xslots.cafe\/vi\/wp-json\/wp\/v2\/comments?post=2"}],"version-history":[{"count":108,"href":"https:\/\/1xslots.cafe\/vi\/wp-json\/wp\/v2\/pages\/2\/revisions"}],"predecessor-version":[{"id":594,"href":"https:\/\/1xslots.cafe\/vi\/wp-json\/wp\/v2\/pages\/2\/revisions\/594"}],"wp:attachment":[{"href":"https:\/\/1xslots.cafe\/vi\/wp-json\/wp\/v2\/media?parent=2"}],"curies":[{"name":"wp","href":"https:\/\/api.w.org\/{rel}","templated":true}]}}