{"id":152,"date":"2023-05-18T17:39:43","date_gmt":"2023-05-18T17:39:43","guid":{"rendered":"https:\/\/1xslots.cafe\/vi\/?page_id=152"},"modified":"2025-03-24T12:06:47","modified_gmt":"2025-03-24T12:06:47","slug":"bonus","status":"publish","type":"page","link":"https:\/\/1xslots.cafe\/vi\/bonus\/","title":{"rendered":"Th\u01b0\u1edfng"},"content":{"rendered":"","protected":false},"excerpt":{"rendered":"","protected":false},"author":1,"featured_media":0,"parent":0,"menu_order":0,"comment_status":"closed","ping_status":"closed","template":"","meta":{"footnotes":""},"class_list":["post-152","page","type-page","status-publish","hentry"],"yoast_head":"<!-- This site is optimized with the Yoast SEO plugin v23.4 - https:\/\/yoast.com\/wordpress\/plugins\/seo\/ -->\n<title>Ti\u1ec1n th\u01b0\u1edfng v\u00e0 khuy\u1ebfn m\u00e3i c\u1ee7a s\u00f2ng b\u1ea1c 1xSlots n\u0103m 2025<\/title>\n<meta name=\"description\" content=\"Khuy\u1ebfn m\u00e3i ch\u00e0o m\u1eebng, ho\u00e0n ti\u1ec1n v\u00e0 c\u00e1c kho\u1ea3n ti\u1ec1n th\u01b0\u1edfng kh\u00e1c t\u1ea1i S\u00f2ng b\u1ea1c 1xSlots \u2713 Nhi\u1ec1u c\u01a1 h\u1ed9i gi\u00e0nh chi\u1ebfn th\u1eafng l\u1edbn t\u1ea1i S\u00f2ng b\u1ea1c 1xSlots Vi\u1ec7t Nam \u26a1\ufe0f Ti\u1ec1n th\u01b0\u1edfng ch\u00e0o m\u1eebng c\u00f9ng V\u00f2ng quay mi\u1ec5n ph\u00ed v\u00e0 nhi\u1ec1u h\u01a1n n\u1eefa \u0111\u00e3 c\u00f3 t\u1ea1i \u0111\u00e2y!\" \/>\n<meta name=\"robots\" content=\"index, follow, max-snippet:-1, max-image-preview:large, max-video-preview:-1\" \/>\n<meta property=\"og:locale\" content=\"vi_VN\" \/>\n<meta property=\"og:type\" content=\"article\" \/>\n<meta property=\"og:title\" content=\"Ti\u1ec1n th\u01b0\u1edfng v\u00e0 khuy\u1ebfn m\u00e3i c\u1ee7a s\u00f2ng b\u1ea1c 1xSlots n\u0103m 2025\" \/>\n<meta property=\"og:description\" content=\"Khuy\u1ebfn m\u00e3i ch\u00e0o m\u1eebng, ho\u00e0n ti\u1ec1n v\u00e0 c\u00e1c kho\u1ea3n ti\u1ec1n th\u01b0\u1edfng kh\u00e1c t\u1ea1i S\u00f2ng b\u1ea1c 1xSlots \u2713 Nhi\u1ec1u c\u01a1 h\u1ed9i gi\u00e0nh chi\u1ebfn th\u1eafng l\u1edbn t\u1ea1i S\u00f2ng b\u1ea1c 1xSlots Vi\u1ec7t Nam \u26a1\ufe0f Ti\u1ec1n th\u01b0\u1edfng ch\u00e0o m\u1eebng c\u00f9ng V\u00f2ng quay mi\u1ec5n ph\u00ed v\u00e0 nhi\u1ec1u h\u01a1n n\u1eefa \u0111\u00e3 c\u00f3 t\u1ea1i \u0111\u00e2y!\" \/>\n<meta property=\"og:url\" content=\"https:\/\/1xslots.cafe\/vi\/bonus\/\" \/>\n<meta property=\"og:site_name\" content=\"1xSlots vi\" \/>\n<meta property=\"article:modified_time\" content=\"2025-03-24T12:06:47+00:00\" \/>\n<meta name=\"twitter:card\" content=\"summary_large_image\" \/>\n<script type=\"application\/ld+json\" class=\"yoast-schema-graph\">{\"@context\":\"https:\/\/schema.org\",\"@graph\":[{\"@type\":\"WebPage\",\"@id\":\"https:\/\/1xslots.cafe\/vi\/bonus\/\",\"url\":\"https:\/\/1xslots.cafe\/vi\/bonus\/\",\"name\":\"Ti\u1ec1n th\u01b0\u1edfng v\u00e0 khuy\u1ebfn m\u00e3i c\u1ee7a s\u00f2ng b\u1ea1c 1xSlots n\u0103m 2025\",\"isPartOf\":{\"@id\":\"https:\/\/1xslots.cafe\/vi\/#website\"},\"datePublished\":\"2023-05-18T17:39:43+00:00\",\"dateModified\":\"2025-03-24T12:06:47+00:00\",\"description\":\"Khuy\u1ebfn m\u00e3i ch\u00e0o m\u1eebng, ho\u00e0n ti\u1ec1n v\u00e0 c\u00e1c kho\u1ea3n ti\u1ec1n th\u01b0\u1edfng kh\u00e1c t\u1ea1i S\u00f2ng b\u1ea1c 1xSlots \u2713 Nhi\u1ec1u c\u01a1 h\u1ed9i gi\u00e0nh chi\u1ebfn th\u1eafng l\u1edbn t\u1ea1i S\u00f2ng b\u1ea1c 1xSlots Vi\u1ec7t Nam \u26a1\ufe0f Ti\u1ec1n th\u01b0\u1edfng ch\u00e0o m\u1eebng c\u00f9ng V\u00f2ng quay mi\u1ec5n ph\u00ed v\u00e0 nhi\u1ec1u h\u01a1n n\u1eefa \u0111\u00e3 c\u00f3 t\u1ea1i \u0111\u00e2y!\",\"breadcrumb\":{\"@id\":\"https:\/\/1xslots.cafe\/vi\/bonus\/#breadcrumb\"},\"inLanguage\":\"vi\",\"potentialAction\":[{\"@type\":\"ReadAction\",\"target\":[\"https:\/\/1xslots.cafe\/vi\/bonus\/\"]}]},{\"@type\":\"BreadcrumbList\",\"@id\":\"https:\/\/1xslots.cafe\/vi\/bonus\/#breadcrumb\",\"itemListElement\":[{\"@type\":\"ListItem\",\"position\":1,\"name\":\"\u0413\u043b\u0430\u0432\u043d\u0430\u044f \u0441\u0442\u0440\u0430\u043d\u0438\u0446\u0430\",\"item\":\"https:\/\/1xslots.cafe\/vi\/\"},{\"@type\":\"ListItem\",\"position\":2,\"name\":\"Th\u01b0\u1edfng\"}]},{\"@type\":\"WebSite\",\"@id\":\"https:\/\/1xslots.cafe\/vi\/#website\",\"url\":\"https:\/\/1xslots.cafe\/vi\/\",\"name\":\"1xSlots vi\",\"description\":\"My WordPress Blog\",\"potentialAction\":[{\"@type\":\"SearchAction\",\"target\":{\"@type\":\"EntryPoint\",\"urlTemplate\":\"https:\/\/1xslots.cafe\/vi\/?s={search_term_string}\"},\"query-input\":{\"@type\":\"PropertyValueSpecification\",\"valueRequired\":true,\"valueName\":\"search_term_string\"}}],\"inLanguage\":\"vi\"}]}<\/script>\n<!-- \/ Yoast SEO plugin. -->","yoast_head_json":{"title":"Ti\u1ec1n th\u01b0\u1edfng v\u00e0 khuy\u1ebfn m\u00e3i c\u1ee7a s\u00f2ng b\u1ea1c 1xSlots n\u0103m 2025","description":"Khuy\u1ebfn m\u00e3i ch\u00e0o m\u1eebng, ho\u00e0n ti\u1ec1n v\u00e0 c\u00e1c kho\u1ea3n ti\u1ec1n th\u01b0\u1edfng kh\u00e1c t\u1ea1i S\u00f2ng b\u1ea1c 1xSlots \u2713 Nhi\u1ec1u c\u01a1 h\u1ed9i gi\u00e0nh chi\u1ebfn th\u1eafng l\u1edbn t\u1ea1i S\u00f2ng b\u1ea1c 1xSlots Vi\u1ec7t Nam \u26a1\ufe0f Ti\u1ec1n th\u01b0\u1edfng ch\u00e0o m\u1eebng c\u00f9ng V\u00f2ng quay mi\u1ec5n ph\u00ed v\u00e0 nhi\u1ec1u h\u01a1n n\u1eefa \u0111\u00e3 c\u00f3 t\u1ea1i \u0111\u00e2y!","robots":{"index":"index","follow":"follow","max-snippet":"max-snippet:-1","max-image-preview":"max-image-preview:large","max-video-preview":"max-video-preview:-1"},"og_locale":"vi_VN","og_type":"article","og_title":"Ti\u1ec1n th\u01b0\u1edfng v\u00e0 khuy\u1ebfn m\u00e3i c\u1ee7a s\u00f2ng b\u1ea1c 1xSlots n\u0103m 2025","og_description":"Khuy\u1ebfn m\u00e3i ch\u00e0o m\u1eebng, ho\u00e0n ti\u1ec1n v\u00e0 c\u00e1c kho\u1ea3n ti\u1ec1n th\u01b0\u1edfng kh\u00e1c t\u1ea1i S\u00f2ng b\u1ea1c 1xSlots \u2713 Nhi\u1ec1u c\u01a1 h\u1ed9i gi\u00e0nh chi\u1ebfn th\u1eafng l\u1edbn t\u1ea1i S\u00f2ng b\u1ea1c 1xSlots Vi\u1ec7t Nam \u26a1\ufe0f Ti\u1ec1n th\u01b0\u1edfng ch\u00e0o m\u1eebng c\u00f9ng V\u00f2ng quay mi\u1ec5n ph\u00ed v\u00e0 nhi\u1ec1u h\u01a1n n\u1eefa \u0111\u00e3 c\u00f3 t\u1ea1i \u0111\u00e2y!","og_url":"https:\/\/1xslots.cafe\/vi\/bonus\/","og_site_name":"1xSlots vi","article_modified_time":"2025-03-24T12:06:47+00:00","twitter_card":"summary_large_image","schema":{"@context":"https:\/\/schema.org","@graph":[{"@type":"WebPage","@id":"https:\/\/1xslots.cafe\/vi\/bonus\/","url":"https:\/\/1xslots.cafe\/vi\/bonus\/","name":"Ti\u1ec1n th\u01b0\u1edfng v\u00e0 khuy\u1ebfn m\u00e3i c\u1ee7a s\u00f2ng b\u1ea1c 1xSlots n\u0103m 2025","isPartOf":{"@id":"https:\/\/1xslots.cafe\/vi\/#website"},"datePublished":"2023-05-18T17:39:43+00:00","dateModified":"2025-03-24T12:06:47+00:00","description":"Khuy\u1ebfn m\u00e3i ch\u00e0o m\u1eebng, ho\u00e0n ti\u1ec1n v\u00e0 c\u00e1c kho\u1ea3n ti\u1ec1n th\u01b0\u1edfng kh\u00e1c t\u1ea1i S\u00f2ng b\u1ea1c 1xSlots \u2713 Nhi\u1ec1u c\u01a1 h\u1ed9i gi\u00e0nh chi\u1ebfn th\u1eafng l\u1edbn t\u1ea1i S\u00f2ng b\u1ea1c 1xSlots Vi\u1ec7t Nam \u26a1\ufe0f Ti\u1ec1n th\u01b0\u1edfng ch\u00e0o m\u1eebng c\u00f9ng V\u00f2ng quay mi\u1ec5n ph\u00ed v\u00e0 nhi\u1ec1u h\u01a1n n\u1eefa \u0111\u00e3 c\u00f3 t\u1ea1i \u0111\u00e2y!","breadcrumb":{"@id":"https:\/\/1xslots.cafe\/vi\/bonus\/#breadcrumb"},"inLanguage":"vi","potentialAction":[{"@type":"ReadAction","target":["https:\/\/1xslots.cafe\/vi\/bonus\/"]}]},{"@type":"BreadcrumbList","@id":"https:\/\/1xslots.cafe\/vi\/bonus\/#breadcrumb","itemListElement":[{"@type":"ListItem","position":1,"name":"\u0413\u043b\u0430\u0432\u043d\u0430\u044f \u0441\u0442\u0440\u0430\u043d\u0438\u0446\u0430","item":"https:\/\/1xslots.cafe\/vi\/"},{"@type":"ListItem","position":2,"name":"Th\u01b0\u1edfng"}]},{"@type":"WebSite","@id":"https:\/\/1xslots.cafe\/vi\/#website","url":"https:\/\/1xslots.cafe\/vi\/","name":"1xSlots vi","description":"My WordPress Blog","potentialAction":[{"@type":"SearchAction","target":{"@type":"EntryPoint","urlTemplate":"https:\/\/1xslots.cafe\/vi\/?s={search_term_string}"},"query-input":{"@type":"PropertyValueSpecification","valueRequired":true,"valueName":"search_term_string"}}],"inLanguage":"vi"}]}},"_links":{"self":[{"href":"https:\/\/1xslots.cafe\/vi\/wp-json\/wp\/v2\/pages\/152"}],"collection":[{"href":"https:\/\/1xslots.cafe\/vi\/wp-json\/wp\/v2\/pages"}],"about":[{"href":"https:\/\/1xslots.cafe\/vi\/wp-json\/wp\/v2\/types\/page"}],"author":[{"embeddable":true,"href":"https:\/\/1xslots.cafe\/vi\/wp-json\/wp\/v2\/users\/1"}],"replies":[{"embeddable":true,"href":"https:\/\/1xslots.cafe\/vi\/wp-json\/wp\/v2\/comments?post=152"}],"version-history":[{"count":49,"href":"https:\/\/1xslots.cafe\/vi\/wp-json\/wp\/v2\/pages\/152\/revisions"}],"predecessor-version":[{"id":583,"href":"https:\/\/1xslots.cafe\/vi\/wp-json\/wp\/v2\/pages\/152\/revisions\/583"}],"wp:attachment":[{"href":"https:\/\/1xslots.cafe\/vi\/wp-json\/wp\/v2\/media?parent=152"}],"curies":[{"name":"wp","href":"https:\/\/api.w.org\/{rel}","templated":true}]}}