{"id":528,"date":"2025-02-26T09:46:16","date_gmt":"2025-02-26T09:46:16","guid":{"rendered":"https:\/\/1xslots.cafe\/tr\/?page_id=528"},"modified":"2025-03-19T11:41:47","modified_gmt":"2025-03-19T11:41:47","slug":"login","status":"publish","type":"page","link":"https:\/\/1xslots.cafe\/tr\/login\/","title":{"rendered":"Giri\u015f"},"content":{"rendered":"","protected":false},"excerpt":{"rendered":"","protected":false},"author":1,"featured_media":0,"parent":0,"menu_order":0,"comment_status":"closed","ping_status":"closed","template":"","meta":{"footnotes":""},"class_list":["post-528","page","type-page","status-publish","hentry"],"yoast_head":"<!-- This site is optimized with the Yoast SEO plugin v23.4 - https:\/\/yoast.com\/wordpress\/plugins\/seo\/ -->\n<title>1xSlots Giri\u015f T\u00fcrkiye: H\u0131zl\u0131 ve Kolayca Nas\u0131l Giri\u015f Yap\u0131l\u0131r<\/title>\n<meta name=\"description\" content=\"1xSlots ki\u015fisel hesab\u0131n\u0131za giri\u015f yapman\u0131n ne kadar kolay oldu\u011funu \u00f6\u011frenin. Yetkilendirme, giri\u015f sorunlar\u0131n\u0131 \u00e7\u00f6zme ve herhangi bir cihazdan rahat\u00e7a giri\u015f yapma hakk\u0131nda ad\u0131m ad\u0131m talimatlar.\" \/>\n<meta name=\"robots\" content=\"index, follow, max-snippet:-1, max-image-preview:large, max-video-preview:-1\" \/>\n<meta property=\"og:locale\" content=\"tr_TR\" \/>\n<meta property=\"og:type\" content=\"article\" \/>\n<meta property=\"og:title\" content=\"1xSlots Giri\u015f T\u00fcrkiye: H\u0131zl\u0131 ve Kolayca Nas\u0131l Giri\u015f Yap\u0131l\u0131r\" \/>\n<meta property=\"og:description\" content=\"1xSlots ki\u015fisel hesab\u0131n\u0131za giri\u015f yapman\u0131n ne kadar kolay oldu\u011funu \u00f6\u011frenin. Yetkilendirme, giri\u015f sorunlar\u0131n\u0131 \u00e7\u00f6zme ve herhangi bir cihazdan rahat\u00e7a giri\u015f yapma hakk\u0131nda ad\u0131m ad\u0131m talimatlar.\" \/>\n<meta property=\"og:url\" content=\"https:\/\/1xslots.cafe\/tr\/login\/\" \/>\n<meta property=\"og:site_name\" content=\"1xSlots tr\" \/>\n<meta property=\"article:modified_time\" content=\"2025-03-19T11:41:47+00:00\" \/>\n<meta name=\"twitter:card\" content=\"summary_large_image\" \/>\n<script type=\"application\/ld+json\" class=\"yoast-schema-graph\">{\"@context\":\"https:\/\/schema.org\",\"@graph\":[{\"@type\":\"WebPage\",\"@id\":\"https:\/\/1xslots.cafe\/tr\/login\/\",\"url\":\"https:\/\/1xslots.cafe\/tr\/login\/\",\"name\":\"1xSlots Giri\u015f T\u00fcrkiye: H\u0131zl\u0131 ve Kolayca Nas\u0131l Giri\u015f Yap\u0131l\u0131r\",\"isPartOf\":{\"@id\":\"https:\/\/1xslots.cafe\/tr\/#website\"},\"datePublished\":\"2025-02-26T09:46:16+00:00\",\"dateModified\":\"2025-03-19T11:41:47+00:00\",\"description\":\"1xSlots ki\u015fisel hesab\u0131n\u0131za giri\u015f yapman\u0131n ne kadar kolay oldu\u011funu \u00f6\u011frenin. Yetkilendirme, giri\u015f sorunlar\u0131n\u0131 \u00e7\u00f6zme ve herhangi bir cihazdan rahat\u00e7a giri\u015f yapma hakk\u0131nda ad\u0131m ad\u0131m talimatlar.\",\"breadcrumb\":{\"@id\":\"https:\/\/1xslots.cafe\/tr\/login\/#breadcrumb\"},\"inLanguage\":\"tr\",\"potentialAction\":[{\"@type\":\"ReadAction\",\"target\":[\"https:\/\/1xslots.cafe\/tr\/login\/\"]}]},{\"@type\":\"BreadcrumbList\",\"@id\":\"https:\/\/1xslots.cafe\/tr\/login\/#breadcrumb\",\"itemListElement\":[{\"@type\":\"ListItem\",\"position\":1,\"name\":\"\u0413\u043b\u0430\u0432\u043d\u0430\u044f \u0441\u0442\u0440\u0430\u043d\u0438\u0446\u0430\",\"item\":\"https:\/\/1xslots.cafe\/tr\/\"},{\"@type\":\"ListItem\",\"position\":2,\"name\":\"Giri\u015f\"}]},{\"@type\":\"WebSite\",\"@id\":\"https:\/\/1xslots.cafe\/tr\/#website\",\"url\":\"https:\/\/1xslots.cafe\/tr\/\",\"name\":\"1xSlots tr\",\"description\":\"My WordPress Blog\",\"potentialAction\":[{\"@type\":\"SearchAction\",\"target\":{\"@type\":\"EntryPoint\",\"urlTemplate\":\"https:\/\/1xslots.cafe\/tr\/?s={search_term_string}\"},\"query-input\":{\"@type\":\"PropertyValueSpecification\",\"valueRequired\":true,\"valueName\":\"search_term_string\"}}],\"inLanguage\":\"tr\"}]}<\/script>\n<!-- \/ Yoast SEO plugin. -->","yoast_head_json":{"title":"1xSlots Giri\u015f T\u00fcrkiye: H\u0131zl\u0131 ve Kolayca Nas\u0131l Giri\u015f Yap\u0131l\u0131r","description":"1xSlots ki\u015fisel hesab\u0131n\u0131za giri\u015f yapman\u0131n ne kadar kolay oldu\u011funu \u00f6\u011frenin. Yetkilendirme, giri\u015f sorunlar\u0131n\u0131 \u00e7\u00f6zme ve herhangi bir cihazdan rahat\u00e7a giri\u015f yapma hakk\u0131nda ad\u0131m ad\u0131m talimatlar.","robots":{"index":"index","follow":"follow","max-snippet":"max-snippet:-1","max-image-preview":"max-image-preview:large","max-video-preview":"max-video-preview:-1"},"og_locale":"tr_TR","og_type":"article","og_title":"1xSlots Giri\u015f T\u00fcrkiye: H\u0131zl\u0131 ve Kolayca Nas\u0131l Giri\u015f Yap\u0131l\u0131r","og_description":"1xSlots ki\u015fisel hesab\u0131n\u0131za giri\u015f yapman\u0131n ne kadar kolay oldu\u011funu \u00f6\u011frenin. Yetkilendirme, giri\u015f sorunlar\u0131n\u0131 \u00e7\u00f6zme ve herhangi bir cihazdan rahat\u00e7a giri\u015f yapma hakk\u0131nda ad\u0131m ad\u0131m talimatlar.","og_url":"https:\/\/1xslots.cafe\/tr\/login\/","og_site_name":"1xSlots tr","article_modified_time":"2025-03-19T11:41:47+00:00","twitter_card":"summary_large_image","schema":{"@context":"https:\/\/schema.org","@graph":[{"@type":"WebPage","@id":"https:\/\/1xslots.cafe\/tr\/login\/","url":"https:\/\/1xslots.cafe\/tr\/login\/","name":"1xSlots Giri\u015f T\u00fcrkiye: H\u0131zl\u0131 ve Kolayca Nas\u0131l Giri\u015f Yap\u0131l\u0131r","isPartOf":{"@id":"https:\/\/1xslots.cafe\/tr\/#website"},"datePublished":"2025-02-26T09:46:16+00:00","dateModified":"2025-03-19T11:41:47+00:00","description":"1xSlots ki\u015fisel hesab\u0131n\u0131za giri\u015f yapman\u0131n ne kadar kolay oldu\u011funu \u00f6\u011frenin. Yetkilendirme, giri\u015f sorunlar\u0131n\u0131 \u00e7\u00f6zme ve herhangi bir cihazdan rahat\u00e7a giri\u015f yapma hakk\u0131nda ad\u0131m ad\u0131m talimatlar.","breadcrumb":{"@id":"https:\/\/1xslots.cafe\/tr\/login\/#breadcrumb"},"inLanguage":"tr","potentialAction":[{"@type":"ReadAction","target":["https:\/\/1xslots.cafe\/tr\/login\/"]}]},{"@type":"BreadcrumbList","@id":"https:\/\/1xslots.cafe\/tr\/login\/#breadcrumb","itemListElement":[{"@type":"ListItem","position":1,"name":"\u0413\u043b\u0430\u0432\u043d\u0430\u044f \u0441\u0442\u0440\u0430\u043d\u0438\u0446\u0430","item":"https:\/\/1xslots.cafe\/tr\/"},{"@type":"ListItem","position":2,"name":"Giri\u015f"}]},{"@type":"WebSite","@id":"https:\/\/1xslots.cafe\/tr\/#website","url":"https:\/\/1xslots.cafe\/tr\/","name":"1xSlots tr","description":"My WordPress Blog","potentialAction":[{"@type":"SearchAction","target":{"@type":"EntryPoint","urlTemplate":"https:\/\/1xslots.cafe\/tr\/?s={search_term_string}"},"query-input":{"@type":"PropertyValueSpecification","valueRequired":true,"valueName":"search_term_string"}}],"inLanguage":"tr"}]}},"_links":{"self":[{"href":"https:\/\/1xslots.cafe\/tr\/wp-json\/wp\/v2\/pages\/528"}],"collection":[{"href":"https:\/\/1xslots.cafe\/tr\/wp-json\/wp\/v2\/pages"}],"about":[{"href":"https:\/\/1xslots.cafe\/tr\/wp-json\/wp\/v2\/types\/page"}],"author":[{"embeddable":true,"href":"https:\/\/1xslots.cafe\/tr\/wp-json\/wp\/v2\/users\/1"}],"replies":[{"embeddable":true,"href":"https:\/\/1xslots.cafe\/tr\/wp-json\/wp\/v2\/comments?post=528"}],"version-history":[{"count":5,"href":"https:\/\/1xslots.cafe\/tr\/wp-json\/wp\/v2\/pages\/528\/revisions"}],"predecessor-version":[{"id":586,"href":"https:\/\/1xslots.cafe\/tr\/wp-json\/wp\/v2\/pages\/528\/revisions\/586"}],"wp:attachment":[{"href":"https:\/\/1xslots.cafe\/tr\/wp-json\/wp\/v2\/media?parent=528"}],"curies":[{"name":"wp","href":"https:\/\/api.w.org\/{rel}","templated":true}]}}