{"id":479,"date":"2024-11-07T08:12:05","date_gmt":"2024-11-07T08:12:05","guid":{"rendered":"https:\/\/1xslots.cafe\/tr\/?page_id=479"},"modified":"2025-03-19T13:33:51","modified_gmt":"2025-03-19T13:33:51","slug":"registrarion","status":"publish","type":"page","link":"https:\/\/1xslots.cafe\/tr\/registrarion\/","title":{"rendered":"Registrarion"},"content":{"rendered":"","protected":false},"excerpt":{"rendered":"","protected":false},"author":1,"featured_media":0,"parent":0,"menu_order":0,"comment_status":"closed","ping_status":"closed","template":"","meta":{"footnotes":""},"class_list":["post-479","page","type-page","status-publish","hentry"],"yoast_head":"<!-- This site is optimized with the Yoast SEO plugin v23.4 - https:\/\/yoast.com\/wordpress\/plugins\/seo\/ -->\n<title>1xSlots Kay\u0131t: Ba\u015far\u0131l\u0131 Bir Ba\u015flang\u0131\u00e7 \u0130\u00e7in \u0130pu\u00e7lar\u0131 ve P\u00fcf Noktalar\u0131<\/title>\n<meta name=\"description\" content=\"1xSlots&#039;ta T\u00fcrkiye aksiyona kat\u0131l\u0131n! \ud83d\udd25 Cesur kay\u0131t rehberimiz bir anda oynaman\u0131z\u0131 ve kazanman\u0131z\u0131 sa\u011flayacak! \u26a1 Dalmaya haz\u0131r m\u0131s\u0131n\u0131z?\" \/>\n<meta name=\"robots\" content=\"index, follow, max-snippet:-1, max-image-preview:large, max-video-preview:-1\" \/>\n<meta property=\"og:locale\" content=\"tr_TR\" \/>\n<meta property=\"og:type\" content=\"article\" \/>\n<meta property=\"og:title\" content=\"1xSlots Kay\u0131t: Ba\u015far\u0131l\u0131 Bir Ba\u015flang\u0131\u00e7 \u0130\u00e7in \u0130pu\u00e7lar\u0131 ve P\u00fcf Noktalar\u0131\" \/>\n<meta property=\"og:description\" content=\"1xSlots&#039;ta T\u00fcrkiye aksiyona kat\u0131l\u0131n! \ud83d\udd25 Cesur kay\u0131t rehberimiz bir anda oynaman\u0131z\u0131 ve kazanman\u0131z\u0131 sa\u011flayacak! \u26a1 Dalmaya haz\u0131r m\u0131s\u0131n\u0131z?\" \/>\n<meta property=\"og:url\" content=\"https:\/\/1xslots.cafe\/tr\/registrarion\/\" \/>\n<meta property=\"og:site_name\" content=\"1xSlots tr\" \/>\n<meta property=\"article:modified_time\" content=\"2025-03-19T13:33:51+00:00\" \/>\n<meta name=\"twitter:card\" content=\"summary_large_image\" \/>\n<script type=\"application\/ld+json\" class=\"yoast-schema-graph\">{\"@context\":\"https:\/\/schema.org\",\"@graph\":[{\"@type\":\"WebPage\",\"@id\":\"https:\/\/1xslots.cafe\/tr\/registrarion\/\",\"url\":\"https:\/\/1xslots.cafe\/tr\/registrarion\/\",\"name\":\"1xSlots Kay\u0131t: Ba\u015far\u0131l\u0131 Bir Ba\u015flang\u0131\u00e7 \u0130\u00e7in \u0130pu\u00e7lar\u0131 ve P\u00fcf Noktalar\u0131\",\"isPartOf\":{\"@id\":\"https:\/\/1xslots.cafe\/tr\/#website\"},\"datePublished\":\"2024-11-07T08:12:05+00:00\",\"dateModified\":\"2025-03-19T13:33:51+00:00\",\"description\":\"1xSlots'ta T\u00fcrkiye aksiyona kat\u0131l\u0131n! \ud83d\udd25 Cesur kay\u0131t rehberimiz bir anda oynaman\u0131z\u0131 ve kazanman\u0131z\u0131 sa\u011flayacak! \u26a1 Dalmaya haz\u0131r m\u0131s\u0131n\u0131z?\",\"breadcrumb\":{\"@id\":\"https:\/\/1xslots.cafe\/tr\/registrarion\/#breadcrumb\"},\"inLanguage\":\"tr\",\"potentialAction\":[{\"@type\":\"ReadAction\",\"target\":[\"https:\/\/1xslots.cafe\/tr\/registrarion\/\"]}]},{\"@type\":\"BreadcrumbList\",\"@id\":\"https:\/\/1xslots.cafe\/tr\/registrarion\/#breadcrumb\",\"itemListElement\":[{\"@type\":\"ListItem\",\"position\":1,\"name\":\"\u0413\u043b\u0430\u0432\u043d\u0430\u044f \u0441\u0442\u0440\u0430\u043d\u0438\u0446\u0430\",\"item\":\"https:\/\/1xslots.cafe\/tr\/\"},{\"@type\":\"ListItem\",\"position\":2,\"name\":\"Registrarion\"}]},{\"@type\":\"WebSite\",\"@id\":\"https:\/\/1xslots.cafe\/tr\/#website\",\"url\":\"https:\/\/1xslots.cafe\/tr\/\",\"name\":\"1xSlots tr\",\"description\":\"My WordPress Blog\",\"potentialAction\":[{\"@type\":\"SearchAction\",\"target\":{\"@type\":\"EntryPoint\",\"urlTemplate\":\"https:\/\/1xslots.cafe\/tr\/?s={search_term_string}\"},\"query-input\":{\"@type\":\"PropertyValueSpecification\",\"valueRequired\":true,\"valueName\":\"search_term_string\"}}],\"inLanguage\":\"tr\"}]}<\/script>\n<!-- \/ Yoast SEO plugin. -->","yoast_head_json":{"title":"1xSlots Kay\u0131t: Ba\u015far\u0131l\u0131 Bir Ba\u015flang\u0131\u00e7 \u0130\u00e7in \u0130pu\u00e7lar\u0131 ve P\u00fcf Noktalar\u0131","description":"1xSlots'ta T\u00fcrkiye aksiyona kat\u0131l\u0131n! \ud83d\udd25 Cesur kay\u0131t rehberimiz bir anda oynaman\u0131z\u0131 ve kazanman\u0131z\u0131 sa\u011flayacak! \u26a1 Dalmaya haz\u0131r m\u0131s\u0131n\u0131z?","robots":{"index":"index","follow":"follow","max-snippet":"max-snippet:-1","max-image-preview":"max-image-preview:large","max-video-preview":"max-video-preview:-1"},"og_locale":"tr_TR","og_type":"article","og_title":"1xSlots Kay\u0131t: Ba\u015far\u0131l\u0131 Bir Ba\u015flang\u0131\u00e7 \u0130\u00e7in \u0130pu\u00e7lar\u0131 ve P\u00fcf Noktalar\u0131","og_description":"1xSlots'ta T\u00fcrkiye aksiyona kat\u0131l\u0131n! \ud83d\udd25 Cesur kay\u0131t rehberimiz bir anda oynaman\u0131z\u0131 ve kazanman\u0131z\u0131 sa\u011flayacak! \u26a1 Dalmaya haz\u0131r m\u0131s\u0131n\u0131z?","og_url":"https:\/\/1xslots.cafe\/tr\/registrarion\/","og_site_name":"1xSlots tr","article_modified_time":"2025-03-19T13:33:51+00:00","twitter_card":"summary_large_image","schema":{"@context":"https:\/\/schema.org","@graph":[{"@type":"WebPage","@id":"https:\/\/1xslots.cafe\/tr\/registrarion\/","url":"https:\/\/1xslots.cafe\/tr\/registrarion\/","name":"1xSlots Kay\u0131t: Ba\u015far\u0131l\u0131 Bir Ba\u015flang\u0131\u00e7 \u0130\u00e7in \u0130pu\u00e7lar\u0131 ve P\u00fcf Noktalar\u0131","isPartOf":{"@id":"https:\/\/1xslots.cafe\/tr\/#website"},"datePublished":"2024-11-07T08:12:05+00:00","dateModified":"2025-03-19T13:33:51+00:00","description":"1xSlots'ta T\u00fcrkiye aksiyona kat\u0131l\u0131n! \ud83d\udd25 Cesur kay\u0131t rehberimiz bir anda oynaman\u0131z\u0131 ve kazanman\u0131z\u0131 sa\u011flayacak! \u26a1 Dalmaya haz\u0131r m\u0131s\u0131n\u0131z?","breadcrumb":{"@id":"https:\/\/1xslots.cafe\/tr\/registrarion\/#breadcrumb"},"inLanguage":"tr","potentialAction":[{"@type":"ReadAction","target":["https:\/\/1xslots.cafe\/tr\/registrarion\/"]}]},{"@type":"BreadcrumbList","@id":"https:\/\/1xslots.cafe\/tr\/registrarion\/#breadcrumb","itemListElement":[{"@type":"ListItem","position":1,"name":"\u0413\u043b\u0430\u0432\u043d\u0430\u044f \u0441\u0442\u0440\u0430\u043d\u0438\u0446\u0430","item":"https:\/\/1xslots.cafe\/tr\/"},{"@type":"ListItem","position":2,"name":"Registrarion"}]},{"@type":"WebSite","@id":"https:\/\/1xslots.cafe\/tr\/#website","url":"https:\/\/1xslots.cafe\/tr\/","name":"1xSlots tr","description":"My WordPress Blog","potentialAction":[{"@type":"SearchAction","target":{"@type":"EntryPoint","urlTemplate":"https:\/\/1xslots.cafe\/tr\/?s={search_term_string}"},"query-input":{"@type":"PropertyValueSpecification","valueRequired":true,"valueName":"search_term_string"}}],"inLanguage":"tr"}]}},"_links":{"self":[{"href":"https:\/\/1xslots.cafe\/tr\/wp-json\/wp\/v2\/pages\/479"}],"collection":[{"href":"https:\/\/1xslots.cafe\/tr\/wp-json\/wp\/v2\/pages"}],"about":[{"href":"https:\/\/1xslots.cafe\/tr\/wp-json\/wp\/v2\/types\/page"}],"author":[{"embeddable":true,"href":"https:\/\/1xslots.cafe\/tr\/wp-json\/wp\/v2\/users\/1"}],"replies":[{"embeddable":true,"href":"https:\/\/1xslots.cafe\/tr\/wp-json\/wp\/v2\/comments?post=479"}],"version-history":[{"count":5,"href":"https:\/\/1xslots.cafe\/tr\/wp-json\/wp\/v2\/pages\/479\/revisions"}],"predecessor-version":[{"id":588,"href":"https:\/\/1xslots.cafe\/tr\/wp-json\/wp\/v2\/pages\/479\/revisions\/588"}],"wp:attachment":[{"href":"https:\/\/1xslots.cafe\/tr\/wp-json\/wp\/v2\/media?parent=479"}],"curies":[{"name":"wp","href":"https:\/\/api.w.org\/{rel}","templated":true}]}}