{"id":724,"date":"2025-08-06T10:25:17","date_gmt":"2025-08-06T10:25:17","guid":{"rendered":"https:\/\/1xslots.cafe\/sk\/?page_id=724"},"modified":"2025-09-05T19:03:12","modified_gmt":"2025-09-05T19:03:12","slug":"aviator","status":"publish","type":"page","link":"https:\/\/1xslots.cafe\/sk\/aviator\/","title":{"rendered":"Letec"},"content":{"rendered":"","protected":false},"excerpt":{"rendered":"","protected":false},"author":1,"featured_media":0,"parent":0,"menu_order":0,"comment_status":"closed","ping_status":"closed","template":"","meta":{"footnotes":""},"class_list":["post-724","page","type-page","status-publish","hentry"],"yoast_head":"<!-- This site is optimized with the Yoast SEO plugin v23.4 - https:\/\/yoast.com\/wordpress\/plugins\/seo\/ -->\n<title>1xSlots Aviator: \ud83d\udee9\ufe0f Vyhrajte s atrakt\u00edvnymi funkciami a bonusmi<\/title>\n<meta name=\"description\" content=\"Ste pripraven\u00ed posun\u00fa\u0165 svoju hru na nov\u00fa \u00farove\u0148? Zistite v\u0161etko o 1xSlots Aviator! \ud83d\udee9\ufe0f Objavte vzru\u0161uj\u00face funkcie a bonusy, ktor\u00e9 m\u00f4\u017eu premeni\u0165 va\u0161e st\u00e1vky na ve\u013ek\u00e9 v\u00fdhry!\" \/>\n<meta name=\"robots\" content=\"index, follow, max-snippet:-1, max-image-preview:large, max-video-preview:-1\" \/>\n<meta property=\"og:locale\" content=\"sk_SK\" \/>\n<meta property=\"og:type\" content=\"article\" \/>\n<meta property=\"og:title\" content=\"1xSlots Aviator: \ud83d\udee9\ufe0f Vyhrajte s atrakt\u00edvnymi funkciami a bonusmi\" \/>\n<meta property=\"og:description\" content=\"Ste pripraven\u00ed posun\u00fa\u0165 svoju hru na nov\u00fa \u00farove\u0148? Zistite v\u0161etko o 1xSlots Aviator! \ud83d\udee9\ufe0f Objavte vzru\u0161uj\u00face funkcie a bonusy, ktor\u00e9 m\u00f4\u017eu premeni\u0165 va\u0161e st\u00e1vky na ve\u013ek\u00e9 v\u00fdhry!\" \/>\n<meta property=\"og:url\" content=\"https:\/\/1xslots.cafe\/sk\/aviator\/\" \/>\n<meta property=\"og:site_name\" content=\"1xslots sk\" \/>\n<meta property=\"article:modified_time\" content=\"2025-09-05T19:03:12+00:00\" \/>\n<meta name=\"twitter:card\" content=\"summary_large_image\" \/>\n<script type=\"application\/ld+json\" class=\"yoast-schema-graph\">{\"@context\":\"https:\/\/schema.org\",\"@graph\":[{\"@type\":\"WebPage\",\"@id\":\"https:\/\/1xslots.cafe\/sk\/aviator\/\",\"url\":\"https:\/\/1xslots.cafe\/sk\/aviator\/\",\"name\":\"1xSlots Aviator: \ud83d\udee9\ufe0f Vyhrajte s atrakt\u00edvnymi funkciami a bonusmi\",\"isPartOf\":{\"@id\":\"https:\/\/1xslots.cafe\/sk\/#website\"},\"datePublished\":\"2025-08-06T10:25:17+00:00\",\"dateModified\":\"2025-09-05T19:03:12+00:00\",\"description\":\"Ste pripraven\u00ed posun\u00fa\u0165 svoju hru na nov\u00fa \u00farove\u0148? Zistite v\u0161etko o 1xSlots Aviator! \ud83d\udee9\ufe0f Objavte vzru\u0161uj\u00face funkcie a bonusy, ktor\u00e9 m\u00f4\u017eu premeni\u0165 va\u0161e st\u00e1vky na ve\u013ek\u00e9 v\u00fdhry!\",\"breadcrumb\":{\"@id\":\"https:\/\/1xslots.cafe\/sk\/aviator\/#breadcrumb\"},\"inLanguage\":\"sk-SK\",\"potentialAction\":[{\"@type\":\"ReadAction\",\"target\":[\"https:\/\/1xslots.cafe\/sk\/aviator\/\"]}]},{\"@type\":\"BreadcrumbList\",\"@id\":\"https:\/\/1xslots.cafe\/sk\/aviator\/#breadcrumb\",\"itemListElement\":[{\"@type\":\"ListItem\",\"position\":1,\"name\":\"\u0413\u043b\u0430\u0432\u043d\u0430\u044f \u0441\u0442\u0440\u0430\u043d\u0438\u0446\u0430\",\"item\":\"https:\/\/1xslots.cafe\/sk\/\"},{\"@type\":\"ListItem\",\"position\":2,\"name\":\"Letec\"}]},{\"@type\":\"WebSite\",\"@id\":\"https:\/\/1xslots.cafe\/sk\/#website\",\"url\":\"https:\/\/1xslots.cafe\/sk\/\",\"name\":\"1xslots sk\",\"description\":\"My WordPress Blog\",\"potentialAction\":[{\"@type\":\"SearchAction\",\"target\":{\"@type\":\"EntryPoint\",\"urlTemplate\":\"https:\/\/1xslots.cafe\/sk\/?s={search_term_string}\"},\"query-input\":{\"@type\":\"PropertyValueSpecification\",\"valueRequired\":true,\"valueName\":\"search_term_string\"}}],\"inLanguage\":\"sk-SK\"}]}<\/script>\n<!-- \/ Yoast SEO plugin. -->","yoast_head_json":{"title":"1xSlots Aviator: \ud83d\udee9\ufe0f Vyhrajte s atrakt\u00edvnymi funkciami a bonusmi","description":"Ste pripraven\u00ed posun\u00fa\u0165 svoju hru na nov\u00fa \u00farove\u0148? Zistite v\u0161etko o 1xSlots Aviator! \ud83d\udee9\ufe0f Objavte vzru\u0161uj\u00face funkcie a bonusy, ktor\u00e9 m\u00f4\u017eu premeni\u0165 va\u0161e st\u00e1vky na ve\u013ek\u00e9 v\u00fdhry!","robots":{"index":"index","follow":"follow","max-snippet":"max-snippet:-1","max-image-preview":"max-image-preview:large","max-video-preview":"max-video-preview:-1"},"og_locale":"sk_SK","og_type":"article","og_title":"1xSlots Aviator: \ud83d\udee9\ufe0f Vyhrajte s atrakt\u00edvnymi funkciami a bonusmi","og_description":"Ste pripraven\u00ed posun\u00fa\u0165 svoju hru na nov\u00fa \u00farove\u0148? Zistite v\u0161etko o 1xSlots Aviator! \ud83d\udee9\ufe0f Objavte vzru\u0161uj\u00face funkcie a bonusy, ktor\u00e9 m\u00f4\u017eu premeni\u0165 va\u0161e st\u00e1vky na ve\u013ek\u00e9 v\u00fdhry!","og_url":"https:\/\/1xslots.cafe\/sk\/aviator\/","og_site_name":"1xslots sk","article_modified_time":"2025-09-05T19:03:12+00:00","twitter_card":"summary_large_image","schema":{"@context":"https:\/\/schema.org","@graph":[{"@type":"WebPage","@id":"https:\/\/1xslots.cafe\/sk\/aviator\/","url":"https:\/\/1xslots.cafe\/sk\/aviator\/","name":"1xSlots Aviator: \ud83d\udee9\ufe0f Vyhrajte s atrakt\u00edvnymi funkciami a bonusmi","isPartOf":{"@id":"https:\/\/1xslots.cafe\/sk\/#website"},"datePublished":"2025-08-06T10:25:17+00:00","dateModified":"2025-09-05T19:03:12+00:00","description":"Ste pripraven\u00ed posun\u00fa\u0165 svoju hru na nov\u00fa \u00farove\u0148? Zistite v\u0161etko o 1xSlots Aviator! \ud83d\udee9\ufe0f Objavte vzru\u0161uj\u00face funkcie a bonusy, ktor\u00e9 m\u00f4\u017eu premeni\u0165 va\u0161e st\u00e1vky na ve\u013ek\u00e9 v\u00fdhry!","breadcrumb":{"@id":"https:\/\/1xslots.cafe\/sk\/aviator\/#breadcrumb"},"inLanguage":"sk-SK","potentialAction":[{"@type":"ReadAction","target":["https:\/\/1xslots.cafe\/sk\/aviator\/"]}]},{"@type":"BreadcrumbList","@id":"https:\/\/1xslots.cafe\/sk\/aviator\/#breadcrumb","itemListElement":[{"@type":"ListItem","position":1,"name":"\u0413\u043b\u0430\u0432\u043d\u0430\u044f \u0441\u0442\u0440\u0430\u043d\u0438\u0446\u0430","item":"https:\/\/1xslots.cafe\/sk\/"},{"@type":"ListItem","position":2,"name":"Letec"}]},{"@type":"WebSite","@id":"https:\/\/1xslots.cafe\/sk\/#website","url":"https:\/\/1xslots.cafe\/sk\/","name":"1xslots sk","description":"My WordPress Blog","potentialAction":[{"@type":"SearchAction","target":{"@type":"EntryPoint","urlTemplate":"https:\/\/1xslots.cafe\/sk\/?s={search_term_string}"},"query-input":{"@type":"PropertyValueSpecification","valueRequired":true,"valueName":"search_term_string"}}],"inLanguage":"sk-SK"}]}},"_links":{"self":[{"href":"https:\/\/1xslots.cafe\/sk\/wp-json\/wp\/v2\/pages\/724"}],"collection":[{"href":"https:\/\/1xslots.cafe\/sk\/wp-json\/wp\/v2\/pages"}],"about":[{"href":"https:\/\/1xslots.cafe\/sk\/wp-json\/wp\/v2\/types\/page"}],"author":[{"embeddable":true,"href":"https:\/\/1xslots.cafe\/sk\/wp-json\/wp\/v2\/users\/1"}],"replies":[{"embeddable":true,"href":"https:\/\/1xslots.cafe\/sk\/wp-json\/wp\/v2\/comments?post=724"}],"version-history":[{"count":5,"href":"https:\/\/1xslots.cafe\/sk\/wp-json\/wp\/v2\/pages\/724\/revisions"}],"predecessor-version":[{"id":745,"href":"https:\/\/1xslots.cafe\/sk\/wp-json\/wp\/v2\/pages\/724\/revisions\/745"}],"wp:attachment":[{"href":"https:\/\/1xslots.cafe\/sk\/wp-json\/wp\/v2\/media?parent=724"}],"curies":[{"name":"wp","href":"https:\/\/api.w.org\/{rel}","templated":true}]}}