{"id":609,"date":"2025-04-14T17:16:11","date_gmt":"2025-04-14T17:16:11","guid":{"rendered":"https:\/\/1xslots.cafe\/sk\/?page_id=609"},"modified":"2025-09-05T18:56:12","modified_gmt":"2025-09-05T18:56:12","slug":"cashback","status":"publish","type":"page","link":"https:\/\/1xslots.cafe\/sk\/bonus\/cashback\/","title":{"rendered":"Cashback"},"content":{"rendered":"","protected":false},"excerpt":{"rendered":"","protected":false},"author":1,"featured_media":0,"parent":152,"menu_order":0,"comment_status":"closed","ping_status":"closed","template":"","meta":{"footnotes":""},"class_list":["post-609","page","type-page","status-publish","hentry"],"yoast_head":"<!-- This site is optimized with the Yoast SEO plugin v23.4 - https:\/\/yoast.com\/wordpress\/plugins\/seo\/ -->\n<title>Cashback a\u017e do v\u00fd\u0161ky 11 % od 1xSlots | Z\u00edskajte peniaze sp\u00e4\u0165!<\/title>\n<meta name=\"description\" content=\"Prehrali ste? \u017diaden probl\u00e9m! V 1xSlots m\u00f4\u017eete z\u00edska\u0165 sp\u00e4\u0165 a\u017e 11 % svojich vynalo\u017een\u00fdch pe\u0148az\u00ed! Toto je va\u0161a \u0161anca vzia\u0165 svoje \u0161\u0165astie op\u00e4\u0165 do vlastn\u00fdch r\u00fak. Nenechajte si ujs\u0165 pr\u00edle\u017eitos\u0165 vyhra\u0165 sp\u00e4\u0165 \u2013 cashback na v\u00e1s \u010dak\u00e1!\" \/>\n<meta name=\"robots\" content=\"index, follow, max-snippet:-1, max-image-preview:large, max-video-preview:-1\" \/>\n<meta property=\"og:locale\" content=\"sk_SK\" \/>\n<meta property=\"og:type\" content=\"article\" \/>\n<meta property=\"og:title\" content=\"Cashback a\u017e do v\u00fd\u0161ky 11 % od 1xSlots | Z\u00edskajte peniaze sp\u00e4\u0165!\" \/>\n<meta property=\"og:description\" content=\"Prehrali ste? \u017diaden probl\u00e9m! V 1xSlots m\u00f4\u017eete z\u00edska\u0165 sp\u00e4\u0165 a\u017e 11 % svojich vynalo\u017een\u00fdch pe\u0148az\u00ed! Toto je va\u0161a \u0161anca vzia\u0165 svoje \u0161\u0165astie op\u00e4\u0165 do vlastn\u00fdch r\u00fak. Nenechajte si ujs\u0165 pr\u00edle\u017eitos\u0165 vyhra\u0165 sp\u00e4\u0165 \u2013 cashback na v\u00e1s \u010dak\u00e1!\" \/>\n<meta property=\"og:url\" content=\"https:\/\/1xslots.cafe\/sk\/bonus\/cashback\/\" \/>\n<meta property=\"og:site_name\" content=\"1xslots sk\" \/>\n<meta property=\"article:modified_time\" content=\"2025-09-05T18:56:12+00:00\" \/>\n<meta name=\"twitter:card\" content=\"summary_large_image\" \/>\n<script type=\"application\/ld+json\" class=\"yoast-schema-graph\">{\"@context\":\"https:\/\/schema.org\",\"@graph\":[{\"@type\":\"WebPage\",\"@id\":\"https:\/\/1xslots.cafe\/sk\/bonus\/cashback\/\",\"url\":\"https:\/\/1xslots.cafe\/sk\/bonus\/cashback\/\",\"name\":\"Cashback a\u017e do v\u00fd\u0161ky 11 % od 1xSlots | Z\u00edskajte peniaze sp\u00e4\u0165!\",\"isPartOf\":{\"@id\":\"https:\/\/1xslots.cafe\/sk\/#website\"},\"datePublished\":\"2025-04-14T17:16:11+00:00\",\"dateModified\":\"2025-09-05T18:56:12+00:00\",\"description\":\"Prehrali ste? \u017diaden probl\u00e9m! V 1xSlots m\u00f4\u017eete z\u00edska\u0165 sp\u00e4\u0165 a\u017e 11 % svojich vynalo\u017een\u00fdch pe\u0148az\u00ed! Toto je va\u0161a \u0161anca vzia\u0165 svoje \u0161\u0165astie op\u00e4\u0165 do vlastn\u00fdch r\u00fak. Nenechajte si ujs\u0165 pr\u00edle\u017eitos\u0165 vyhra\u0165 sp\u00e4\u0165 \u2013 cashback na v\u00e1s \u010dak\u00e1!\",\"breadcrumb\":{\"@id\":\"https:\/\/1xslots.cafe\/sk\/bonus\/cashback\/#breadcrumb\"},\"inLanguage\":\"sk-SK\",\"potentialAction\":[{\"@type\":\"ReadAction\",\"target\":[\"https:\/\/1xslots.cafe\/sk\/bonus\/cashback\/\"]}]},{\"@type\":\"BreadcrumbList\",\"@id\":\"https:\/\/1xslots.cafe\/sk\/bonus\/cashback\/#breadcrumb\",\"itemListElement\":[{\"@type\":\"ListItem\",\"position\":1,\"name\":\"\u0413\u043b\u0430\u0432\u043d\u0430\u044f \u0441\u0442\u0440\u0430\u043d\u0438\u0446\u0430\",\"item\":\"https:\/\/1xslots.cafe\/sk\/\"},{\"@type\":\"ListItem\",\"position\":2,\"name\":\"Bonus\",\"item\":\"https:\/\/1xslots.cafe\/sk\/bonus\/\"},{\"@type\":\"ListItem\",\"position\":3,\"name\":\"Cashback\"}]},{\"@type\":\"WebSite\",\"@id\":\"https:\/\/1xslots.cafe\/sk\/#website\",\"url\":\"https:\/\/1xslots.cafe\/sk\/\",\"name\":\"1xslots sk\",\"description\":\"My WordPress Blog\",\"potentialAction\":[{\"@type\":\"SearchAction\",\"target\":{\"@type\":\"EntryPoint\",\"urlTemplate\":\"https:\/\/1xslots.cafe\/sk\/?s={search_term_string}\"},\"query-input\":{\"@type\":\"PropertyValueSpecification\",\"valueRequired\":true,\"valueName\":\"search_term_string\"}}],\"inLanguage\":\"sk-SK\"}]}<\/script>\n<!-- \/ Yoast SEO plugin. -->","yoast_head_json":{"title":"Cashback a\u017e do v\u00fd\u0161ky 11 % od 1xSlots | Z\u00edskajte peniaze sp\u00e4\u0165!","description":"Prehrali ste? \u017diaden probl\u00e9m! V 1xSlots m\u00f4\u017eete z\u00edska\u0165 sp\u00e4\u0165 a\u017e 11 % svojich vynalo\u017een\u00fdch pe\u0148az\u00ed! Toto je va\u0161a \u0161anca vzia\u0165 svoje \u0161\u0165astie op\u00e4\u0165 do vlastn\u00fdch r\u00fak. Nenechajte si ujs\u0165 pr\u00edle\u017eitos\u0165 vyhra\u0165 sp\u00e4\u0165 \u2013 cashback na v\u00e1s \u010dak\u00e1!","robots":{"index":"index","follow":"follow","max-snippet":"max-snippet:-1","max-image-preview":"max-image-preview:large","max-video-preview":"max-video-preview:-1"},"og_locale":"sk_SK","og_type":"article","og_title":"Cashback a\u017e do v\u00fd\u0161ky 11 % od 1xSlots | Z\u00edskajte peniaze sp\u00e4\u0165!","og_description":"Prehrali ste? \u017diaden probl\u00e9m! V 1xSlots m\u00f4\u017eete z\u00edska\u0165 sp\u00e4\u0165 a\u017e 11 % svojich vynalo\u017een\u00fdch pe\u0148az\u00ed! Toto je va\u0161a \u0161anca vzia\u0165 svoje \u0161\u0165astie op\u00e4\u0165 do vlastn\u00fdch r\u00fak. Nenechajte si ujs\u0165 pr\u00edle\u017eitos\u0165 vyhra\u0165 sp\u00e4\u0165 \u2013 cashback na v\u00e1s \u010dak\u00e1!","og_url":"https:\/\/1xslots.cafe\/sk\/bonus\/cashback\/","og_site_name":"1xslots sk","article_modified_time":"2025-09-05T18:56:12+00:00","twitter_card":"summary_large_image","schema":{"@context":"https:\/\/schema.org","@graph":[{"@type":"WebPage","@id":"https:\/\/1xslots.cafe\/sk\/bonus\/cashback\/","url":"https:\/\/1xslots.cafe\/sk\/bonus\/cashback\/","name":"Cashback a\u017e do v\u00fd\u0161ky 11 % od 1xSlots | Z\u00edskajte peniaze sp\u00e4\u0165!","isPartOf":{"@id":"https:\/\/1xslots.cafe\/sk\/#website"},"datePublished":"2025-04-14T17:16:11+00:00","dateModified":"2025-09-05T18:56:12+00:00","description":"Prehrali ste? \u017diaden probl\u00e9m! V 1xSlots m\u00f4\u017eete z\u00edska\u0165 sp\u00e4\u0165 a\u017e 11 % svojich vynalo\u017een\u00fdch pe\u0148az\u00ed! Toto je va\u0161a \u0161anca vzia\u0165 svoje \u0161\u0165astie op\u00e4\u0165 do vlastn\u00fdch r\u00fak. Nenechajte si ujs\u0165 pr\u00edle\u017eitos\u0165 vyhra\u0165 sp\u00e4\u0165 \u2013 cashback na v\u00e1s \u010dak\u00e1!","breadcrumb":{"@id":"https:\/\/1xslots.cafe\/sk\/bonus\/cashback\/#breadcrumb"},"inLanguage":"sk-SK","potentialAction":[{"@type":"ReadAction","target":["https:\/\/1xslots.cafe\/sk\/bonus\/cashback\/"]}]},{"@type":"BreadcrumbList","@id":"https:\/\/1xslots.cafe\/sk\/bonus\/cashback\/#breadcrumb","itemListElement":[{"@type":"ListItem","position":1,"name":"\u0413\u043b\u0430\u0432\u043d\u0430\u044f \u0441\u0442\u0440\u0430\u043d\u0438\u0446\u0430","item":"https:\/\/1xslots.cafe\/sk\/"},{"@type":"ListItem","position":2,"name":"Bonus","item":"https:\/\/1xslots.cafe\/sk\/bonus\/"},{"@type":"ListItem","position":3,"name":"Cashback"}]},{"@type":"WebSite","@id":"https:\/\/1xslots.cafe\/sk\/#website","url":"https:\/\/1xslots.cafe\/sk\/","name":"1xslots sk","description":"My WordPress Blog","potentialAction":[{"@type":"SearchAction","target":{"@type":"EntryPoint","urlTemplate":"https:\/\/1xslots.cafe\/sk\/?s={search_term_string}"},"query-input":{"@type":"PropertyValueSpecification","valueRequired":true,"valueName":"search_term_string"}}],"inLanguage":"sk-SK"}]}},"_links":{"self":[{"href":"https:\/\/1xslots.cafe\/sk\/wp-json\/wp\/v2\/pages\/609"}],"collection":[{"href":"https:\/\/1xslots.cafe\/sk\/wp-json\/wp\/v2\/pages"}],"about":[{"href":"https:\/\/1xslots.cafe\/sk\/wp-json\/wp\/v2\/types\/page"}],"author":[{"embeddable":true,"href":"https:\/\/1xslots.cafe\/sk\/wp-json\/wp\/v2\/users\/1"}],"replies":[{"embeddable":true,"href":"https:\/\/1xslots.cafe\/sk\/wp-json\/wp\/v2\/comments?post=609"}],"version-history":[{"count":4,"href":"https:\/\/1xslots.cafe\/sk\/wp-json\/wp\/v2\/pages\/609\/revisions"}],"predecessor-version":[{"id":752,"href":"https:\/\/1xslots.cafe\/sk\/wp-json\/wp\/v2\/pages\/609\/revisions\/752"}],"up":[{"embeddable":true,"href":"https:\/\/1xslots.cafe\/sk\/wp-json\/wp\/v2\/pages\/152"}],"wp:attachment":[{"href":"https:\/\/1xslots.cafe\/sk\/wp-json\/wp\/v2\/media?parent=609"}],"curies":[{"name":"wp","href":"https:\/\/api.w.org\/{rel}","templated":true}]}}