{"id":604,"date":"2025-04-14T17:03:02","date_gmt":"2025-04-14T17:03:02","guid":{"rendered":"https:\/\/1xslots.cafe\/sk\/?page_id=604"},"modified":"2025-08-18T21:17:31","modified_gmt":"2025-08-18T21:17:31","slug":"promo-code-catcher","status":"publish","type":"page","link":"https:\/\/1xslots.cafe\/sk\/bonus\/promo-code-catcher\/","title":{"rendered":"Promo k\u00f3d catcher"},"content":{"rendered":"","protected":false},"excerpt":{"rendered":"","protected":false},"author":1,"featured_media":0,"parent":152,"menu_order":0,"comment_status":"closed","ping_status":"closed","template":"","meta":{"footnotes":""},"class_list":["post-604","page","type-page","status-publish","hentry"],"yoast_head":"<!-- This site is optimized with the Yoast SEO plugin v23.4 - https:\/\/yoast.com\/wordpress\/plugins\/seo\/ -->\n<title>Promo k\u00f3d catcher od 1xSlots: Exkluz\u00edvne dar\u010deky ka\u017ed\u00fd utorok!<\/title>\n<meta name=\"description\" content=\"Za\u017eite vzru\u0161enie s promo k\u00f3dom 1xSlots! Ka\u017ed\u00fd utorok m\u00f4\u017eete z\u00edska\u0165 dva exkluz\u00edvne dar\u010deky. Nenechajte si ujs\u0165 svoju \u0161ancu \u2013 tieto promo k\u00f3dy sa pred\u00e1vaj\u00fa ako tepl\u00e9 pe\u010divo! Ste pripraven\u00ed sta\u0165 sa majite\u013eom neuverite\u013en\u00fdch bonusov?\" \/>\n<meta name=\"robots\" content=\"index, follow, max-snippet:-1, max-image-preview:large, max-video-preview:-1\" \/>\n<meta property=\"og:locale\" content=\"sk_SK\" \/>\n<meta property=\"og:type\" content=\"article\" \/>\n<meta property=\"og:title\" content=\"Promo k\u00f3d catcher od 1xSlots: Exkluz\u00edvne dar\u010deky ka\u017ed\u00fd utorok!\" \/>\n<meta property=\"og:description\" content=\"Za\u017eite vzru\u0161enie s promo k\u00f3dom 1xSlots! Ka\u017ed\u00fd utorok m\u00f4\u017eete z\u00edska\u0165 dva exkluz\u00edvne dar\u010deky. Nenechajte si ujs\u0165 svoju \u0161ancu \u2013 tieto promo k\u00f3dy sa pred\u00e1vaj\u00fa ako tepl\u00e9 pe\u010divo! Ste pripraven\u00ed sta\u0165 sa majite\u013eom neuverite\u013en\u00fdch bonusov?\" \/>\n<meta property=\"og:url\" content=\"https:\/\/1xslots.cafe\/sk\/bonus\/promo-code-catcher\/\" \/>\n<meta property=\"og:site_name\" content=\"1xslots sk\" \/>\n<meta property=\"article:modified_time\" content=\"2025-08-18T21:17:31+00:00\" \/>\n<meta name=\"twitter:card\" content=\"summary_large_image\" \/>\n<script type=\"application\/ld+json\" class=\"yoast-schema-graph\">{\"@context\":\"https:\/\/schema.org\",\"@graph\":[{\"@type\":\"WebPage\",\"@id\":\"https:\/\/1xslots.cafe\/sk\/bonus\/promo-code-catcher\/\",\"url\":\"https:\/\/1xslots.cafe\/sk\/bonus\/promo-code-catcher\/\",\"name\":\"Promo k\u00f3d catcher od 1xSlots: Exkluz\u00edvne dar\u010deky ka\u017ed\u00fd utorok!\",\"isPartOf\":{\"@id\":\"https:\/\/1xslots.cafe\/sk\/#website\"},\"datePublished\":\"2025-04-14T17:03:02+00:00\",\"dateModified\":\"2025-08-18T21:17:31+00:00\",\"description\":\"Za\u017eite vzru\u0161enie s promo k\u00f3dom 1xSlots! Ka\u017ed\u00fd utorok m\u00f4\u017eete z\u00edska\u0165 dva exkluz\u00edvne dar\u010deky. Nenechajte si ujs\u0165 svoju \u0161ancu \u2013 tieto promo k\u00f3dy sa pred\u00e1vaj\u00fa ako tepl\u00e9 pe\u010divo! Ste pripraven\u00ed sta\u0165 sa majite\u013eom neuverite\u013en\u00fdch bonusov?\",\"breadcrumb\":{\"@id\":\"https:\/\/1xslots.cafe\/sk\/bonus\/promo-code-catcher\/#breadcrumb\"},\"inLanguage\":\"sk-SK\",\"potentialAction\":[{\"@type\":\"ReadAction\",\"target\":[\"https:\/\/1xslots.cafe\/sk\/bonus\/promo-code-catcher\/\"]}]},{\"@type\":\"BreadcrumbList\",\"@id\":\"https:\/\/1xslots.cafe\/sk\/bonus\/promo-code-catcher\/#breadcrumb\",\"itemListElement\":[{\"@type\":\"ListItem\",\"position\":1,\"name\":\"\u0413\u043b\u0430\u0432\u043d\u0430\u044f \u0441\u0442\u0440\u0430\u043d\u0438\u0446\u0430\",\"item\":\"https:\/\/1xslots.cafe\/sk\/\"},{\"@type\":\"ListItem\",\"position\":2,\"name\":\"Bonus\",\"item\":\"https:\/\/1xslots.cafe\/sk\/bonus\/\"},{\"@type\":\"ListItem\",\"position\":3,\"name\":\"Promo k\u00f3d catcher\"}]},{\"@type\":\"WebSite\",\"@id\":\"https:\/\/1xslots.cafe\/sk\/#website\",\"url\":\"https:\/\/1xslots.cafe\/sk\/\",\"name\":\"1xslots sk\",\"description\":\"My WordPress Blog\",\"potentialAction\":[{\"@type\":\"SearchAction\",\"target\":{\"@type\":\"EntryPoint\",\"urlTemplate\":\"https:\/\/1xslots.cafe\/sk\/?s={search_term_string}\"},\"query-input\":{\"@type\":\"PropertyValueSpecification\",\"valueRequired\":true,\"valueName\":\"search_term_string\"}}],\"inLanguage\":\"sk-SK\"}]}<\/script>\n<!-- \/ Yoast SEO plugin. -->","yoast_head_json":{"title":"Promo k\u00f3d catcher od 1xSlots: Exkluz\u00edvne dar\u010deky ka\u017ed\u00fd utorok!","description":"Za\u017eite vzru\u0161enie s promo k\u00f3dom 1xSlots! Ka\u017ed\u00fd utorok m\u00f4\u017eete z\u00edska\u0165 dva exkluz\u00edvne dar\u010deky. Nenechajte si ujs\u0165 svoju \u0161ancu \u2013 tieto promo k\u00f3dy sa pred\u00e1vaj\u00fa ako tepl\u00e9 pe\u010divo! Ste pripraven\u00ed sta\u0165 sa majite\u013eom neuverite\u013en\u00fdch bonusov?","robots":{"index":"index","follow":"follow","max-snippet":"max-snippet:-1","max-image-preview":"max-image-preview:large","max-video-preview":"max-video-preview:-1"},"og_locale":"sk_SK","og_type":"article","og_title":"Promo k\u00f3d catcher od 1xSlots: Exkluz\u00edvne dar\u010deky ka\u017ed\u00fd utorok!","og_description":"Za\u017eite vzru\u0161enie s promo k\u00f3dom 1xSlots! Ka\u017ed\u00fd utorok m\u00f4\u017eete z\u00edska\u0165 dva exkluz\u00edvne dar\u010deky. Nenechajte si ujs\u0165 svoju \u0161ancu \u2013 tieto promo k\u00f3dy sa pred\u00e1vaj\u00fa ako tepl\u00e9 pe\u010divo! Ste pripraven\u00ed sta\u0165 sa majite\u013eom neuverite\u013en\u00fdch bonusov?","og_url":"https:\/\/1xslots.cafe\/sk\/bonus\/promo-code-catcher\/","og_site_name":"1xslots sk","article_modified_time":"2025-08-18T21:17:31+00:00","twitter_card":"summary_large_image","schema":{"@context":"https:\/\/schema.org","@graph":[{"@type":"WebPage","@id":"https:\/\/1xslots.cafe\/sk\/bonus\/promo-code-catcher\/","url":"https:\/\/1xslots.cafe\/sk\/bonus\/promo-code-catcher\/","name":"Promo k\u00f3d catcher od 1xSlots: Exkluz\u00edvne dar\u010deky ka\u017ed\u00fd utorok!","isPartOf":{"@id":"https:\/\/1xslots.cafe\/sk\/#website"},"datePublished":"2025-04-14T17:03:02+00:00","dateModified":"2025-08-18T21:17:31+00:00","description":"Za\u017eite vzru\u0161enie s promo k\u00f3dom 1xSlots! Ka\u017ed\u00fd utorok m\u00f4\u017eete z\u00edska\u0165 dva exkluz\u00edvne dar\u010deky. Nenechajte si ujs\u0165 svoju \u0161ancu \u2013 tieto promo k\u00f3dy sa pred\u00e1vaj\u00fa ako tepl\u00e9 pe\u010divo! Ste pripraven\u00ed sta\u0165 sa majite\u013eom neuverite\u013en\u00fdch bonusov?","breadcrumb":{"@id":"https:\/\/1xslots.cafe\/sk\/bonus\/promo-code-catcher\/#breadcrumb"},"inLanguage":"sk-SK","potentialAction":[{"@type":"ReadAction","target":["https:\/\/1xslots.cafe\/sk\/bonus\/promo-code-catcher\/"]}]},{"@type":"BreadcrumbList","@id":"https:\/\/1xslots.cafe\/sk\/bonus\/promo-code-catcher\/#breadcrumb","itemListElement":[{"@type":"ListItem","position":1,"name":"\u0413\u043b\u0430\u0432\u043d\u0430\u044f \u0441\u0442\u0440\u0430\u043d\u0438\u0446\u0430","item":"https:\/\/1xslots.cafe\/sk\/"},{"@type":"ListItem","position":2,"name":"Bonus","item":"https:\/\/1xslots.cafe\/sk\/bonus\/"},{"@type":"ListItem","position":3,"name":"Promo k\u00f3d catcher"}]},{"@type":"WebSite","@id":"https:\/\/1xslots.cafe\/sk\/#website","url":"https:\/\/1xslots.cafe\/sk\/","name":"1xslots sk","description":"My WordPress Blog","potentialAction":[{"@type":"SearchAction","target":{"@type":"EntryPoint","urlTemplate":"https:\/\/1xslots.cafe\/sk\/?s={search_term_string}"},"query-input":{"@type":"PropertyValueSpecification","valueRequired":true,"valueName":"search_term_string"}}],"inLanguage":"sk-SK"}]}},"_links":{"self":[{"href":"https:\/\/1xslots.cafe\/sk\/wp-json\/wp\/v2\/pages\/604"}],"collection":[{"href":"https:\/\/1xslots.cafe\/sk\/wp-json\/wp\/v2\/pages"}],"about":[{"href":"https:\/\/1xslots.cafe\/sk\/wp-json\/wp\/v2\/types\/page"}],"author":[{"embeddable":true,"href":"https:\/\/1xslots.cafe\/sk\/wp-json\/wp\/v2\/users\/1"}],"replies":[{"embeddable":true,"href":"https:\/\/1xslots.cafe\/sk\/wp-json\/wp\/v2\/comments?post=604"}],"version-history":[{"count":6,"href":"https:\/\/1xslots.cafe\/sk\/wp-json\/wp\/v2\/pages\/604\/revisions"}],"predecessor-version":[{"id":754,"href":"https:\/\/1xslots.cafe\/sk\/wp-json\/wp\/v2\/pages\/604\/revisions\/754"}],"up":[{"embeddable":true,"href":"https:\/\/1xslots.cafe\/sk\/wp-json\/wp\/v2\/pages\/152"}],"wp:attachment":[{"href":"https:\/\/1xslots.cafe\/sk\/wp-json\/wp\/v2\/media?parent=604"}],"curies":[{"name":"wp","href":"https:\/\/api.w.org\/{rel}","templated":true}]}}