{"id":598,"date":"2025-04-14T16:54:26","date_gmt":"2025-04-14T16:54:26","guid":{"rendered":"https:\/\/1xslots.cafe\/sk\/?page_id=598"},"modified":"2025-09-05T18:55:45","modified_gmt":"2025-09-05T18:55:45","slug":"100-on-mondays","status":"publish","type":"page","link":"https:\/\/1xslots.cafe\/sk\/bonus\/100-on-mondays\/","title":{"rendered":"100 % v pondelok"},"content":{"rendered":"","protected":false},"excerpt":{"rendered":"","protected":false},"author":1,"featured_media":0,"parent":152,"menu_order":0,"comment_status":"closed","ping_status":"closed","template":"","meta":{"footnotes":""},"class_list":["post-598","page","type-page","status-publish","hentry"],"yoast_head":"<!-- This site is optimized with the Yoast SEO plugin v23.4 - https:\/\/yoast.com\/wordpress\/plugins\/seo\/ -->\n<title>Bonus a\u017e do v\u00fd\u0161ky 300 EUR v pondelok v 1xSlots: Dvojit\u00fd vklad!<\/title>\n<meta name=\"description\" content=\"Ka\u017ed\u00fd pondelok m\u00e1te s 1xSlots \u0161ancu zdvojn\u00e1sobi\u0165 svoj vklad a\u017e do v\u00fd\u0161ky 300 EUR. Sta\u010d\u00ed vlo\u017ei\u0165 minim\u00e1lne 15 EUR a sledova\u0165, ako rast\u00fa va\u0161e v\u00fdhry! Nenechajte si ujs\u0165 t\u00fato skvel\u00fa pr\u00edle\u017eitos\u0165.\" \/>\n<meta name=\"robots\" content=\"index, follow, max-snippet:-1, max-image-preview:large, max-video-preview:-1\" \/>\n<meta property=\"og:locale\" content=\"sk_SK\" \/>\n<meta property=\"og:type\" content=\"article\" \/>\n<meta property=\"og:title\" content=\"Bonus a\u017e do v\u00fd\u0161ky 300 EUR v pondelok v 1xSlots: Dvojit\u00fd vklad!\" \/>\n<meta property=\"og:description\" content=\"Ka\u017ed\u00fd pondelok m\u00e1te s 1xSlots \u0161ancu zdvojn\u00e1sobi\u0165 svoj vklad a\u017e do v\u00fd\u0161ky 300 EUR. Sta\u010d\u00ed vlo\u017ei\u0165 minim\u00e1lne 15 EUR a sledova\u0165, ako rast\u00fa va\u0161e v\u00fdhry! Nenechajte si ujs\u0165 t\u00fato skvel\u00fa pr\u00edle\u017eitos\u0165.\" \/>\n<meta property=\"og:url\" content=\"https:\/\/1xslots.cafe\/sk\/bonus\/100-on-mondays\/\" \/>\n<meta property=\"og:site_name\" content=\"1xslots sk\" \/>\n<meta property=\"article:modified_time\" content=\"2025-09-05T18:55:45+00:00\" \/>\n<meta name=\"twitter:card\" content=\"summary_large_image\" \/>\n<script type=\"application\/ld+json\" class=\"yoast-schema-graph\">{\"@context\":\"https:\/\/schema.org\",\"@graph\":[{\"@type\":\"WebPage\",\"@id\":\"https:\/\/1xslots.cafe\/sk\/bonus\/100-on-mondays\/\",\"url\":\"https:\/\/1xslots.cafe\/sk\/bonus\/100-on-mondays\/\",\"name\":\"Bonus a\u017e do v\u00fd\u0161ky 300 EUR v pondelok v 1xSlots: Dvojit\u00fd vklad!\",\"isPartOf\":{\"@id\":\"https:\/\/1xslots.cafe\/sk\/#website\"},\"datePublished\":\"2025-04-14T16:54:26+00:00\",\"dateModified\":\"2025-09-05T18:55:45+00:00\",\"description\":\"Ka\u017ed\u00fd pondelok m\u00e1te s 1xSlots \u0161ancu zdvojn\u00e1sobi\u0165 svoj vklad a\u017e do v\u00fd\u0161ky 300 EUR. Sta\u010d\u00ed vlo\u017ei\u0165 minim\u00e1lne 15 EUR a sledova\u0165, ako rast\u00fa va\u0161e v\u00fdhry! Nenechajte si ujs\u0165 t\u00fato skvel\u00fa pr\u00edle\u017eitos\u0165.\",\"breadcrumb\":{\"@id\":\"https:\/\/1xslots.cafe\/sk\/bonus\/100-on-mondays\/#breadcrumb\"},\"inLanguage\":\"sk-SK\",\"potentialAction\":[{\"@type\":\"ReadAction\",\"target\":[\"https:\/\/1xslots.cafe\/sk\/bonus\/100-on-mondays\/\"]}]},{\"@type\":\"BreadcrumbList\",\"@id\":\"https:\/\/1xslots.cafe\/sk\/bonus\/100-on-mondays\/#breadcrumb\",\"itemListElement\":[{\"@type\":\"ListItem\",\"position\":1,\"name\":\"\u0413\u043b\u0430\u0432\u043d\u0430\u044f \u0441\u0442\u0440\u0430\u043d\u0438\u0446\u0430\",\"item\":\"https:\/\/1xslots.cafe\/sk\/\"},{\"@type\":\"ListItem\",\"position\":2,\"name\":\"Bonus\",\"item\":\"https:\/\/1xslots.cafe\/sk\/bonus\/\"},{\"@type\":\"ListItem\",\"position\":3,\"name\":\"100 % v pondelok\"}]},{\"@type\":\"WebSite\",\"@id\":\"https:\/\/1xslots.cafe\/sk\/#website\",\"url\":\"https:\/\/1xslots.cafe\/sk\/\",\"name\":\"1xslots sk\",\"description\":\"My WordPress Blog\",\"potentialAction\":[{\"@type\":\"SearchAction\",\"target\":{\"@type\":\"EntryPoint\",\"urlTemplate\":\"https:\/\/1xslots.cafe\/sk\/?s={search_term_string}\"},\"query-input\":{\"@type\":\"PropertyValueSpecification\",\"valueRequired\":true,\"valueName\":\"search_term_string\"}}],\"inLanguage\":\"sk-SK\"}]}<\/script>\n<!-- \/ Yoast SEO plugin. -->","yoast_head_json":{"title":"Bonus a\u017e do v\u00fd\u0161ky 300 EUR v pondelok v 1xSlots: Dvojit\u00fd vklad!","description":"Ka\u017ed\u00fd pondelok m\u00e1te s 1xSlots \u0161ancu zdvojn\u00e1sobi\u0165 svoj vklad a\u017e do v\u00fd\u0161ky 300 EUR. Sta\u010d\u00ed vlo\u017ei\u0165 minim\u00e1lne 15 EUR a sledova\u0165, ako rast\u00fa va\u0161e v\u00fdhry! Nenechajte si ujs\u0165 t\u00fato skvel\u00fa pr\u00edle\u017eitos\u0165.","robots":{"index":"index","follow":"follow","max-snippet":"max-snippet:-1","max-image-preview":"max-image-preview:large","max-video-preview":"max-video-preview:-1"},"og_locale":"sk_SK","og_type":"article","og_title":"Bonus a\u017e do v\u00fd\u0161ky 300 EUR v pondelok v 1xSlots: Dvojit\u00fd vklad!","og_description":"Ka\u017ed\u00fd pondelok m\u00e1te s 1xSlots \u0161ancu zdvojn\u00e1sobi\u0165 svoj vklad a\u017e do v\u00fd\u0161ky 300 EUR. Sta\u010d\u00ed vlo\u017ei\u0165 minim\u00e1lne 15 EUR a sledova\u0165, ako rast\u00fa va\u0161e v\u00fdhry! Nenechajte si ujs\u0165 t\u00fato skvel\u00fa pr\u00edle\u017eitos\u0165.","og_url":"https:\/\/1xslots.cafe\/sk\/bonus\/100-on-mondays\/","og_site_name":"1xslots sk","article_modified_time":"2025-09-05T18:55:45+00:00","twitter_card":"summary_large_image","schema":{"@context":"https:\/\/schema.org","@graph":[{"@type":"WebPage","@id":"https:\/\/1xslots.cafe\/sk\/bonus\/100-on-mondays\/","url":"https:\/\/1xslots.cafe\/sk\/bonus\/100-on-mondays\/","name":"Bonus a\u017e do v\u00fd\u0161ky 300 EUR v pondelok v 1xSlots: Dvojit\u00fd vklad!","isPartOf":{"@id":"https:\/\/1xslots.cafe\/sk\/#website"},"datePublished":"2025-04-14T16:54:26+00:00","dateModified":"2025-09-05T18:55:45+00:00","description":"Ka\u017ed\u00fd pondelok m\u00e1te s 1xSlots \u0161ancu zdvojn\u00e1sobi\u0165 svoj vklad a\u017e do v\u00fd\u0161ky 300 EUR. Sta\u010d\u00ed vlo\u017ei\u0165 minim\u00e1lne 15 EUR a sledova\u0165, ako rast\u00fa va\u0161e v\u00fdhry! Nenechajte si ujs\u0165 t\u00fato skvel\u00fa pr\u00edle\u017eitos\u0165.","breadcrumb":{"@id":"https:\/\/1xslots.cafe\/sk\/bonus\/100-on-mondays\/#breadcrumb"},"inLanguage":"sk-SK","potentialAction":[{"@type":"ReadAction","target":["https:\/\/1xslots.cafe\/sk\/bonus\/100-on-mondays\/"]}]},{"@type":"BreadcrumbList","@id":"https:\/\/1xslots.cafe\/sk\/bonus\/100-on-mondays\/#breadcrumb","itemListElement":[{"@type":"ListItem","position":1,"name":"\u0413\u043b\u0430\u0432\u043d\u0430\u044f \u0441\u0442\u0440\u0430\u043d\u0438\u0446\u0430","item":"https:\/\/1xslots.cafe\/sk\/"},{"@type":"ListItem","position":2,"name":"Bonus","item":"https:\/\/1xslots.cafe\/sk\/bonus\/"},{"@type":"ListItem","position":3,"name":"100 % v pondelok"}]},{"@type":"WebSite","@id":"https:\/\/1xslots.cafe\/sk\/#website","url":"https:\/\/1xslots.cafe\/sk\/","name":"1xslots sk","description":"My WordPress Blog","potentialAction":[{"@type":"SearchAction","target":{"@type":"EntryPoint","urlTemplate":"https:\/\/1xslots.cafe\/sk\/?s={search_term_string}"},"query-input":{"@type":"PropertyValueSpecification","valueRequired":true,"valueName":"search_term_string"}}],"inLanguage":"sk-SK"}]}},"_links":{"self":[{"href":"https:\/\/1xslots.cafe\/sk\/wp-json\/wp\/v2\/pages\/598"}],"collection":[{"href":"https:\/\/1xslots.cafe\/sk\/wp-json\/wp\/v2\/pages"}],"about":[{"href":"https:\/\/1xslots.cafe\/sk\/wp-json\/wp\/v2\/types\/page"}],"author":[{"embeddable":true,"href":"https:\/\/1xslots.cafe\/sk\/wp-json\/wp\/v2\/users\/1"}],"replies":[{"embeddable":true,"href":"https:\/\/1xslots.cafe\/sk\/wp-json\/wp\/v2\/comments?post=598"}],"version-history":[{"count":6,"href":"https:\/\/1xslots.cafe\/sk\/wp-json\/wp\/v2\/pages\/598\/revisions"}],"predecessor-version":[{"id":749,"href":"https:\/\/1xslots.cafe\/sk\/wp-json\/wp\/v2\/pages\/598\/revisions\/749"}],"up":[{"embeddable":true,"href":"https:\/\/1xslots.cafe\/sk\/wp-json\/wp\/v2\/pages\/152"}],"wp:attachment":[{"href":"https:\/\/1xslots.cafe\/sk\/wp-json\/wp\/v2\/media?parent=598"}],"curies":[{"name":"wp","href":"https:\/\/api.w.org\/{rel}","templated":true}]}}