{"id":499,"date":"2025-02-26T06:12:57","date_gmt":"2025-02-26T06:12:57","guid":{"rendered":"https:\/\/1xslots.cafe\/pl\/?page_id=499"},"modified":"2025-04-08T07:06:10","modified_gmt":"2025-04-08T07:06:10","slug":"apk","status":"publish","type":"page","link":"https:\/\/1xslots.cafe\/pl\/apk\/","title":{"rendered":"Apk"},"content":{"rendered":"","protected":false},"excerpt":{"rendered":"","protected":false},"author":1,"featured_media":0,"parent":0,"menu_order":0,"comment_status":"closed","ping_status":"closed","template":"","meta":{"footnotes":""},"class_list":["post-499","page","type-page","status-publish","hentry"],"yoast_head":"<!-- This site is optimized with the Yoast SEO plugin v23.4 - https:\/\/yoast.com\/wordpress\/plugins\/seo\/ -->\n<title>Pobierz 1xSlots Apk na Androida: Szybkie i bezpieczne zak\u0142ady mobilne<\/title>\n<meta name=\"description\" content=\"Pobierz aplikacj\u0119 1xSlots Polska na Androida (APK) i ciesz si\u0119 szybkimi, bezpiecznymi i wygodnymi zak\u0142adami mobilnymi. Pobierz najnowsz\u0105 wersj\u0119 i zacznij gra\u0107 ju\u017c dzi\u015b!\" \/>\n<meta name=\"robots\" content=\"index, follow, max-snippet:-1, max-image-preview:large, max-video-preview:-1\" \/>\n<meta property=\"og:locale\" content=\"pl_PL\" \/>\n<meta property=\"og:type\" content=\"article\" \/>\n<meta property=\"og:title\" content=\"Pobierz 1xSlots Apk na Androida: Szybkie i bezpieczne zak\u0142ady mobilne\" \/>\n<meta property=\"og:description\" content=\"Pobierz aplikacj\u0119 1xSlots Polska na Androida (APK) i ciesz si\u0119 szybkimi, bezpiecznymi i wygodnymi zak\u0142adami mobilnymi. Pobierz najnowsz\u0105 wersj\u0119 i zacznij gra\u0107 ju\u017c dzi\u015b!\" \/>\n<meta property=\"og:url\" content=\"https:\/\/1xslots.cafe\/pl\/apk\/\" \/>\n<meta property=\"og:site_name\" content=\"1xSlots pl\" \/>\n<meta property=\"article:modified_time\" content=\"2025-04-08T07:06:10+00:00\" \/>\n<meta name=\"twitter:card\" content=\"summary_large_image\" \/>\n<script type=\"application\/ld+json\" class=\"yoast-schema-graph\">{\"@context\":\"https:\/\/schema.org\",\"@graph\":[{\"@type\":\"WebPage\",\"@id\":\"https:\/\/1xslots.cafe\/pl\/apk\/\",\"url\":\"https:\/\/1xslots.cafe\/pl\/apk\/\",\"name\":\"Pobierz 1xSlots Apk na Androida: Szybkie i bezpieczne zak\u0142ady mobilne\",\"isPartOf\":{\"@id\":\"https:\/\/1xslots.cafe\/pl\/#website\"},\"datePublished\":\"2025-02-26T06:12:57+00:00\",\"dateModified\":\"2025-04-08T07:06:10+00:00\",\"description\":\"Pobierz aplikacj\u0119 1xSlots Polska na Androida (APK) i ciesz si\u0119 szybkimi, bezpiecznymi i wygodnymi zak\u0142adami mobilnymi. Pobierz najnowsz\u0105 wersj\u0119 i zacznij gra\u0107 ju\u017c dzi\u015b!\",\"breadcrumb\":{\"@id\":\"https:\/\/1xslots.cafe\/pl\/apk\/#breadcrumb\"},\"inLanguage\":\"pl-PL\",\"potentialAction\":[{\"@type\":\"ReadAction\",\"target\":[\"https:\/\/1xslots.cafe\/pl\/apk\/\"]}]},{\"@type\":\"BreadcrumbList\",\"@id\":\"https:\/\/1xslots.cafe\/pl\/apk\/#breadcrumb\",\"itemListElement\":[{\"@type\":\"ListItem\",\"position\":1,\"name\":\"\u0413\u043b\u0430\u0432\u043d\u0430\u044f \u0441\u0442\u0440\u0430\u043d\u0438\u0446\u0430\",\"item\":\"https:\/\/1xslots.cafe\/pl\/\"},{\"@type\":\"ListItem\",\"position\":2,\"name\":\"Apk\"}]},{\"@type\":\"WebSite\",\"@id\":\"https:\/\/1xslots.cafe\/pl\/#website\",\"url\":\"https:\/\/1xslots.cafe\/pl\/\",\"name\":\"1xSlots pl\",\"description\":\"My WordPress Blog\",\"potentialAction\":[{\"@type\":\"SearchAction\",\"target\":{\"@type\":\"EntryPoint\",\"urlTemplate\":\"https:\/\/1xslots.cafe\/pl\/?s={search_term_string}\"},\"query-input\":{\"@type\":\"PropertyValueSpecification\",\"valueRequired\":true,\"valueName\":\"search_term_string\"}}],\"inLanguage\":\"pl-PL\"}]}<\/script>\n<!-- \/ Yoast SEO plugin. -->","yoast_head_json":{"title":"Pobierz 1xSlots Apk na Androida: Szybkie i bezpieczne zak\u0142ady mobilne","description":"Pobierz aplikacj\u0119 1xSlots Polska na Androida (APK) i ciesz si\u0119 szybkimi, bezpiecznymi i wygodnymi zak\u0142adami mobilnymi. Pobierz najnowsz\u0105 wersj\u0119 i zacznij gra\u0107 ju\u017c dzi\u015b!","robots":{"index":"index","follow":"follow","max-snippet":"max-snippet:-1","max-image-preview":"max-image-preview:large","max-video-preview":"max-video-preview:-1"},"og_locale":"pl_PL","og_type":"article","og_title":"Pobierz 1xSlots Apk na Androida: Szybkie i bezpieczne zak\u0142ady mobilne","og_description":"Pobierz aplikacj\u0119 1xSlots Polska na Androida (APK) i ciesz si\u0119 szybkimi, bezpiecznymi i wygodnymi zak\u0142adami mobilnymi. Pobierz najnowsz\u0105 wersj\u0119 i zacznij gra\u0107 ju\u017c dzi\u015b!","og_url":"https:\/\/1xslots.cafe\/pl\/apk\/","og_site_name":"1xSlots pl","article_modified_time":"2025-04-08T07:06:10+00:00","twitter_card":"summary_large_image","schema":{"@context":"https:\/\/schema.org","@graph":[{"@type":"WebPage","@id":"https:\/\/1xslots.cafe\/pl\/apk\/","url":"https:\/\/1xslots.cafe\/pl\/apk\/","name":"Pobierz 1xSlots Apk na Androida: Szybkie i bezpieczne zak\u0142ady mobilne","isPartOf":{"@id":"https:\/\/1xslots.cafe\/pl\/#website"},"datePublished":"2025-02-26T06:12:57+00:00","dateModified":"2025-04-08T07:06:10+00:00","description":"Pobierz aplikacj\u0119 1xSlots Polska na Androida (APK) i ciesz si\u0119 szybkimi, bezpiecznymi i wygodnymi zak\u0142adami mobilnymi. Pobierz najnowsz\u0105 wersj\u0119 i zacznij gra\u0107 ju\u017c dzi\u015b!","breadcrumb":{"@id":"https:\/\/1xslots.cafe\/pl\/apk\/#breadcrumb"},"inLanguage":"pl-PL","potentialAction":[{"@type":"ReadAction","target":["https:\/\/1xslots.cafe\/pl\/apk\/"]}]},{"@type":"BreadcrumbList","@id":"https:\/\/1xslots.cafe\/pl\/apk\/#breadcrumb","itemListElement":[{"@type":"ListItem","position":1,"name":"\u0413\u043b\u0430\u0432\u043d\u0430\u044f \u0441\u0442\u0440\u0430\u043d\u0438\u0446\u0430","item":"https:\/\/1xslots.cafe\/pl\/"},{"@type":"ListItem","position":2,"name":"Apk"}]},{"@type":"WebSite","@id":"https:\/\/1xslots.cafe\/pl\/#website","url":"https:\/\/1xslots.cafe\/pl\/","name":"1xSlots pl","description":"My WordPress Blog","potentialAction":[{"@type":"SearchAction","target":{"@type":"EntryPoint","urlTemplate":"https:\/\/1xslots.cafe\/pl\/?s={search_term_string}"},"query-input":{"@type":"PropertyValueSpecification","valueRequired":true,"valueName":"search_term_string"}}],"inLanguage":"pl-PL"}]}},"_links":{"self":[{"href":"https:\/\/1xslots.cafe\/pl\/wp-json\/wp\/v2\/pages\/499"}],"collection":[{"href":"https:\/\/1xslots.cafe\/pl\/wp-json\/wp\/v2\/pages"}],"about":[{"href":"https:\/\/1xslots.cafe\/pl\/wp-json\/wp\/v2\/types\/page"}],"author":[{"embeddable":true,"href":"https:\/\/1xslots.cafe\/pl\/wp-json\/wp\/v2\/users\/1"}],"replies":[{"embeddable":true,"href":"https:\/\/1xslots.cafe\/pl\/wp-json\/wp\/v2\/comments?post=499"}],"version-history":[{"count":7,"href":"https:\/\/1xslots.cafe\/pl\/wp-json\/wp\/v2\/pages\/499\/revisions"}],"predecessor-version":[{"id":582,"href":"https:\/\/1xslots.cafe\/pl\/wp-json\/wp\/v2\/pages\/499\/revisions\/582"}],"wp:attachment":[{"href":"https:\/\/1xslots.cafe\/pl\/wp-json\/wp\/v2\/media?parent=499"}],"curies":[{"name":"wp","href":"https:\/\/api.w.org\/{rel}","templated":true}]}}