{"id":528,"date":"2025-02-26T09:46:16","date_gmt":"2025-02-26T09:46:16","guid":{"rendered":"https:\/\/1xslots.cafe\/mx\/?page_id=528"},"modified":"2025-03-29T07:03:49","modified_gmt":"2025-03-29T07:03:49","slug":"login","status":"publish","type":"page","link":"https:\/\/1xslots.cafe\/mx\/login\/","title":{"rendered":"Inicio de sesi\u00f3n"},"content":{"rendered":"","protected":false},"excerpt":{"rendered":"","protected":false},"author":1,"featured_media":0,"parent":0,"menu_order":0,"comment_status":"closed","ping_status":"closed","template":"","meta":{"footnotes":""},"class_list":["post-528","page","type-page","status-publish","hentry"],"yoast_head":"<!-- This site is optimized with the Yoast SEO plugin v23.4 - https:\/\/yoast.com\/wordpress\/plugins\/seo\/ -->\n<title>Inicio de sesi\u00f3n 1xSlots: C\u00f3mo iniciar sesi\u00f3n r\u00e1pida y f\u00e1cilmente<\/title>\n<meta name=\"description\" content=\"Aprenda lo f\u00e1cil que es iniciar sesi\u00f3n en su cuenta personal 1xSlots M\u00e9xico. Instrucciones paso a paso sobre autorizaci\u00f3n, resoluci\u00f3n de problemas de inicio de sesi\u00f3n y c\u00f3modo inicio de sesi\u00f3n desde cualquier dispositivo.\" \/>\n<meta name=\"robots\" content=\"index, follow, max-snippet:-1, max-image-preview:large, max-video-preview:-1\" \/>\n<meta property=\"og:locale\" content=\"es_MX\" \/>\n<meta property=\"og:type\" content=\"article\" \/>\n<meta property=\"og:title\" content=\"Inicio de sesi\u00f3n 1xSlots: C\u00f3mo iniciar sesi\u00f3n r\u00e1pida y f\u00e1cilmente\" \/>\n<meta property=\"og:description\" content=\"Aprenda lo f\u00e1cil que es iniciar sesi\u00f3n en su cuenta personal 1xSlots M\u00e9xico. Instrucciones paso a paso sobre autorizaci\u00f3n, resoluci\u00f3n de problemas de inicio de sesi\u00f3n y c\u00f3modo inicio de sesi\u00f3n desde cualquier dispositivo.\" \/>\n<meta property=\"og:url\" content=\"https:\/\/1xslots.cafe\/mx\/login\/\" \/>\n<meta property=\"og:site_name\" content=\"1xSlots mx\" \/>\n<meta property=\"article:modified_time\" content=\"2025-03-29T07:03:49+00:00\" \/>\n<meta name=\"twitter:card\" content=\"summary_large_image\" \/>\n<script type=\"application\/ld+json\" class=\"yoast-schema-graph\">{\"@context\":\"https:\/\/schema.org\",\"@graph\":[{\"@type\":\"WebPage\",\"@id\":\"https:\/\/1xslots.cafe\/mx\/login\/\",\"url\":\"https:\/\/1xslots.cafe\/mx\/login\/\",\"name\":\"Inicio de sesi\u00f3n 1xSlots: C\u00f3mo iniciar sesi\u00f3n r\u00e1pida y f\u00e1cilmente\",\"isPartOf\":{\"@id\":\"https:\/\/1xslots.cafe\/mx\/#website\"},\"datePublished\":\"2025-02-26T09:46:16+00:00\",\"dateModified\":\"2025-03-29T07:03:49+00:00\",\"description\":\"Aprenda lo f\u00e1cil que es iniciar sesi\u00f3n en su cuenta personal 1xSlots M\u00e9xico. Instrucciones paso a paso sobre autorizaci\u00f3n, resoluci\u00f3n de problemas de inicio de sesi\u00f3n y c\u00f3modo inicio de sesi\u00f3n desde cualquier dispositivo.\",\"breadcrumb\":{\"@id\":\"https:\/\/1xslots.cafe\/mx\/login\/#breadcrumb\"},\"inLanguage\":\"es\",\"potentialAction\":[{\"@type\":\"ReadAction\",\"target\":[\"https:\/\/1xslots.cafe\/mx\/login\/\"]}]},{\"@type\":\"BreadcrumbList\",\"@id\":\"https:\/\/1xslots.cafe\/mx\/login\/#breadcrumb\",\"itemListElement\":[{\"@type\":\"ListItem\",\"position\":1,\"name\":\"\u0413\u043b\u0430\u0432\u043d\u0430\u044f \u0441\u0442\u0440\u0430\u043d\u0438\u0446\u0430\",\"item\":\"https:\/\/1xslots.cafe\/mx\/\"},{\"@type\":\"ListItem\",\"position\":2,\"name\":\"Inicio de sesi\u00f3n\"}]},{\"@type\":\"WebSite\",\"@id\":\"https:\/\/1xslots.cafe\/mx\/#website\",\"url\":\"https:\/\/1xslots.cafe\/mx\/\",\"name\":\"1xSlots mx\",\"description\":\"My WordPress Blog\",\"potentialAction\":[{\"@type\":\"SearchAction\",\"target\":{\"@type\":\"EntryPoint\",\"urlTemplate\":\"https:\/\/1xslots.cafe\/mx\/?s={search_term_string}\"},\"query-input\":{\"@type\":\"PropertyValueSpecification\",\"valueRequired\":true,\"valueName\":\"search_term_string\"}}],\"inLanguage\":\"es\"}]}<\/script>\n<!-- \/ Yoast SEO plugin. -->","yoast_head_json":{"title":"Inicio de sesi\u00f3n 1xSlots: C\u00f3mo iniciar sesi\u00f3n r\u00e1pida y f\u00e1cilmente","description":"Aprenda lo f\u00e1cil que es iniciar sesi\u00f3n en su cuenta personal 1xSlots M\u00e9xico. Instrucciones paso a paso sobre autorizaci\u00f3n, resoluci\u00f3n de problemas de inicio de sesi\u00f3n y c\u00f3modo inicio de sesi\u00f3n desde cualquier dispositivo.","robots":{"index":"index","follow":"follow","max-snippet":"max-snippet:-1","max-image-preview":"max-image-preview:large","max-video-preview":"max-video-preview:-1"},"og_locale":"es_MX","og_type":"article","og_title":"Inicio de sesi\u00f3n 1xSlots: C\u00f3mo iniciar sesi\u00f3n r\u00e1pida y f\u00e1cilmente","og_description":"Aprenda lo f\u00e1cil que es iniciar sesi\u00f3n en su cuenta personal 1xSlots M\u00e9xico. Instrucciones paso a paso sobre autorizaci\u00f3n, resoluci\u00f3n de problemas de inicio de sesi\u00f3n y c\u00f3modo inicio de sesi\u00f3n desde cualquier dispositivo.","og_url":"https:\/\/1xslots.cafe\/mx\/login\/","og_site_name":"1xSlots mx","article_modified_time":"2025-03-29T07:03:49+00:00","twitter_card":"summary_large_image","schema":{"@context":"https:\/\/schema.org","@graph":[{"@type":"WebPage","@id":"https:\/\/1xslots.cafe\/mx\/login\/","url":"https:\/\/1xslots.cafe\/mx\/login\/","name":"Inicio de sesi\u00f3n 1xSlots: C\u00f3mo iniciar sesi\u00f3n r\u00e1pida y f\u00e1cilmente","isPartOf":{"@id":"https:\/\/1xslots.cafe\/mx\/#website"},"datePublished":"2025-02-26T09:46:16+00:00","dateModified":"2025-03-29T07:03:49+00:00","description":"Aprenda lo f\u00e1cil que es iniciar sesi\u00f3n en su cuenta personal 1xSlots M\u00e9xico. Instrucciones paso a paso sobre autorizaci\u00f3n, resoluci\u00f3n de problemas de inicio de sesi\u00f3n y c\u00f3modo inicio de sesi\u00f3n desde cualquier dispositivo.","breadcrumb":{"@id":"https:\/\/1xslots.cafe\/mx\/login\/#breadcrumb"},"inLanguage":"es","potentialAction":[{"@type":"ReadAction","target":["https:\/\/1xslots.cafe\/mx\/login\/"]}]},{"@type":"BreadcrumbList","@id":"https:\/\/1xslots.cafe\/mx\/login\/#breadcrumb","itemListElement":[{"@type":"ListItem","position":1,"name":"\u0413\u043b\u0430\u0432\u043d\u0430\u044f \u0441\u0442\u0440\u0430\u043d\u0438\u0446\u0430","item":"https:\/\/1xslots.cafe\/mx\/"},{"@type":"ListItem","position":2,"name":"Inicio de sesi\u00f3n"}]},{"@type":"WebSite","@id":"https:\/\/1xslots.cafe\/mx\/#website","url":"https:\/\/1xslots.cafe\/mx\/","name":"1xSlots mx","description":"My WordPress Blog","potentialAction":[{"@type":"SearchAction","target":{"@type":"EntryPoint","urlTemplate":"https:\/\/1xslots.cafe\/mx\/?s={search_term_string}"},"query-input":{"@type":"PropertyValueSpecification","valueRequired":true,"valueName":"search_term_string"}}],"inLanguage":"es"}]}},"_links":{"self":[{"href":"https:\/\/1xslots.cafe\/mx\/wp-json\/wp\/v2\/pages\/528"}],"collection":[{"href":"https:\/\/1xslots.cafe\/mx\/wp-json\/wp\/v2\/pages"}],"about":[{"href":"https:\/\/1xslots.cafe\/mx\/wp-json\/wp\/v2\/types\/page"}],"author":[{"embeddable":true,"href":"https:\/\/1xslots.cafe\/mx\/wp-json\/wp\/v2\/users\/1"}],"replies":[{"embeddable":true,"href":"https:\/\/1xslots.cafe\/mx\/wp-json\/wp\/v2\/comments?post=528"}],"version-history":[{"count":1,"href":"https:\/\/1xslots.cafe\/mx\/wp-json\/wp\/v2\/pages\/528\/revisions"}],"predecessor-version":[{"id":586,"href":"https:\/\/1xslots.cafe\/mx\/wp-json\/wp\/v2\/pages\/528\/revisions\/586"}],"wp:attachment":[{"href":"https:\/\/1xslots.cafe\/mx\/wp-json\/wp\/v2\/media?parent=528"}],"curies":[{"name":"wp","href":"https:\/\/api.w.org\/{rel}","templated":true}]}}