{"id":604,"date":"2025-04-14T17:03:02","date_gmt":"2025-04-14T17:03:02","guid":{"rendered":"https:\/\/1xslots.cafe\/?page_id=604"},"modified":"2025-05-28T12:22:45","modified_gmt":"2025-05-28T12:22:45","slug":"promo-code-catcher","status":"publish","type":"page","link":"https:\/\/1xslots.cafe\/hu\/bonus\/promo-code-catcher\/","title":{"rendered":"Promo k\u00f3d fog\u00f3"},"content":{"rendered":"","protected":false},"excerpt":{"rendered":"","protected":false},"author":1,"featured_media":0,"parent":152,"menu_order":0,"comment_status":"closed","ping_status":"closed","template":"","meta":{"footnotes":""},"class_list":["post-604","page","type-page","status-publish","hentry"],"yoast_head":"<!-- This site is optimized with the Yoast SEO plugin v23.4 - https:\/\/yoast.com\/wordpress\/plugins\/seo\/ -->\n<title>Promo k\u00f3dfog\u00f3 az 1xSlots-t\u00f3l: Exkluz\u00edv aj\u00e1nd\u00e9kok minden kedden!<\/title>\n<meta name=\"description\" content=\"Tapasztalja meg az izgalom 1xSlots prom\u00f3ci\u00f3s k\u00f3dot catcher! Minden kedden k\u00e9t exkluz\u00edv aj\u00e1nd\u00e9kot vehetsz \u00e1t. Ne hagyja ki a lehet\u0151s\u00e9get - ezek a prom\u00f3ci\u00f3s k\u00f3dok fogynak, mint a cukrot! K\u00e9szen \u00e1llsz arra, hogy hihetetlen b\u00f3nuszok tulajdonos\u00e1v\u00e1 v\u00e1lj?\" \/>\n<meta name=\"robots\" content=\"index, follow, max-snippet:-1, max-image-preview:large, max-video-preview:-1\" \/>\n<meta property=\"og:locale\" content=\"hu_HU\" \/>\n<meta property=\"og:type\" content=\"article\" \/>\n<meta property=\"og:title\" content=\"Promo k\u00f3dfog\u00f3 az 1xSlots-t\u00f3l: Exkluz\u00edv aj\u00e1nd\u00e9kok minden kedden!\" \/>\n<meta property=\"og:description\" content=\"Tapasztalja meg az izgalom 1xSlots prom\u00f3ci\u00f3s k\u00f3dot catcher! Minden kedden k\u00e9t exkluz\u00edv aj\u00e1nd\u00e9kot vehetsz \u00e1t. Ne hagyja ki a lehet\u0151s\u00e9get - ezek a prom\u00f3ci\u00f3s k\u00f3dok fogynak, mint a cukrot! K\u00e9szen \u00e1llsz arra, hogy hihetetlen b\u00f3nuszok tulajdonos\u00e1v\u00e1 v\u00e1lj?\" \/>\n<meta property=\"og:url\" content=\"https:\/\/1xslots.cafe\/hu\/bonus\/promo-code-catcher\/\" \/>\n<meta property=\"og:site_name\" content=\"1xSlots hu\" \/>\n<meta property=\"article:modified_time\" content=\"2025-05-28T12:22:45+00:00\" \/>\n<meta name=\"twitter:card\" content=\"summary_large_image\" \/>\n<script type=\"application\/ld+json\" class=\"yoast-schema-graph\">{\"@context\":\"https:\/\/schema.org\",\"@graph\":[{\"@type\":\"WebPage\",\"@id\":\"https:\/\/1xslots.cafe\/hu\/bonus\/promo-code-catcher\/\",\"url\":\"https:\/\/1xslots.cafe\/hu\/bonus\/promo-code-catcher\/\",\"name\":\"Promo k\u00f3dfog\u00f3 az 1xSlots-t\u00f3l: Exkluz\u00edv aj\u00e1nd\u00e9kok minden kedden!\",\"isPartOf\":{\"@id\":\"https:\/\/1xslots.cafe\/hu\/#website\"},\"datePublished\":\"2025-04-14T17:03:02+00:00\",\"dateModified\":\"2025-05-28T12:22:45+00:00\",\"description\":\"Tapasztalja meg az izgalom 1xSlots prom\u00f3ci\u00f3s k\u00f3dot catcher! Minden kedden k\u00e9t exkluz\u00edv aj\u00e1nd\u00e9kot vehetsz \u00e1t. Ne hagyja ki a lehet\u0151s\u00e9get - ezek a prom\u00f3ci\u00f3s k\u00f3dok fogynak, mint a cukrot! K\u00e9szen \u00e1llsz arra, hogy hihetetlen b\u00f3nuszok tulajdonos\u00e1v\u00e1 v\u00e1lj?\",\"breadcrumb\":{\"@id\":\"https:\/\/1xslots.cafe\/hu\/bonus\/promo-code-catcher\/#breadcrumb\"},\"inLanguage\":\"hu\",\"potentialAction\":[{\"@type\":\"ReadAction\",\"target\":[\"https:\/\/1xslots.cafe\/hu\/bonus\/promo-code-catcher\/\"]}]},{\"@type\":\"BreadcrumbList\",\"@id\":\"https:\/\/1xslots.cafe\/hu\/bonus\/promo-code-catcher\/#breadcrumb\",\"itemListElement\":[{\"@type\":\"ListItem\",\"position\":1,\"name\":\"\u0413\u043b\u0430\u0432\u043d\u0430\u044f \u0441\u0442\u0440\u0430\u043d\u0438\u0446\u0430\",\"item\":\"https:\/\/1xslots.cafe\/hu\/\"},{\"@type\":\"ListItem\",\"position\":2,\"name\":\"B\u00f3nusz\",\"item\":\"https:\/\/1xslots.cafe\/hu\/bonus\/\"},{\"@type\":\"ListItem\",\"position\":3,\"name\":\"Promo k\u00f3d fog\u00f3\"}]},{\"@type\":\"WebSite\",\"@id\":\"https:\/\/1xslots.cafe\/hu\/#website\",\"url\":\"https:\/\/1xslots.cafe\/hu\/\",\"name\":\"1xSlots hu\",\"description\":\"My WordPress Blog\",\"potentialAction\":[{\"@type\":\"SearchAction\",\"target\":{\"@type\":\"EntryPoint\",\"urlTemplate\":\"https:\/\/1xslots.cafe\/hu\/?s={search_term_string}\"},\"query-input\":{\"@type\":\"PropertyValueSpecification\",\"valueRequired\":true,\"valueName\":\"search_term_string\"}}],\"inLanguage\":\"hu\"}]}<\/script>\n<!-- \/ Yoast SEO plugin. -->","yoast_head_json":{"title":"Promo k\u00f3dfog\u00f3 az 1xSlots-t\u00f3l: Exkluz\u00edv aj\u00e1nd\u00e9kok minden kedden!","description":"Tapasztalja meg az izgalom 1xSlots prom\u00f3ci\u00f3s k\u00f3dot catcher! Minden kedden k\u00e9t exkluz\u00edv aj\u00e1nd\u00e9kot vehetsz \u00e1t. Ne hagyja ki a lehet\u0151s\u00e9get - ezek a prom\u00f3ci\u00f3s k\u00f3dok fogynak, mint a cukrot! K\u00e9szen \u00e1llsz arra, hogy hihetetlen b\u00f3nuszok tulajdonos\u00e1v\u00e1 v\u00e1lj?","robots":{"index":"index","follow":"follow","max-snippet":"max-snippet:-1","max-image-preview":"max-image-preview:large","max-video-preview":"max-video-preview:-1"},"og_locale":"hu_HU","og_type":"article","og_title":"Promo k\u00f3dfog\u00f3 az 1xSlots-t\u00f3l: Exkluz\u00edv aj\u00e1nd\u00e9kok minden kedden!","og_description":"Tapasztalja meg az izgalom 1xSlots prom\u00f3ci\u00f3s k\u00f3dot catcher! Minden kedden k\u00e9t exkluz\u00edv aj\u00e1nd\u00e9kot vehetsz \u00e1t. Ne hagyja ki a lehet\u0151s\u00e9get - ezek a prom\u00f3ci\u00f3s k\u00f3dok fogynak, mint a cukrot! K\u00e9szen \u00e1llsz arra, hogy hihetetlen b\u00f3nuszok tulajdonos\u00e1v\u00e1 v\u00e1lj?","og_url":"https:\/\/1xslots.cafe\/hu\/bonus\/promo-code-catcher\/","og_site_name":"1xSlots hu","article_modified_time":"2025-05-28T12:22:45+00:00","twitter_card":"summary_large_image","schema":{"@context":"https:\/\/schema.org","@graph":[{"@type":"WebPage","@id":"https:\/\/1xslots.cafe\/hu\/bonus\/promo-code-catcher\/","url":"https:\/\/1xslots.cafe\/hu\/bonus\/promo-code-catcher\/","name":"Promo k\u00f3dfog\u00f3 az 1xSlots-t\u00f3l: Exkluz\u00edv aj\u00e1nd\u00e9kok minden kedden!","isPartOf":{"@id":"https:\/\/1xslots.cafe\/hu\/#website"},"datePublished":"2025-04-14T17:03:02+00:00","dateModified":"2025-05-28T12:22:45+00:00","description":"Tapasztalja meg az izgalom 1xSlots prom\u00f3ci\u00f3s k\u00f3dot catcher! Minden kedden k\u00e9t exkluz\u00edv aj\u00e1nd\u00e9kot vehetsz \u00e1t. Ne hagyja ki a lehet\u0151s\u00e9get - ezek a prom\u00f3ci\u00f3s k\u00f3dok fogynak, mint a cukrot! K\u00e9szen \u00e1llsz arra, hogy hihetetlen b\u00f3nuszok tulajdonos\u00e1v\u00e1 v\u00e1lj?","breadcrumb":{"@id":"https:\/\/1xslots.cafe\/hu\/bonus\/promo-code-catcher\/#breadcrumb"},"inLanguage":"hu","potentialAction":[{"@type":"ReadAction","target":["https:\/\/1xslots.cafe\/hu\/bonus\/promo-code-catcher\/"]}]},{"@type":"BreadcrumbList","@id":"https:\/\/1xslots.cafe\/hu\/bonus\/promo-code-catcher\/#breadcrumb","itemListElement":[{"@type":"ListItem","position":1,"name":"\u0413\u043b\u0430\u0432\u043d\u0430\u044f \u0441\u0442\u0440\u0430\u043d\u0438\u0446\u0430","item":"https:\/\/1xslots.cafe\/hu\/"},{"@type":"ListItem","position":2,"name":"B\u00f3nusz","item":"https:\/\/1xslots.cafe\/hu\/bonus\/"},{"@type":"ListItem","position":3,"name":"Promo k\u00f3d fog\u00f3"}]},{"@type":"WebSite","@id":"https:\/\/1xslots.cafe\/hu\/#website","url":"https:\/\/1xslots.cafe\/hu\/","name":"1xSlots hu","description":"My WordPress Blog","potentialAction":[{"@type":"SearchAction","target":{"@type":"EntryPoint","urlTemplate":"https:\/\/1xslots.cafe\/hu\/?s={search_term_string}"},"query-input":{"@type":"PropertyValueSpecification","valueRequired":true,"valueName":"search_term_string"}}],"inLanguage":"hu"}]}},"_links":{"self":[{"href":"https:\/\/1xslots.cafe\/hu\/wp-json\/wp\/v2\/pages\/604"}],"collection":[{"href":"https:\/\/1xslots.cafe\/hu\/wp-json\/wp\/v2\/pages"}],"about":[{"href":"https:\/\/1xslots.cafe\/hu\/wp-json\/wp\/v2\/types\/page"}],"author":[{"embeddable":true,"href":"https:\/\/1xslots.cafe\/hu\/wp-json\/wp\/v2\/users\/1"}],"replies":[{"embeddable":true,"href":"https:\/\/1xslots.cafe\/hu\/wp-json\/wp\/v2\/comments?post=604"}],"version-history":[{"count":2,"href":"https:\/\/1xslots.cafe\/hu\/wp-json\/wp\/v2\/pages\/604\/revisions"}],"predecessor-version":[{"id":619,"href":"https:\/\/1xslots.cafe\/hu\/wp-json\/wp\/v2\/pages\/604\/revisions\/619"}],"up":[{"embeddable":true,"href":"https:\/\/1xslots.cafe\/hu\/wp-json\/wp\/v2\/pages\/152"}],"wp:attachment":[{"href":"https:\/\/1xslots.cafe\/hu\/wp-json\/wp\/v2\/media?parent=604"}],"curies":[{"name":"wp","href":"https:\/\/api.w.org\/{rel}","templated":true}]}}