{"id":499,"date":"2025-02-26T06:12:57","date_gmt":"2025-02-26T06:12:57","guid":{"rendered":"https:\/\/1xslots.cafe\/hu\/?page_id=499"},"modified":"2025-03-30T08:01:53","modified_gmt":"2025-03-30T08:01:53","slug":"apk","status":"publish","type":"page","link":"https:\/\/1xslots.cafe\/hu\/apk\/","title":{"rendered":"Apk"},"content":{"rendered":"","protected":false},"excerpt":{"rendered":"","protected":false},"author":1,"featured_media":0,"parent":0,"menu_order":0,"comment_status":"closed","ping_status":"closed","template":"","meta":{"footnotes":""},"class_list":["post-499","page","type-page","status-publish","hentry"],"yoast_head":"<!-- This site is optimized with the Yoast SEO plugin v23.4 - https:\/\/yoast.com\/wordpress\/plugins\/seo\/ -->\n<title>Download 1xSlots Apk for Android: Gyors \u00e9s biztons\u00e1gos mobil fogad\u00e1sok<\/title>\n<meta name=\"description\" content=\"T\u00f6ltse le az 1xSlots Magyarorsz\u00e1g alkalmaz\u00e1st Androidra (APK), \u00e9s \u00e9lvezze a gyors, biztons\u00e1gos \u00e9s k\u00e9nyelmes mobil fogad\u00e1st. Szerezd meg a leg\u00fajabb verzi\u00f3t, \u00e9s kezdj el j\u00e1tszani m\u00e9g ma!\" \/>\n<meta name=\"robots\" content=\"index, follow, max-snippet:-1, max-image-preview:large, max-video-preview:-1\" \/>\n<meta property=\"og:locale\" content=\"hu_HU\" \/>\n<meta property=\"og:type\" content=\"article\" \/>\n<meta property=\"og:title\" content=\"Download 1xSlots Apk for Android: Gyors \u00e9s biztons\u00e1gos mobil fogad\u00e1sok\" \/>\n<meta property=\"og:description\" content=\"T\u00f6ltse le az 1xSlots Magyarorsz\u00e1g alkalmaz\u00e1st Androidra (APK), \u00e9s \u00e9lvezze a gyors, biztons\u00e1gos \u00e9s k\u00e9nyelmes mobil fogad\u00e1st. Szerezd meg a leg\u00fajabb verzi\u00f3t, \u00e9s kezdj el j\u00e1tszani m\u00e9g ma!\" \/>\n<meta property=\"og:url\" content=\"https:\/\/1xslots.cafe\/hu\/apk\/\" \/>\n<meta property=\"og:site_name\" content=\"1xSlots hu\" \/>\n<meta property=\"article:modified_time\" content=\"2025-03-30T08:01:53+00:00\" \/>\n<meta name=\"twitter:card\" content=\"summary_large_image\" \/>\n<script type=\"application\/ld+json\" class=\"yoast-schema-graph\">{\"@context\":\"https:\/\/schema.org\",\"@graph\":[{\"@type\":\"WebPage\",\"@id\":\"https:\/\/1xslots.cafe\/hu\/apk\/\",\"url\":\"https:\/\/1xslots.cafe\/hu\/apk\/\",\"name\":\"Download 1xSlots Apk for Android: Gyors \u00e9s biztons\u00e1gos mobil fogad\u00e1sok\",\"isPartOf\":{\"@id\":\"https:\/\/1xslots.cafe\/hu\/#website\"},\"datePublished\":\"2025-02-26T06:12:57+00:00\",\"dateModified\":\"2025-03-30T08:01:53+00:00\",\"description\":\"T\u00f6ltse le az 1xSlots Magyarorsz\u00e1g alkalmaz\u00e1st Androidra (APK), \u00e9s \u00e9lvezze a gyors, biztons\u00e1gos \u00e9s k\u00e9nyelmes mobil fogad\u00e1st. Szerezd meg a leg\u00fajabb verzi\u00f3t, \u00e9s kezdj el j\u00e1tszani m\u00e9g ma!\",\"breadcrumb\":{\"@id\":\"https:\/\/1xslots.cafe\/hu\/apk\/#breadcrumb\"},\"inLanguage\":\"hu\",\"potentialAction\":[{\"@type\":\"ReadAction\",\"target\":[\"https:\/\/1xslots.cafe\/hu\/apk\/\"]}]},{\"@type\":\"BreadcrumbList\",\"@id\":\"https:\/\/1xslots.cafe\/hu\/apk\/#breadcrumb\",\"itemListElement\":[{\"@type\":\"ListItem\",\"position\":1,\"name\":\"\u0413\u043b\u0430\u0432\u043d\u0430\u044f \u0441\u0442\u0440\u0430\u043d\u0438\u0446\u0430\",\"item\":\"https:\/\/1xslots.cafe\/hu\/\"},{\"@type\":\"ListItem\",\"position\":2,\"name\":\"Apk\"}]},{\"@type\":\"WebSite\",\"@id\":\"https:\/\/1xslots.cafe\/hu\/#website\",\"url\":\"https:\/\/1xslots.cafe\/hu\/\",\"name\":\"1xSlots hu\",\"description\":\"My WordPress Blog\",\"potentialAction\":[{\"@type\":\"SearchAction\",\"target\":{\"@type\":\"EntryPoint\",\"urlTemplate\":\"https:\/\/1xslots.cafe\/hu\/?s={search_term_string}\"},\"query-input\":{\"@type\":\"PropertyValueSpecification\",\"valueRequired\":true,\"valueName\":\"search_term_string\"}}],\"inLanguage\":\"hu\"}]}<\/script>\n<!-- \/ Yoast SEO plugin. -->","yoast_head_json":{"title":"Download 1xSlots Apk for Android: Gyors \u00e9s biztons\u00e1gos mobil fogad\u00e1sok","description":"T\u00f6ltse le az 1xSlots Magyarorsz\u00e1g alkalmaz\u00e1st Androidra (APK), \u00e9s \u00e9lvezze a gyors, biztons\u00e1gos \u00e9s k\u00e9nyelmes mobil fogad\u00e1st. Szerezd meg a leg\u00fajabb verzi\u00f3t, \u00e9s kezdj el j\u00e1tszani m\u00e9g ma!","robots":{"index":"index","follow":"follow","max-snippet":"max-snippet:-1","max-image-preview":"max-image-preview:large","max-video-preview":"max-video-preview:-1"},"og_locale":"hu_HU","og_type":"article","og_title":"Download 1xSlots Apk for Android: Gyors \u00e9s biztons\u00e1gos mobil fogad\u00e1sok","og_description":"T\u00f6ltse le az 1xSlots Magyarorsz\u00e1g alkalmaz\u00e1st Androidra (APK), \u00e9s \u00e9lvezze a gyors, biztons\u00e1gos \u00e9s k\u00e9nyelmes mobil fogad\u00e1st. Szerezd meg a leg\u00fajabb verzi\u00f3t, \u00e9s kezdj el j\u00e1tszani m\u00e9g ma!","og_url":"https:\/\/1xslots.cafe\/hu\/apk\/","og_site_name":"1xSlots hu","article_modified_time":"2025-03-30T08:01:53+00:00","twitter_card":"summary_large_image","schema":{"@context":"https:\/\/schema.org","@graph":[{"@type":"WebPage","@id":"https:\/\/1xslots.cafe\/hu\/apk\/","url":"https:\/\/1xslots.cafe\/hu\/apk\/","name":"Download 1xSlots Apk for Android: Gyors \u00e9s biztons\u00e1gos mobil fogad\u00e1sok","isPartOf":{"@id":"https:\/\/1xslots.cafe\/hu\/#website"},"datePublished":"2025-02-26T06:12:57+00:00","dateModified":"2025-03-30T08:01:53+00:00","description":"T\u00f6ltse le az 1xSlots Magyarorsz\u00e1g alkalmaz\u00e1st Androidra (APK), \u00e9s \u00e9lvezze a gyors, biztons\u00e1gos \u00e9s k\u00e9nyelmes mobil fogad\u00e1st. Szerezd meg a leg\u00fajabb verzi\u00f3t, \u00e9s kezdj el j\u00e1tszani m\u00e9g ma!","breadcrumb":{"@id":"https:\/\/1xslots.cafe\/hu\/apk\/#breadcrumb"},"inLanguage":"hu","potentialAction":[{"@type":"ReadAction","target":["https:\/\/1xslots.cafe\/hu\/apk\/"]}]},{"@type":"BreadcrumbList","@id":"https:\/\/1xslots.cafe\/hu\/apk\/#breadcrumb","itemListElement":[{"@type":"ListItem","position":1,"name":"\u0413\u043b\u0430\u0432\u043d\u0430\u044f \u0441\u0442\u0440\u0430\u043d\u0438\u0446\u0430","item":"https:\/\/1xslots.cafe\/hu\/"},{"@type":"ListItem","position":2,"name":"Apk"}]},{"@type":"WebSite","@id":"https:\/\/1xslots.cafe\/hu\/#website","url":"https:\/\/1xslots.cafe\/hu\/","name":"1xSlots hu","description":"My WordPress Blog","potentialAction":[{"@type":"SearchAction","target":{"@type":"EntryPoint","urlTemplate":"https:\/\/1xslots.cafe\/hu\/?s={search_term_string}"},"query-input":{"@type":"PropertyValueSpecification","valueRequired":true,"valueName":"search_term_string"}}],"inLanguage":"hu"}]}},"_links":{"self":[{"href":"https:\/\/1xslots.cafe\/hu\/wp-json\/wp\/v2\/pages\/499"}],"collection":[{"href":"https:\/\/1xslots.cafe\/hu\/wp-json\/wp\/v2\/pages"}],"about":[{"href":"https:\/\/1xslots.cafe\/hu\/wp-json\/wp\/v2\/types\/page"}],"author":[{"embeddable":true,"href":"https:\/\/1xslots.cafe\/hu\/wp-json\/wp\/v2\/users\/1"}],"replies":[{"embeddable":true,"href":"https:\/\/1xslots.cafe\/hu\/wp-json\/wp\/v2\/comments?post=499"}],"version-history":[{"count":0,"href":"https:\/\/1xslots.cafe\/hu\/wp-json\/wp\/v2\/pages\/499\/revisions"}],"wp:attachment":[{"href":"https:\/\/1xslots.cafe\/hu\/wp-json\/wp\/v2\/media?parent=499"}],"curies":[{"name":"wp","href":"https:\/\/api.w.org\/{rel}","templated":true}]}}