{"id":479,"date":"2024-11-07T08:12:05","date_gmt":"2024-11-07T08:12:05","guid":{"rendered":"https:\/\/1xslots.cafe\/hu\/?page_id=479"},"modified":"2025-03-30T09:18:22","modified_gmt":"2025-03-30T09:18:22","slug":"registrarion","status":"publish","type":"page","link":"https:\/\/1xslots.cafe\/hu\/registrarion\/","title":{"rendered":"Regisztr\u00e1ci\u00f3"},"content":{"rendered":"","protected":false},"excerpt":{"rendered":"","protected":false},"author":1,"featured_media":0,"parent":0,"menu_order":0,"comment_status":"closed","ping_status":"closed","template":"","meta":{"footnotes":""},"class_list":["post-479","page","type-page","status-publish","hentry"],"yoast_head":"<!-- This site is optimized with the Yoast SEO plugin v23.4 - https:\/\/yoast.com\/wordpress\/plugins\/seo\/ -->\n<title>1xSlots Regisztr\u00e1ci\u00f3: Tippek \u00e9s tr\u00fckk\u00f6k a sikeres indul\u00e1shoz<\/title>\n<meta name=\"description\" content=\"Csatlakozzon az 1xSlots Magyarorsz\u00e1g akci\u00f3j\u00e1hoz! \ud83d\udd25 Mer\u00e9sz regisztr\u00e1ci\u00f3s \u00fatmutat\u00f3nkkal vill\u00e1mgyorsan j\u00e1tszhatsz \u00e9s nyerhetsz! \u26a1 K\u00e9szen \u00e1llsz arra, hogy belev\u00e1gj?\" \/>\n<meta name=\"robots\" content=\"index, follow, max-snippet:-1, max-image-preview:large, max-video-preview:-1\" \/>\n<meta property=\"og:locale\" content=\"hu_HU\" \/>\n<meta property=\"og:type\" content=\"article\" \/>\n<meta property=\"og:title\" content=\"1xSlots Regisztr\u00e1ci\u00f3: Tippek \u00e9s tr\u00fckk\u00f6k a sikeres indul\u00e1shoz\" \/>\n<meta property=\"og:description\" content=\"Csatlakozzon az 1xSlots Magyarorsz\u00e1g akci\u00f3j\u00e1hoz! \ud83d\udd25 Mer\u00e9sz regisztr\u00e1ci\u00f3s \u00fatmutat\u00f3nkkal vill\u00e1mgyorsan j\u00e1tszhatsz \u00e9s nyerhetsz! \u26a1 K\u00e9szen \u00e1llsz arra, hogy belev\u00e1gj?\" \/>\n<meta property=\"og:url\" content=\"https:\/\/1xslots.cafe\/hu\/registrarion\/\" \/>\n<meta property=\"og:site_name\" content=\"1xSlots hu\" \/>\n<meta property=\"article:modified_time\" content=\"2025-03-30T09:18:22+00:00\" \/>\n<meta name=\"twitter:card\" content=\"summary_large_image\" \/>\n<script type=\"application\/ld+json\" class=\"yoast-schema-graph\">{\"@context\":\"https:\/\/schema.org\",\"@graph\":[{\"@type\":\"WebPage\",\"@id\":\"https:\/\/1xslots.cafe\/hu\/registrarion\/\",\"url\":\"https:\/\/1xslots.cafe\/hu\/registrarion\/\",\"name\":\"1xSlots Regisztr\u00e1ci\u00f3: Tippek \u00e9s tr\u00fckk\u00f6k a sikeres indul\u00e1shoz\",\"isPartOf\":{\"@id\":\"https:\/\/1xslots.cafe\/hu\/#website\"},\"datePublished\":\"2024-11-07T08:12:05+00:00\",\"dateModified\":\"2025-03-30T09:18:22+00:00\",\"description\":\"Csatlakozzon az 1xSlots Magyarorsz\u00e1g akci\u00f3j\u00e1hoz! \ud83d\udd25 Mer\u00e9sz regisztr\u00e1ci\u00f3s \u00fatmutat\u00f3nkkal vill\u00e1mgyorsan j\u00e1tszhatsz \u00e9s nyerhetsz! \u26a1 K\u00e9szen \u00e1llsz arra, hogy belev\u00e1gj?\",\"breadcrumb\":{\"@id\":\"https:\/\/1xslots.cafe\/hu\/registrarion\/#breadcrumb\"},\"inLanguage\":\"hu\",\"potentialAction\":[{\"@type\":\"ReadAction\",\"target\":[\"https:\/\/1xslots.cafe\/hu\/registrarion\/\"]}]},{\"@type\":\"BreadcrumbList\",\"@id\":\"https:\/\/1xslots.cafe\/hu\/registrarion\/#breadcrumb\",\"itemListElement\":[{\"@type\":\"ListItem\",\"position\":1,\"name\":\"\u0413\u043b\u0430\u0432\u043d\u0430\u044f \u0441\u0442\u0440\u0430\u043d\u0438\u0446\u0430\",\"item\":\"https:\/\/1xslots.cafe\/hu\/\"},{\"@type\":\"ListItem\",\"position\":2,\"name\":\"Regisztr\u00e1ci\u00f3\"}]},{\"@type\":\"WebSite\",\"@id\":\"https:\/\/1xslots.cafe\/hu\/#website\",\"url\":\"https:\/\/1xslots.cafe\/hu\/\",\"name\":\"1xSlots hu\",\"description\":\"My WordPress Blog\",\"potentialAction\":[{\"@type\":\"SearchAction\",\"target\":{\"@type\":\"EntryPoint\",\"urlTemplate\":\"https:\/\/1xslots.cafe\/hu\/?s={search_term_string}\"},\"query-input\":{\"@type\":\"PropertyValueSpecification\",\"valueRequired\":true,\"valueName\":\"search_term_string\"}}],\"inLanguage\":\"hu\"}]}<\/script>\n<!-- \/ Yoast SEO plugin. -->","yoast_head_json":{"title":"1xSlots Regisztr\u00e1ci\u00f3: Tippek \u00e9s tr\u00fckk\u00f6k a sikeres indul\u00e1shoz","description":"Csatlakozzon az 1xSlots Magyarorsz\u00e1g akci\u00f3j\u00e1hoz! \ud83d\udd25 Mer\u00e9sz regisztr\u00e1ci\u00f3s \u00fatmutat\u00f3nkkal vill\u00e1mgyorsan j\u00e1tszhatsz \u00e9s nyerhetsz! \u26a1 K\u00e9szen \u00e1llsz arra, hogy belev\u00e1gj?","robots":{"index":"index","follow":"follow","max-snippet":"max-snippet:-1","max-image-preview":"max-image-preview:large","max-video-preview":"max-video-preview:-1"},"og_locale":"hu_HU","og_type":"article","og_title":"1xSlots Regisztr\u00e1ci\u00f3: Tippek \u00e9s tr\u00fckk\u00f6k a sikeres indul\u00e1shoz","og_description":"Csatlakozzon az 1xSlots Magyarorsz\u00e1g akci\u00f3j\u00e1hoz! \ud83d\udd25 Mer\u00e9sz regisztr\u00e1ci\u00f3s \u00fatmutat\u00f3nkkal vill\u00e1mgyorsan j\u00e1tszhatsz \u00e9s nyerhetsz! \u26a1 K\u00e9szen \u00e1llsz arra, hogy belev\u00e1gj?","og_url":"https:\/\/1xslots.cafe\/hu\/registrarion\/","og_site_name":"1xSlots hu","article_modified_time":"2025-03-30T09:18:22+00:00","twitter_card":"summary_large_image","schema":{"@context":"https:\/\/schema.org","@graph":[{"@type":"WebPage","@id":"https:\/\/1xslots.cafe\/hu\/registrarion\/","url":"https:\/\/1xslots.cafe\/hu\/registrarion\/","name":"1xSlots Regisztr\u00e1ci\u00f3: Tippek \u00e9s tr\u00fckk\u00f6k a sikeres indul\u00e1shoz","isPartOf":{"@id":"https:\/\/1xslots.cafe\/hu\/#website"},"datePublished":"2024-11-07T08:12:05+00:00","dateModified":"2025-03-30T09:18:22+00:00","description":"Csatlakozzon az 1xSlots Magyarorsz\u00e1g akci\u00f3j\u00e1hoz! \ud83d\udd25 Mer\u00e9sz regisztr\u00e1ci\u00f3s \u00fatmutat\u00f3nkkal vill\u00e1mgyorsan j\u00e1tszhatsz \u00e9s nyerhetsz! \u26a1 K\u00e9szen \u00e1llsz arra, hogy belev\u00e1gj?","breadcrumb":{"@id":"https:\/\/1xslots.cafe\/hu\/registrarion\/#breadcrumb"},"inLanguage":"hu","potentialAction":[{"@type":"ReadAction","target":["https:\/\/1xslots.cafe\/hu\/registrarion\/"]}]},{"@type":"BreadcrumbList","@id":"https:\/\/1xslots.cafe\/hu\/registrarion\/#breadcrumb","itemListElement":[{"@type":"ListItem","position":1,"name":"\u0413\u043b\u0430\u0432\u043d\u0430\u044f \u0441\u0442\u0440\u0430\u043d\u0438\u0446\u0430","item":"https:\/\/1xslots.cafe\/hu\/"},{"@type":"ListItem","position":2,"name":"Regisztr\u00e1ci\u00f3"}]},{"@type":"WebSite","@id":"https:\/\/1xslots.cafe\/hu\/#website","url":"https:\/\/1xslots.cafe\/hu\/","name":"1xSlots hu","description":"My WordPress Blog","potentialAction":[{"@type":"SearchAction","target":{"@type":"EntryPoint","urlTemplate":"https:\/\/1xslots.cafe\/hu\/?s={search_term_string}"},"query-input":{"@type":"PropertyValueSpecification","valueRequired":true,"valueName":"search_term_string"}}],"inLanguage":"hu"}]}},"_links":{"self":[{"href":"https:\/\/1xslots.cafe\/hu\/wp-json\/wp\/v2\/pages\/479"}],"collection":[{"href":"https:\/\/1xslots.cafe\/hu\/wp-json\/wp\/v2\/pages"}],"about":[{"href":"https:\/\/1xslots.cafe\/hu\/wp-json\/wp\/v2\/types\/page"}],"author":[{"embeddable":true,"href":"https:\/\/1xslots.cafe\/hu\/wp-json\/wp\/v2\/users\/1"}],"replies":[{"embeddable":true,"href":"https:\/\/1xslots.cafe\/hu\/wp-json\/wp\/v2\/comments?post=479"}],"version-history":[{"count":1,"href":"https:\/\/1xslots.cafe\/hu\/wp-json\/wp\/v2\/pages\/479\/revisions"}],"predecessor-version":[{"id":590,"href":"https:\/\/1xslots.cafe\/hu\/wp-json\/wp\/v2\/pages\/479\/revisions\/590"}],"wp:attachment":[{"href":"https:\/\/1xslots.cafe\/hu\/wp-json\/wp\/v2\/media?parent=479"}],"curies":[{"name":"wp","href":"https:\/\/api.w.org\/{rel}","templated":true}]}}