{"id":403,"date":"2024-10-07T14:32:21","date_gmt":"2024-10-07T14:32:21","guid":{"rendered":"https:\/\/1xslots.cafe\/hu\/?page_id=403"},"modified":"2025-03-30T08:51:55","modified_gmt":"2025-03-30T08:51:55","slug":"casino","status":"publish","type":"page","link":"https:\/\/1xslots.cafe\/hu\/casino\/","title":{"rendered":"Kaszin\u00f3"},"content":{"rendered":"","protected":false},"excerpt":{"rendered":"","protected":false},"author":1,"featured_media":0,"parent":0,"menu_order":0,"comment_status":"closed","ping_status":"closed","template":"","meta":{"footnotes":""},"class_list":["post-403","page","type-page","status-publish","hentry"],"yoast_head":"<!-- This site is optimized with the Yoast SEO plugin v23.4 - https:\/\/yoast.com\/wordpress\/plugins\/seo\/ -->\n<title>1xSlots Magyarorsz\u00e1g Kaszin\u00f3 \u1409 J\u00e1tsszon j\u00e1t\u00e9kokat val\u00f3di p\u00e9nz\u00e9rt<\/title>\n<meta name=\"description\" content=\"Az 1xSlots egy olyan kaszin\u00f3hely, amely sz\u00e1mos cs\u00facsj\u00e1t\u00e9kot k\u00edn\u00e1l, k\u00f6zt\u00fck nyer\u0151g\u00e9peket, asztali j\u00e1t\u00e9kokat \u00e9s \u00e9l\u0151 oszt\u00f3s j\u00e1t\u00e9kokat. J\u00e1tsszon az 1xSlots \u00e9l\u0151 kaszin\u00f3ban \u00e9s szerezze meg az 1xSlots els\u0151 befizet\u00e9si b\u00f3nusz\u00e1t.\" \/>\n<meta name=\"robots\" content=\"index, follow, max-snippet:-1, max-image-preview:large, max-video-preview:-1\" \/>\n<meta property=\"og:locale\" content=\"hu_HU\" \/>\n<meta property=\"og:type\" content=\"article\" \/>\n<meta property=\"og:title\" content=\"1xSlots Magyarorsz\u00e1g Kaszin\u00f3 \u1409 J\u00e1tsszon j\u00e1t\u00e9kokat val\u00f3di p\u00e9nz\u00e9rt\" \/>\n<meta property=\"og:description\" content=\"Az 1xSlots egy olyan kaszin\u00f3hely, amely sz\u00e1mos cs\u00facsj\u00e1t\u00e9kot k\u00edn\u00e1l, k\u00f6zt\u00fck nyer\u0151g\u00e9peket, asztali j\u00e1t\u00e9kokat \u00e9s \u00e9l\u0151 oszt\u00f3s j\u00e1t\u00e9kokat. J\u00e1tsszon az 1xSlots \u00e9l\u0151 kaszin\u00f3ban \u00e9s szerezze meg az 1xSlots els\u0151 befizet\u00e9si b\u00f3nusz\u00e1t.\" \/>\n<meta property=\"og:url\" content=\"https:\/\/1xslots.cafe\/hu\/casino\/\" \/>\n<meta property=\"og:site_name\" content=\"1xSlots hu\" \/>\n<meta property=\"article:modified_time\" content=\"2025-03-30T08:51:55+00:00\" \/>\n<meta name=\"twitter:card\" content=\"summary_large_image\" \/>\n<script type=\"application\/ld+json\" class=\"yoast-schema-graph\">{\"@context\":\"https:\/\/schema.org\",\"@graph\":[{\"@type\":\"WebPage\",\"@id\":\"https:\/\/1xslots.cafe\/hu\/casino\/\",\"url\":\"https:\/\/1xslots.cafe\/hu\/casino\/\",\"name\":\"1xSlots Magyarorsz\u00e1g Kaszin\u00f3 \u1409 J\u00e1tsszon j\u00e1t\u00e9kokat val\u00f3di p\u00e9nz\u00e9rt\",\"isPartOf\":{\"@id\":\"https:\/\/1xslots.cafe\/hu\/#website\"},\"datePublished\":\"2024-10-07T14:32:21+00:00\",\"dateModified\":\"2025-03-30T08:51:55+00:00\",\"description\":\"Az 1xSlots egy olyan kaszin\u00f3hely, amely sz\u00e1mos cs\u00facsj\u00e1t\u00e9kot k\u00edn\u00e1l, k\u00f6zt\u00fck nyer\u0151g\u00e9peket, asztali j\u00e1t\u00e9kokat \u00e9s \u00e9l\u0151 oszt\u00f3s j\u00e1t\u00e9kokat. J\u00e1tsszon az 1xSlots \u00e9l\u0151 kaszin\u00f3ban \u00e9s szerezze meg az 1xSlots els\u0151 befizet\u00e9si b\u00f3nusz\u00e1t.\",\"breadcrumb\":{\"@id\":\"https:\/\/1xslots.cafe\/hu\/casino\/#breadcrumb\"},\"inLanguage\":\"hu\",\"potentialAction\":[{\"@type\":\"ReadAction\",\"target\":[\"https:\/\/1xslots.cafe\/hu\/casino\/\"]}]},{\"@type\":\"BreadcrumbList\",\"@id\":\"https:\/\/1xslots.cafe\/hu\/casino\/#breadcrumb\",\"itemListElement\":[{\"@type\":\"ListItem\",\"position\":1,\"name\":\"\u0413\u043b\u0430\u0432\u043d\u0430\u044f \u0441\u0442\u0440\u0430\u043d\u0438\u0446\u0430\",\"item\":\"https:\/\/1xslots.cafe\/hu\/\"},{\"@type\":\"ListItem\",\"position\":2,\"name\":\"Kaszin\u00f3\"}]},{\"@type\":\"WebSite\",\"@id\":\"https:\/\/1xslots.cafe\/hu\/#website\",\"url\":\"https:\/\/1xslots.cafe\/hu\/\",\"name\":\"1xSlots hu\",\"description\":\"My WordPress Blog\",\"potentialAction\":[{\"@type\":\"SearchAction\",\"target\":{\"@type\":\"EntryPoint\",\"urlTemplate\":\"https:\/\/1xslots.cafe\/hu\/?s={search_term_string}\"},\"query-input\":{\"@type\":\"PropertyValueSpecification\",\"valueRequired\":true,\"valueName\":\"search_term_string\"}}],\"inLanguage\":\"hu\"}]}<\/script>\n<!-- \/ Yoast SEO plugin. -->","yoast_head_json":{"title":"1xSlots Magyarorsz\u00e1g Kaszin\u00f3 \u1409 J\u00e1tsszon j\u00e1t\u00e9kokat val\u00f3di p\u00e9nz\u00e9rt","description":"Az 1xSlots egy olyan kaszin\u00f3hely, amely sz\u00e1mos cs\u00facsj\u00e1t\u00e9kot k\u00edn\u00e1l, k\u00f6zt\u00fck nyer\u0151g\u00e9peket, asztali j\u00e1t\u00e9kokat \u00e9s \u00e9l\u0151 oszt\u00f3s j\u00e1t\u00e9kokat. J\u00e1tsszon az 1xSlots \u00e9l\u0151 kaszin\u00f3ban \u00e9s szerezze meg az 1xSlots els\u0151 befizet\u00e9si b\u00f3nusz\u00e1t.","robots":{"index":"index","follow":"follow","max-snippet":"max-snippet:-1","max-image-preview":"max-image-preview:large","max-video-preview":"max-video-preview:-1"},"og_locale":"hu_HU","og_type":"article","og_title":"1xSlots Magyarorsz\u00e1g Kaszin\u00f3 \u1409 J\u00e1tsszon j\u00e1t\u00e9kokat val\u00f3di p\u00e9nz\u00e9rt","og_description":"Az 1xSlots egy olyan kaszin\u00f3hely, amely sz\u00e1mos cs\u00facsj\u00e1t\u00e9kot k\u00edn\u00e1l, k\u00f6zt\u00fck nyer\u0151g\u00e9peket, asztali j\u00e1t\u00e9kokat \u00e9s \u00e9l\u0151 oszt\u00f3s j\u00e1t\u00e9kokat. J\u00e1tsszon az 1xSlots \u00e9l\u0151 kaszin\u00f3ban \u00e9s szerezze meg az 1xSlots els\u0151 befizet\u00e9si b\u00f3nusz\u00e1t.","og_url":"https:\/\/1xslots.cafe\/hu\/casino\/","og_site_name":"1xSlots hu","article_modified_time":"2025-03-30T08:51:55+00:00","twitter_card":"summary_large_image","schema":{"@context":"https:\/\/schema.org","@graph":[{"@type":"WebPage","@id":"https:\/\/1xslots.cafe\/hu\/casino\/","url":"https:\/\/1xslots.cafe\/hu\/casino\/","name":"1xSlots Magyarorsz\u00e1g Kaszin\u00f3 \u1409 J\u00e1tsszon j\u00e1t\u00e9kokat val\u00f3di p\u00e9nz\u00e9rt","isPartOf":{"@id":"https:\/\/1xslots.cafe\/hu\/#website"},"datePublished":"2024-10-07T14:32:21+00:00","dateModified":"2025-03-30T08:51:55+00:00","description":"Az 1xSlots egy olyan kaszin\u00f3hely, amely sz\u00e1mos cs\u00facsj\u00e1t\u00e9kot k\u00edn\u00e1l, k\u00f6zt\u00fck nyer\u0151g\u00e9peket, asztali j\u00e1t\u00e9kokat \u00e9s \u00e9l\u0151 oszt\u00f3s j\u00e1t\u00e9kokat. J\u00e1tsszon az 1xSlots \u00e9l\u0151 kaszin\u00f3ban \u00e9s szerezze meg az 1xSlots els\u0151 befizet\u00e9si b\u00f3nusz\u00e1t.","breadcrumb":{"@id":"https:\/\/1xslots.cafe\/hu\/casino\/#breadcrumb"},"inLanguage":"hu","potentialAction":[{"@type":"ReadAction","target":["https:\/\/1xslots.cafe\/hu\/casino\/"]}]},{"@type":"BreadcrumbList","@id":"https:\/\/1xslots.cafe\/hu\/casino\/#breadcrumb","itemListElement":[{"@type":"ListItem","position":1,"name":"\u0413\u043b\u0430\u0432\u043d\u0430\u044f \u0441\u0442\u0440\u0430\u043d\u0438\u0446\u0430","item":"https:\/\/1xslots.cafe\/hu\/"},{"@type":"ListItem","position":2,"name":"Kaszin\u00f3"}]},{"@type":"WebSite","@id":"https:\/\/1xslots.cafe\/hu\/#website","url":"https:\/\/1xslots.cafe\/hu\/","name":"1xSlots hu","description":"My WordPress Blog","potentialAction":[{"@type":"SearchAction","target":{"@type":"EntryPoint","urlTemplate":"https:\/\/1xslots.cafe\/hu\/?s={search_term_string}"},"query-input":{"@type":"PropertyValueSpecification","valueRequired":true,"valueName":"search_term_string"}}],"inLanguage":"hu"}]}},"_links":{"self":[{"href":"https:\/\/1xslots.cafe\/hu\/wp-json\/wp\/v2\/pages\/403"}],"collection":[{"href":"https:\/\/1xslots.cafe\/hu\/wp-json\/wp\/v2\/pages"}],"about":[{"href":"https:\/\/1xslots.cafe\/hu\/wp-json\/wp\/v2\/types\/page"}],"author":[{"embeddable":true,"href":"https:\/\/1xslots.cafe\/hu\/wp-json\/wp\/v2\/users\/1"}],"replies":[{"embeddable":true,"href":"https:\/\/1xslots.cafe\/hu\/wp-json\/wp\/v2\/comments?post=403"}],"version-history":[{"count":1,"href":"https:\/\/1xslots.cafe\/hu\/wp-json\/wp\/v2\/pages\/403\/revisions"}],"predecessor-version":[{"id":585,"href":"https:\/\/1xslots.cafe\/hu\/wp-json\/wp\/v2\/pages\/403\/revisions\/585"}],"wp:attachment":[{"href":"https:\/\/1xslots.cafe\/hu\/wp-json\/wp\/v2\/media?parent=403"}],"curies":[{"name":"wp","href":"https:\/\/api.w.org\/{rel}","templated":true}]}}