{"id":400,"date":"2024-09-30T14:25:15","date_gmt":"2024-09-30T14:25:15","guid":{"rendered":"https:\/\/1xslots.cafe\/hu\/?page_id=400"},"modified":"2025-03-30T09:07:19","modified_gmt":"2025-03-30T09:07:19","slug":"promo-code","status":"publish","type":"page","link":"https:\/\/1xslots.cafe\/hu\/promo-code\/","title":{"rendered":"Promo k\u00f3d"},"content":{"rendered":"","protected":false},"excerpt":{"rendered":"","protected":false},"author":1,"featured_media":0,"parent":0,"menu_order":0,"comment_status":"closed","ping_status":"closed","template":"","meta":{"footnotes":""},"class_list":["post-400","page","type-page","status-publish","hentry"],"yoast_head":"<!-- This site is optimized with the Yoast SEO plugin v23.4 - https:\/\/yoast.com\/wordpress\/plugins\/seo\/ -->\n<title>1xSlots Promo k\u00f3d Magyarorsz\u00e1g | Fogad\u00e1si \u00e9s kaszin\u00f3 aj\u00e1nlatok<\/title>\n<meta name=\"description\" content=\"Minden aktu\u00e1lis 1xSlots prom\u00f3ci\u00f3s k\u00f3dok 2025. Exkluz\u00edv 1xSlots b\u00f3nuszk\u00f3d az \u00fcdv\u00f6zl\u0151 aj\u00e1nlathoz \u00e9s a befizet\u00e9s n\u00e9lk\u00fcli b\u00f3nuszhoz\" \/>\n<meta name=\"robots\" content=\"index, follow, max-snippet:-1, max-image-preview:large, max-video-preview:-1\" \/>\n<meta property=\"og:locale\" content=\"hu_HU\" \/>\n<meta property=\"og:type\" content=\"article\" \/>\n<meta property=\"og:title\" content=\"1xSlots Promo k\u00f3d Magyarorsz\u00e1g | Fogad\u00e1si \u00e9s kaszin\u00f3 aj\u00e1nlatok\" \/>\n<meta property=\"og:description\" content=\"Minden aktu\u00e1lis 1xSlots prom\u00f3ci\u00f3s k\u00f3dok 2025. Exkluz\u00edv 1xSlots b\u00f3nuszk\u00f3d az \u00fcdv\u00f6zl\u0151 aj\u00e1nlathoz \u00e9s a befizet\u00e9s n\u00e9lk\u00fcli b\u00f3nuszhoz\" \/>\n<meta property=\"og:url\" content=\"https:\/\/1xslots.cafe\/hu\/promo-code\/\" \/>\n<meta property=\"og:site_name\" content=\"1xSlots hu\" \/>\n<meta property=\"article:modified_time\" content=\"2025-03-30T09:07:19+00:00\" \/>\n<meta name=\"twitter:card\" content=\"summary_large_image\" \/>\n<script type=\"application\/ld+json\" class=\"yoast-schema-graph\">{\"@context\":\"https:\/\/schema.org\",\"@graph\":[{\"@type\":\"WebPage\",\"@id\":\"https:\/\/1xslots.cafe\/hu\/promo-code\/\",\"url\":\"https:\/\/1xslots.cafe\/hu\/promo-code\/\",\"name\":\"1xSlots Promo k\u00f3d Magyarorsz\u00e1g | Fogad\u00e1si \u00e9s kaszin\u00f3 aj\u00e1nlatok\",\"isPartOf\":{\"@id\":\"https:\/\/1xslots.cafe\/hu\/#website\"},\"datePublished\":\"2024-09-30T14:25:15+00:00\",\"dateModified\":\"2025-03-30T09:07:19+00:00\",\"description\":\"Minden aktu\u00e1lis 1xSlots prom\u00f3ci\u00f3s k\u00f3dok 2025. Exkluz\u00edv 1xSlots b\u00f3nuszk\u00f3d az \u00fcdv\u00f6zl\u0151 aj\u00e1nlathoz \u00e9s a befizet\u00e9s n\u00e9lk\u00fcli b\u00f3nuszhoz\",\"breadcrumb\":{\"@id\":\"https:\/\/1xslots.cafe\/hu\/promo-code\/#breadcrumb\"},\"inLanguage\":\"hu\",\"potentialAction\":[{\"@type\":\"ReadAction\",\"target\":[\"https:\/\/1xslots.cafe\/hu\/promo-code\/\"]}]},{\"@type\":\"BreadcrumbList\",\"@id\":\"https:\/\/1xslots.cafe\/hu\/promo-code\/#breadcrumb\",\"itemListElement\":[{\"@type\":\"ListItem\",\"position\":1,\"name\":\"\u0413\u043b\u0430\u0432\u043d\u0430\u044f \u0441\u0442\u0440\u0430\u043d\u0438\u0446\u0430\",\"item\":\"https:\/\/1xslots.cafe\/hu\/\"},{\"@type\":\"ListItem\",\"position\":2,\"name\":\"Promo k\u00f3d\"}]},{\"@type\":\"WebSite\",\"@id\":\"https:\/\/1xslots.cafe\/hu\/#website\",\"url\":\"https:\/\/1xslots.cafe\/hu\/\",\"name\":\"1xSlots hu\",\"description\":\"My WordPress Blog\",\"potentialAction\":[{\"@type\":\"SearchAction\",\"target\":{\"@type\":\"EntryPoint\",\"urlTemplate\":\"https:\/\/1xslots.cafe\/hu\/?s={search_term_string}\"},\"query-input\":{\"@type\":\"PropertyValueSpecification\",\"valueRequired\":true,\"valueName\":\"search_term_string\"}}],\"inLanguage\":\"hu\"}]}<\/script>\n<!-- \/ Yoast SEO plugin. -->","yoast_head_json":{"title":"1xSlots Promo k\u00f3d Magyarorsz\u00e1g | Fogad\u00e1si \u00e9s kaszin\u00f3 aj\u00e1nlatok","description":"Minden aktu\u00e1lis 1xSlots prom\u00f3ci\u00f3s k\u00f3dok 2025. Exkluz\u00edv 1xSlots b\u00f3nuszk\u00f3d az \u00fcdv\u00f6zl\u0151 aj\u00e1nlathoz \u00e9s a befizet\u00e9s n\u00e9lk\u00fcli b\u00f3nuszhoz","robots":{"index":"index","follow":"follow","max-snippet":"max-snippet:-1","max-image-preview":"max-image-preview:large","max-video-preview":"max-video-preview:-1"},"og_locale":"hu_HU","og_type":"article","og_title":"1xSlots Promo k\u00f3d Magyarorsz\u00e1g | Fogad\u00e1si \u00e9s kaszin\u00f3 aj\u00e1nlatok","og_description":"Minden aktu\u00e1lis 1xSlots prom\u00f3ci\u00f3s k\u00f3dok 2025. Exkluz\u00edv 1xSlots b\u00f3nuszk\u00f3d az \u00fcdv\u00f6zl\u0151 aj\u00e1nlathoz \u00e9s a befizet\u00e9s n\u00e9lk\u00fcli b\u00f3nuszhoz","og_url":"https:\/\/1xslots.cafe\/hu\/promo-code\/","og_site_name":"1xSlots hu","article_modified_time":"2025-03-30T09:07:19+00:00","twitter_card":"summary_large_image","schema":{"@context":"https:\/\/schema.org","@graph":[{"@type":"WebPage","@id":"https:\/\/1xslots.cafe\/hu\/promo-code\/","url":"https:\/\/1xslots.cafe\/hu\/promo-code\/","name":"1xSlots Promo k\u00f3d Magyarorsz\u00e1g | Fogad\u00e1si \u00e9s kaszin\u00f3 aj\u00e1nlatok","isPartOf":{"@id":"https:\/\/1xslots.cafe\/hu\/#website"},"datePublished":"2024-09-30T14:25:15+00:00","dateModified":"2025-03-30T09:07:19+00:00","description":"Minden aktu\u00e1lis 1xSlots prom\u00f3ci\u00f3s k\u00f3dok 2025. Exkluz\u00edv 1xSlots b\u00f3nuszk\u00f3d az \u00fcdv\u00f6zl\u0151 aj\u00e1nlathoz \u00e9s a befizet\u00e9s n\u00e9lk\u00fcli b\u00f3nuszhoz","breadcrumb":{"@id":"https:\/\/1xslots.cafe\/hu\/promo-code\/#breadcrumb"},"inLanguage":"hu","potentialAction":[{"@type":"ReadAction","target":["https:\/\/1xslots.cafe\/hu\/promo-code\/"]}]},{"@type":"BreadcrumbList","@id":"https:\/\/1xslots.cafe\/hu\/promo-code\/#breadcrumb","itemListElement":[{"@type":"ListItem","position":1,"name":"\u0413\u043b\u0430\u0432\u043d\u0430\u044f \u0441\u0442\u0440\u0430\u043d\u0438\u0446\u0430","item":"https:\/\/1xslots.cafe\/hu\/"},{"@type":"ListItem","position":2,"name":"Promo k\u00f3d"}]},{"@type":"WebSite","@id":"https:\/\/1xslots.cafe\/hu\/#website","url":"https:\/\/1xslots.cafe\/hu\/","name":"1xSlots hu","description":"My WordPress Blog","potentialAction":[{"@type":"SearchAction","target":{"@type":"EntryPoint","urlTemplate":"https:\/\/1xslots.cafe\/hu\/?s={search_term_string}"},"query-input":{"@type":"PropertyValueSpecification","valueRequired":true,"valueName":"search_term_string"}}],"inLanguage":"hu"}]}},"_links":{"self":[{"href":"https:\/\/1xslots.cafe\/hu\/wp-json\/wp\/v2\/pages\/400"}],"collection":[{"href":"https:\/\/1xslots.cafe\/hu\/wp-json\/wp\/v2\/pages"}],"about":[{"href":"https:\/\/1xslots.cafe\/hu\/wp-json\/wp\/v2\/types\/page"}],"author":[{"embeddable":true,"href":"https:\/\/1xslots.cafe\/hu\/wp-json\/wp\/v2\/users\/1"}],"replies":[{"embeddable":true,"href":"https:\/\/1xslots.cafe\/hu\/wp-json\/wp\/v2\/comments?post=400"}],"version-history":[{"count":1,"href":"https:\/\/1xslots.cafe\/hu\/wp-json\/wp\/v2\/pages\/400\/revisions"}],"predecessor-version":[{"id":570,"href":"https:\/\/1xslots.cafe\/hu\/wp-json\/wp\/v2\/pages\/400\/revisions\/570"}],"wp:attachment":[{"href":"https:\/\/1xslots.cafe\/hu\/wp-json\/wp\/v2\/media?parent=400"}],"curies":[{"name":"wp","href":"https:\/\/api.w.org\/{rel}","templated":true}]}}