{"id":625,"date":"2025-04-14T16:54:26","date_gmt":"2025-04-14T16:54:26","guid":{"rendered":"https:\/\/1xslots.cafe\/?page_id=598"},"modified":"2025-07-02T14:31:24","modified_gmt":"2025-07-02T14:31:24","slug":"100-on-mondays","status":"publish","type":"page","link":"https:\/\/1xslots.cafe\/es\/bonus\/100-on-mondays\/","title":{"rendered":"100% los lunes"},"content":{"rendered":"","protected":false},"excerpt":{"rendered":"","protected":false},"author":1,"featured_media":0,"parent":152,"menu_order":0,"comment_status":"closed","ping_status":"closed","template":"","meta":{"footnotes":""},"class_list":["post-625","page","type-page","status-publish","hentry"],"yoast_head":"<!-- This site is optimized with the Yoast SEO plugin v23.4 - https:\/\/yoast.com\/wordpress\/plugins\/seo\/ -->\n<title>Bono de hasta 300 EUR los lunes en 1xSlots: \u00a1Duplica tu dep\u00f3sito!<\/title>\n<meta name=\"description\" content=\"Todos los lunes con 1xSlots tiene la oportunidad de duplicar su dep\u00f3sito hasta 300 EUR. Simplemente deposite un m\u00ednimo de 15 EUR y \u00a1vea c\u00f3mo crecen sus ganancias! No te pierdas esta gran oportunidad\" \/>\n<meta name=\"robots\" content=\"index, follow, max-snippet:-1, max-image-preview:large, max-video-preview:-1\" \/>\n<meta property=\"og:locale\" content=\"es_ES\" \/>\n<meta property=\"og:type\" content=\"article\" \/>\n<meta property=\"og:title\" content=\"Bono de hasta 300 EUR los lunes en 1xSlots: \u00a1Duplica tu dep\u00f3sito!\" \/>\n<meta property=\"og:description\" content=\"Todos los lunes con 1xSlots tiene la oportunidad de duplicar su dep\u00f3sito hasta 300 EUR. Simplemente deposite un m\u00ednimo de 15 EUR y \u00a1vea c\u00f3mo crecen sus ganancias! No te pierdas esta gran oportunidad\" \/>\n<meta property=\"og:url\" content=\"https:\/\/1xslots.cafe\/es\/bonus\/100-on-mondays\/\" \/>\n<meta property=\"og:site_name\" content=\"1xSlots es\" \/>\n<meta property=\"article:modified_time\" content=\"2025-07-02T14:31:24+00:00\" \/>\n<meta name=\"twitter:card\" content=\"summary_large_image\" \/>\n<script type=\"application\/ld+json\" class=\"yoast-schema-graph\">{\"@context\":\"https:\/\/schema.org\",\"@graph\":[{\"@type\":\"WebPage\",\"@id\":\"https:\/\/1xslots.cafe\/es\/bonus\/100-on-mondays\/\",\"url\":\"https:\/\/1xslots.cafe\/es\/bonus\/100-on-mondays\/\",\"name\":\"Bono de hasta 300 EUR los lunes en 1xSlots: \u00a1Duplica tu dep\u00f3sito!\",\"isPartOf\":{\"@id\":\"https:\/\/1xslots.cafe\/es\/#website\"},\"datePublished\":\"2025-04-14T16:54:26+00:00\",\"dateModified\":\"2025-07-02T14:31:24+00:00\",\"description\":\"Todos los lunes con 1xSlots tiene la oportunidad de duplicar su dep\u00f3sito hasta 300 EUR. Simplemente deposite un m\u00ednimo de 15 EUR y \u00a1vea c\u00f3mo crecen sus ganancias! No te pierdas esta gran oportunidad\",\"breadcrumb\":{\"@id\":\"https:\/\/1xslots.cafe\/es\/bonus\/100-on-mondays\/#breadcrumb\"},\"inLanguage\":\"es\",\"potentialAction\":[{\"@type\":\"ReadAction\",\"target\":[\"https:\/\/1xslots.cafe\/es\/bonus\/100-on-mondays\/\"]}]},{\"@type\":\"BreadcrumbList\",\"@id\":\"https:\/\/1xslots.cafe\/es\/bonus\/100-on-mondays\/#breadcrumb\",\"itemListElement\":[{\"@type\":\"ListItem\",\"position\":1,\"name\":\"\u0413\u043b\u0430\u0432\u043d\u0430\u044f \u0441\u0442\u0440\u0430\u043d\u0438\u0446\u0430\",\"item\":\"https:\/\/1xslots.cafe\/es\/\"},{\"@type\":\"ListItem\",\"position\":2,\"name\":\"Bonificaci\u00f3n\",\"item\":\"https:\/\/1xslots.cafe\/es\/bonus\/\"},{\"@type\":\"ListItem\",\"position\":3,\"name\":\"100% los lunes\"}]},{\"@type\":\"WebSite\",\"@id\":\"https:\/\/1xslots.cafe\/es\/#website\",\"url\":\"https:\/\/1xslots.cafe\/es\/\",\"name\":\"1xSlots es\",\"description\":\"My WordPress Blog\",\"potentialAction\":[{\"@type\":\"SearchAction\",\"target\":{\"@type\":\"EntryPoint\",\"urlTemplate\":\"https:\/\/1xslots.cafe\/es\/?s={search_term_string}\"},\"query-input\":{\"@type\":\"PropertyValueSpecification\",\"valueRequired\":true,\"valueName\":\"search_term_string\"}}],\"inLanguage\":\"es\"}]}<\/script>\n<!-- \/ Yoast SEO plugin. -->","yoast_head_json":{"title":"Bono de hasta 300 EUR los lunes en 1xSlots: \u00a1Duplica tu dep\u00f3sito!","description":"Todos los lunes con 1xSlots tiene la oportunidad de duplicar su dep\u00f3sito hasta 300 EUR. Simplemente deposite un m\u00ednimo de 15 EUR y \u00a1vea c\u00f3mo crecen sus ganancias! No te pierdas esta gran oportunidad","robots":{"index":"index","follow":"follow","max-snippet":"max-snippet:-1","max-image-preview":"max-image-preview:large","max-video-preview":"max-video-preview:-1"},"og_locale":"es_ES","og_type":"article","og_title":"Bono de hasta 300 EUR los lunes en 1xSlots: \u00a1Duplica tu dep\u00f3sito!","og_description":"Todos los lunes con 1xSlots tiene la oportunidad de duplicar su dep\u00f3sito hasta 300 EUR. Simplemente deposite un m\u00ednimo de 15 EUR y \u00a1vea c\u00f3mo crecen sus ganancias! No te pierdas esta gran oportunidad","og_url":"https:\/\/1xslots.cafe\/es\/bonus\/100-on-mondays\/","og_site_name":"1xSlots es","article_modified_time":"2025-07-02T14:31:24+00:00","twitter_card":"summary_large_image","schema":{"@context":"https:\/\/schema.org","@graph":[{"@type":"WebPage","@id":"https:\/\/1xslots.cafe\/es\/bonus\/100-on-mondays\/","url":"https:\/\/1xslots.cafe\/es\/bonus\/100-on-mondays\/","name":"Bono de hasta 300 EUR los lunes en 1xSlots: \u00a1Duplica tu dep\u00f3sito!","isPartOf":{"@id":"https:\/\/1xslots.cafe\/es\/#website"},"datePublished":"2025-04-14T16:54:26+00:00","dateModified":"2025-07-02T14:31:24+00:00","description":"Todos los lunes con 1xSlots tiene la oportunidad de duplicar su dep\u00f3sito hasta 300 EUR. Simplemente deposite un m\u00ednimo de 15 EUR y \u00a1vea c\u00f3mo crecen sus ganancias! No te pierdas esta gran oportunidad","breadcrumb":{"@id":"https:\/\/1xslots.cafe\/es\/bonus\/100-on-mondays\/#breadcrumb"},"inLanguage":"es","potentialAction":[{"@type":"ReadAction","target":["https:\/\/1xslots.cafe\/es\/bonus\/100-on-mondays\/"]}]},{"@type":"BreadcrumbList","@id":"https:\/\/1xslots.cafe\/es\/bonus\/100-on-mondays\/#breadcrumb","itemListElement":[{"@type":"ListItem","position":1,"name":"\u0413\u043b\u0430\u0432\u043d\u0430\u044f \u0441\u0442\u0440\u0430\u043d\u0438\u0446\u0430","item":"https:\/\/1xslots.cafe\/es\/"},{"@type":"ListItem","position":2,"name":"Bonificaci\u00f3n","item":"https:\/\/1xslots.cafe\/es\/bonus\/"},{"@type":"ListItem","position":3,"name":"100% los lunes"}]},{"@type":"WebSite","@id":"https:\/\/1xslots.cafe\/es\/#website","url":"https:\/\/1xslots.cafe\/es\/","name":"1xSlots es","description":"My WordPress Blog","potentialAction":[{"@type":"SearchAction","target":{"@type":"EntryPoint","urlTemplate":"https:\/\/1xslots.cafe\/es\/?s={search_term_string}"},"query-input":{"@type":"PropertyValueSpecification","valueRequired":true,"valueName":"search_term_string"}}],"inLanguage":"es"}]}},"_links":{"self":[{"href":"https:\/\/1xslots.cafe\/es\/wp-json\/wp\/v2\/pages\/625"}],"collection":[{"href":"https:\/\/1xslots.cafe\/es\/wp-json\/wp\/v2\/pages"}],"about":[{"href":"https:\/\/1xslots.cafe\/es\/wp-json\/wp\/v2\/types\/page"}],"author":[{"embeddable":true,"href":"https:\/\/1xslots.cafe\/es\/wp-json\/wp\/v2\/users\/1"}],"replies":[{"embeddable":true,"href":"https:\/\/1xslots.cafe\/es\/wp-json\/wp\/v2\/comments?post=625"}],"version-history":[{"count":3,"href":"https:\/\/1xslots.cafe\/es\/wp-json\/wp\/v2\/pages\/625\/revisions"}],"predecessor-version":[{"id":638,"href":"https:\/\/1xslots.cafe\/es\/wp-json\/wp\/v2\/pages\/625\/revisions\/638"}],"up":[{"embeddable":true,"href":"https:\/\/1xslots.cafe\/es\/wp-json\/wp\/v2\/pages\/152"}],"wp:attachment":[{"href":"https:\/\/1xslots.cafe\/es\/wp-json\/wp\/v2\/media?parent=625"}],"curies":[{"name":"wp","href":"https:\/\/api.w.org\/{rel}","templated":true}]}}