{"id":499,"date":"2025-02-26T06:12:57","date_gmt":"2025-02-26T06:12:57","guid":{"rendered":"https:\/\/1xslots.cafe\/es\/?page_id=499"},"modified":"2025-03-28T08:12:03","modified_gmt":"2025-03-28T08:12:03","slug":"apk","status":"publish","type":"page","link":"https:\/\/1xslots.cafe\/es\/apk\/","title":{"rendered":"Apk"},"content":{"rendered":"","protected":false},"excerpt":{"rendered":"","protected":false},"author":1,"featured_media":0,"parent":0,"menu_order":0,"comment_status":"closed","ping_status":"closed","template":"","meta":{"footnotes":""},"class_list":["post-499","page","type-page","status-publish","hentry"],"yoast_head":"<!-- This site is optimized with the Yoast SEO plugin v23.4 - https:\/\/yoast.com\/wordpress\/plugins\/seo\/ -->\n<title>Descargar 1xSlots Apk para Android: Apuestas m\u00f3viles r\u00e1pidas y seguras<\/title>\n<meta name=\"description\" content=\"Descarga la aplicaci\u00f3n 1xSlots Espa\u00f1a para Android (APK) y disfruta de apuestas m\u00f3viles r\u00e1pidas, seguras y c\u00f3modas. \u00a1Consigue la \u00faltima versi\u00f3n y empieza a jugar hoy mismo!\" \/>\n<meta name=\"robots\" content=\"index, follow, max-snippet:-1, max-image-preview:large, max-video-preview:-1\" \/>\n<meta property=\"og:locale\" content=\"es_ES\" \/>\n<meta property=\"og:type\" content=\"article\" \/>\n<meta property=\"og:title\" content=\"Descargar 1xSlots Apk para Android: Apuestas m\u00f3viles r\u00e1pidas y seguras\" \/>\n<meta property=\"og:description\" content=\"Descarga la aplicaci\u00f3n 1xSlots Espa\u00f1a para Android (APK) y disfruta de apuestas m\u00f3viles r\u00e1pidas, seguras y c\u00f3modas. \u00a1Consigue la \u00faltima versi\u00f3n y empieza a jugar hoy mismo!\" \/>\n<meta property=\"og:url\" content=\"https:\/\/1xslots.cafe\/es\/apk\/\" \/>\n<meta property=\"og:site_name\" content=\"1xSlots es\" \/>\n<meta property=\"article:modified_time\" content=\"2025-03-28T08:12:03+00:00\" \/>\n<meta name=\"twitter:card\" content=\"summary_large_image\" \/>\n<script type=\"application\/ld+json\" class=\"yoast-schema-graph\">{\"@context\":\"https:\/\/schema.org\",\"@graph\":[{\"@type\":\"WebPage\",\"@id\":\"https:\/\/1xslots.cafe\/es\/apk\/\",\"url\":\"https:\/\/1xslots.cafe\/es\/apk\/\",\"name\":\"Descargar 1xSlots Apk para Android: Apuestas m\u00f3viles r\u00e1pidas y seguras\",\"isPartOf\":{\"@id\":\"https:\/\/1xslots.cafe\/es\/#website\"},\"datePublished\":\"2025-02-26T06:12:57+00:00\",\"dateModified\":\"2025-03-28T08:12:03+00:00\",\"description\":\"Descarga la aplicaci\u00f3n 1xSlots Espa\u00f1a para Android (APK) y disfruta de apuestas m\u00f3viles r\u00e1pidas, seguras y c\u00f3modas. \u00a1Consigue la \u00faltima versi\u00f3n y empieza a jugar hoy mismo!\",\"breadcrumb\":{\"@id\":\"https:\/\/1xslots.cafe\/es\/apk\/#breadcrumb\"},\"inLanguage\":\"es\",\"potentialAction\":[{\"@type\":\"ReadAction\",\"target\":[\"https:\/\/1xslots.cafe\/es\/apk\/\"]}]},{\"@type\":\"BreadcrumbList\",\"@id\":\"https:\/\/1xslots.cafe\/es\/apk\/#breadcrumb\",\"itemListElement\":[{\"@type\":\"ListItem\",\"position\":1,\"name\":\"\u0413\u043b\u0430\u0432\u043d\u0430\u044f \u0441\u0442\u0440\u0430\u043d\u0438\u0446\u0430\",\"item\":\"https:\/\/1xslots.cafe\/es\/\"},{\"@type\":\"ListItem\",\"position\":2,\"name\":\"Apk\"}]},{\"@type\":\"WebSite\",\"@id\":\"https:\/\/1xslots.cafe\/es\/#website\",\"url\":\"https:\/\/1xslots.cafe\/es\/\",\"name\":\"1xSlots es\",\"description\":\"My WordPress Blog\",\"potentialAction\":[{\"@type\":\"SearchAction\",\"target\":{\"@type\":\"EntryPoint\",\"urlTemplate\":\"https:\/\/1xslots.cafe\/es\/?s={search_term_string}\"},\"query-input\":{\"@type\":\"PropertyValueSpecification\",\"valueRequired\":true,\"valueName\":\"search_term_string\"}}],\"inLanguage\":\"es\"}]}<\/script>\n<!-- \/ Yoast SEO plugin. -->","yoast_head_json":{"title":"Descargar 1xSlots Apk para Android: Apuestas m\u00f3viles r\u00e1pidas y seguras","description":"Descarga la aplicaci\u00f3n 1xSlots Espa\u00f1a para Android (APK) y disfruta de apuestas m\u00f3viles r\u00e1pidas, seguras y c\u00f3modas. \u00a1Consigue la \u00faltima versi\u00f3n y empieza a jugar hoy mismo!","robots":{"index":"index","follow":"follow","max-snippet":"max-snippet:-1","max-image-preview":"max-image-preview:large","max-video-preview":"max-video-preview:-1"},"og_locale":"es_ES","og_type":"article","og_title":"Descargar 1xSlots Apk para Android: Apuestas m\u00f3viles r\u00e1pidas y seguras","og_description":"Descarga la aplicaci\u00f3n 1xSlots Espa\u00f1a para Android (APK) y disfruta de apuestas m\u00f3viles r\u00e1pidas, seguras y c\u00f3modas. \u00a1Consigue la \u00faltima versi\u00f3n y empieza a jugar hoy mismo!","og_url":"https:\/\/1xslots.cafe\/es\/apk\/","og_site_name":"1xSlots es","article_modified_time":"2025-03-28T08:12:03+00:00","twitter_card":"summary_large_image","schema":{"@context":"https:\/\/schema.org","@graph":[{"@type":"WebPage","@id":"https:\/\/1xslots.cafe\/es\/apk\/","url":"https:\/\/1xslots.cafe\/es\/apk\/","name":"Descargar 1xSlots Apk para Android: Apuestas m\u00f3viles r\u00e1pidas y seguras","isPartOf":{"@id":"https:\/\/1xslots.cafe\/es\/#website"},"datePublished":"2025-02-26T06:12:57+00:00","dateModified":"2025-03-28T08:12:03+00:00","description":"Descarga la aplicaci\u00f3n 1xSlots Espa\u00f1a para Android (APK) y disfruta de apuestas m\u00f3viles r\u00e1pidas, seguras y c\u00f3modas. \u00a1Consigue la \u00faltima versi\u00f3n y empieza a jugar hoy mismo!","breadcrumb":{"@id":"https:\/\/1xslots.cafe\/es\/apk\/#breadcrumb"},"inLanguage":"es","potentialAction":[{"@type":"ReadAction","target":["https:\/\/1xslots.cafe\/es\/apk\/"]}]},{"@type":"BreadcrumbList","@id":"https:\/\/1xslots.cafe\/es\/apk\/#breadcrumb","itemListElement":[{"@type":"ListItem","position":1,"name":"\u0413\u043b\u0430\u0432\u043d\u0430\u044f \u0441\u0442\u0440\u0430\u043d\u0438\u0446\u0430","item":"https:\/\/1xslots.cafe\/es\/"},{"@type":"ListItem","position":2,"name":"Apk"}]},{"@type":"WebSite","@id":"https:\/\/1xslots.cafe\/es\/#website","url":"https:\/\/1xslots.cafe\/es\/","name":"1xSlots es","description":"My WordPress Blog","potentialAction":[{"@type":"SearchAction","target":{"@type":"EntryPoint","urlTemplate":"https:\/\/1xslots.cafe\/es\/?s={search_term_string}"},"query-input":{"@type":"PropertyValueSpecification","valueRequired":true,"valueName":"search_term_string"}}],"inLanguage":"es"}]}},"_links":{"self":[{"href":"https:\/\/1xslots.cafe\/es\/wp-json\/wp\/v2\/pages\/499"}],"collection":[{"href":"https:\/\/1xslots.cafe\/es\/wp-json\/wp\/v2\/pages"}],"about":[{"href":"https:\/\/1xslots.cafe\/es\/wp-json\/wp\/v2\/types\/page"}],"author":[{"embeddable":true,"href":"https:\/\/1xslots.cafe\/es\/wp-json\/wp\/v2\/users\/1"}],"replies":[{"embeddable":true,"href":"https:\/\/1xslots.cafe\/es\/wp-json\/wp\/v2\/comments?post=499"}],"version-history":[{"count":7,"href":"https:\/\/1xslots.cafe\/es\/wp-json\/wp\/v2\/pages\/499\/revisions"}],"predecessor-version":[{"id":582,"href":"https:\/\/1xslots.cafe\/es\/wp-json\/wp\/v2\/pages\/499\/revisions\/582"}],"wp:attachment":[{"href":"https:\/\/1xslots.cafe\/es\/wp-json\/wp\/v2\/media?parent=499"}],"curies":[{"name":"wp","href":"https:\/\/api.w.org\/{rel}","templated":true}]}}