{"id":302,"date":"2024-02-15T14:49:01","date_gmt":"2024-02-15T14:49:01","guid":{"rendered":"https:\/\/1xslots.cafe\/de\/?page_id=302"},"modified":"2025-07-29T19:18:16","modified_gmt":"2025-07-29T19:18:16","slug":"app","status":"publish","type":"page","link":"https:\/\/1xslots.cafe\/de\/app\/","title":{"rendered":"App"},"content":{"rendered":"","protected":false},"excerpt":{"rendered":"","protected":false},"author":1,"featured_media":0,"parent":0,"menu_order":0,"comment_status":"closed","ping_status":"closed","template":"","meta":{"footnotes":""},"class_list":["post-302","page","type-page","status-publish","hentry"],"yoast_head":"<!-- This site is optimized with the Yoast SEO plugin v23.4 - https:\/\/yoast.com\/wordpress\/plugins\/seo\/ -->\n<title>1xSlots Mobile App \u2705\ufe0f Herunterladen f\u00fcr Android &amp; iPhone<\/title>\n<meta name=\"description\" content=\"1xSlots App gibt Ihnen Zugang zu \u00fcber 10.000 Spielen von f\u00fchrenden Entwicklern \u27a4 Laden Sie 1xSlots Mobile App f\u00fcr Ihr iPhone, Android oder Windows herunter\" \/>\n<meta name=\"robots\" content=\"index, follow, max-snippet:-1, max-image-preview:large, max-video-preview:-1\" \/>\n<meta property=\"og:locale\" content=\"de_DE\" \/>\n<meta property=\"og:type\" content=\"article\" \/>\n<meta property=\"og:title\" content=\"1xSlots Mobile App \u2705\ufe0f Herunterladen f\u00fcr Android &amp; iPhone\" \/>\n<meta property=\"og:description\" content=\"1xSlots App gibt Ihnen Zugang zu \u00fcber 10.000 Spielen von f\u00fchrenden Entwicklern \u27a4 Laden Sie 1xSlots Mobile App f\u00fcr Ihr iPhone, Android oder Windows herunter\" \/>\n<meta property=\"og:url\" content=\"https:\/\/1xslots.cafe\/de\/app\/\" \/>\n<meta property=\"og:site_name\" content=\"1xSlots de\" \/>\n<meta property=\"article:modified_time\" content=\"2025-07-29T19:18:16+00:00\" \/>\n<meta name=\"twitter:card\" content=\"summary_large_image\" \/>\n<script type=\"application\/ld+json\" class=\"yoast-schema-graph\">{\"@context\":\"https:\/\/schema.org\",\"@graph\":[{\"@type\":\"WebPage\",\"@id\":\"https:\/\/1xslots.cafe\/de\/app\/\",\"url\":\"https:\/\/1xslots.cafe\/de\/app\/\",\"name\":\"1xSlots Mobile App \u2705\ufe0f Herunterladen f\u00fcr Android & iPhone\",\"isPartOf\":{\"@id\":\"https:\/\/1xslots.cafe\/de\/#website\"},\"datePublished\":\"2024-02-15T14:49:01+00:00\",\"dateModified\":\"2025-07-29T19:18:16+00:00\",\"description\":\"1xSlots App gibt Ihnen Zugang zu \u00fcber 10.000 Spielen von f\u00fchrenden Entwicklern \u27a4 Laden Sie 1xSlots Mobile App f\u00fcr Ihr iPhone, Android oder Windows herunter\",\"breadcrumb\":{\"@id\":\"https:\/\/1xslots.cafe\/de\/app\/#breadcrumb\"},\"inLanguage\":\"de\",\"potentialAction\":[{\"@type\":\"ReadAction\",\"target\":[\"https:\/\/1xslots.cafe\/de\/app\/\"]}]},{\"@type\":\"BreadcrumbList\",\"@id\":\"https:\/\/1xslots.cafe\/de\/app\/#breadcrumb\",\"itemListElement\":[{\"@type\":\"ListItem\",\"position\":1,\"name\":\"\u0413\u043b\u0430\u0432\u043d\u0430\u044f \u0441\u0442\u0440\u0430\u043d\u0438\u0446\u0430\",\"item\":\"https:\/\/1xslots.cafe\/de\/\"},{\"@type\":\"ListItem\",\"position\":2,\"name\":\"App\"}]},{\"@type\":\"WebSite\",\"@id\":\"https:\/\/1xslots.cafe\/de\/#website\",\"url\":\"https:\/\/1xslots.cafe\/de\/\",\"name\":\"1xSlots de\",\"description\":\"My WordPress Blog\",\"potentialAction\":[{\"@type\":\"SearchAction\",\"target\":{\"@type\":\"EntryPoint\",\"urlTemplate\":\"https:\/\/1xslots.cafe\/de\/?s={search_term_string}\"},\"query-input\":{\"@type\":\"PropertyValueSpecification\",\"valueRequired\":true,\"valueName\":\"search_term_string\"}}],\"inLanguage\":\"de\"}]}<\/script>\n<!-- \/ Yoast SEO plugin. -->","yoast_head_json":{"title":"1xSlots Mobile App \u2705\ufe0f Herunterladen f\u00fcr Android & iPhone","description":"1xSlots App gibt Ihnen Zugang zu \u00fcber 10.000 Spielen von f\u00fchrenden Entwicklern \u27a4 Laden Sie 1xSlots Mobile App f\u00fcr Ihr iPhone, Android oder Windows herunter","robots":{"index":"index","follow":"follow","max-snippet":"max-snippet:-1","max-image-preview":"max-image-preview:large","max-video-preview":"max-video-preview:-1"},"og_locale":"de_DE","og_type":"article","og_title":"1xSlots Mobile App \u2705\ufe0f Herunterladen f\u00fcr Android & iPhone","og_description":"1xSlots App gibt Ihnen Zugang zu \u00fcber 10.000 Spielen von f\u00fchrenden Entwicklern \u27a4 Laden Sie 1xSlots Mobile App f\u00fcr Ihr iPhone, Android oder Windows herunter","og_url":"https:\/\/1xslots.cafe\/de\/app\/","og_site_name":"1xSlots de","article_modified_time":"2025-07-29T19:18:16+00:00","twitter_card":"summary_large_image","schema":{"@context":"https:\/\/schema.org","@graph":[{"@type":"WebPage","@id":"https:\/\/1xslots.cafe\/de\/app\/","url":"https:\/\/1xslots.cafe\/de\/app\/","name":"1xSlots Mobile App \u2705\ufe0f Herunterladen f\u00fcr Android & iPhone","isPartOf":{"@id":"https:\/\/1xslots.cafe\/de\/#website"},"datePublished":"2024-02-15T14:49:01+00:00","dateModified":"2025-07-29T19:18:16+00:00","description":"1xSlots App gibt Ihnen Zugang zu \u00fcber 10.000 Spielen von f\u00fchrenden Entwicklern \u27a4 Laden Sie 1xSlots Mobile App f\u00fcr Ihr iPhone, Android oder Windows herunter","breadcrumb":{"@id":"https:\/\/1xslots.cafe\/de\/app\/#breadcrumb"},"inLanguage":"de","potentialAction":[{"@type":"ReadAction","target":["https:\/\/1xslots.cafe\/de\/app\/"]}]},{"@type":"BreadcrumbList","@id":"https:\/\/1xslots.cafe\/de\/app\/#breadcrumb","itemListElement":[{"@type":"ListItem","position":1,"name":"\u0413\u043b\u0430\u0432\u043d\u0430\u044f \u0441\u0442\u0440\u0430\u043d\u0438\u0446\u0430","item":"https:\/\/1xslots.cafe\/de\/"},{"@type":"ListItem","position":2,"name":"App"}]},{"@type":"WebSite","@id":"https:\/\/1xslots.cafe\/de\/#website","url":"https:\/\/1xslots.cafe\/de\/","name":"1xSlots de","description":"My WordPress Blog","potentialAction":[{"@type":"SearchAction","target":{"@type":"EntryPoint","urlTemplate":"https:\/\/1xslots.cafe\/de\/?s={search_term_string}"},"query-input":{"@type":"PropertyValueSpecification","valueRequired":true,"valueName":"search_term_string"}}],"inLanguage":"de"}]}},"_links":{"self":[{"href":"https:\/\/1xslots.cafe\/de\/wp-json\/wp\/v2\/pages\/302"}],"collection":[{"href":"https:\/\/1xslots.cafe\/de\/wp-json\/wp\/v2\/pages"}],"about":[{"href":"https:\/\/1xslots.cafe\/de\/wp-json\/wp\/v2\/types\/page"}],"author":[{"embeddable":true,"href":"https:\/\/1xslots.cafe\/de\/wp-json\/wp\/v2\/users\/1"}],"replies":[{"embeddable":true,"href":"https:\/\/1xslots.cafe\/de\/wp-json\/wp\/v2\/comments?post=302"}],"version-history":[{"count":38,"href":"https:\/\/1xslots.cafe\/de\/wp-json\/wp\/v2\/pages\/302\/revisions"}],"predecessor-version":[{"id":724,"href":"https:\/\/1xslots.cafe\/de\/wp-json\/wp\/v2\/pages\/302\/revisions\/724"}],"wp:attachment":[{"href":"https:\/\/1xslots.cafe\/de\/wp-json\/wp\/v2\/media?parent=302"}],"curies":[{"name":"wp","href":"https:\/\/api.w.org\/{rel}","templated":true}]}}