{"id":598,"date":"2025-04-14T16:54:26","date_gmt":"2025-04-14T16:54:26","guid":{"rendered":"https:\/\/1xslots.cafe\/cs\/?page_id=598"},"modified":"2025-08-14T18:14:02","modified_gmt":"2025-08-14T18:14:02","slug":"100-on-mondays","status":"publish","type":"page","link":"https:\/\/1xslots.cafe\/cs\/bonus\/100-on-mondays\/","title":{"rendered":"100 % v pond\u011bl\u00ed"},"content":{"rendered":"","protected":false},"excerpt":{"rendered":"","protected":false},"author":1,"featured_media":0,"parent":152,"menu_order":0,"comment_status":"closed","ping_status":"closed","template":"","meta":{"footnotes":""},"class_list":["post-598","page","type-page","status-publish","hentry"],"yoast_head":"<!-- This site is optimized with the Yoast SEO plugin v23.4 - https:\/\/yoast.com\/wordpress\/plugins\/seo\/ -->\n<title>Bonus a\u017e 6 500 K\u010d v pond\u011bl\u00ed na 1xSlots: Zdvojn\u00e1sobte sv\u016fj vklad!<\/title>\n<meta name=\"description\" content=\"Ka\u017ed\u00e9 pond\u011bl\u00ed s 1xSlots m\u00e1te \u0161anci zdvojn\u00e1sobit sv\u016fj vklad a\u017e do v\u00fd\u0161e 6 500 K\u010d. Sta\u010d\u00ed vlo\u017eit minim\u00e1ln\u011b 315 K\u010d a sledovat, jak va\u0161e v\u00fdhry rostou! Nenechte si uj\u00edt tuto \u017ehavou p\u0159\u00edle\u017eitost\" \/>\n<meta name=\"robots\" content=\"index, follow, max-snippet:-1, max-image-preview:large, max-video-preview:-1\" \/>\n<meta property=\"og:locale\" content=\"cs_CZ\" \/>\n<meta property=\"og:type\" content=\"article\" \/>\n<meta property=\"og:title\" content=\"Bonus a\u017e 6 500 K\u010d v pond\u011bl\u00ed na 1xSlots: Zdvojn\u00e1sobte sv\u016fj vklad!\" \/>\n<meta property=\"og:description\" content=\"Ka\u017ed\u00e9 pond\u011bl\u00ed s 1xSlots m\u00e1te \u0161anci zdvojn\u00e1sobit sv\u016fj vklad a\u017e do v\u00fd\u0161e 6 500 K\u010d. Sta\u010d\u00ed vlo\u017eit minim\u00e1ln\u011b 315 K\u010d a sledovat, jak va\u0161e v\u00fdhry rostou! Nenechte si uj\u00edt tuto \u017ehavou p\u0159\u00edle\u017eitost\" \/>\n<meta property=\"og:url\" content=\"https:\/\/1xslots.cafe\/cs\/bonus\/100-on-mondays\/\" \/>\n<meta property=\"og:site_name\" content=\"1xslots cs\" \/>\n<meta property=\"article:modified_time\" content=\"2025-08-14T18:14:02+00:00\" \/>\n<meta name=\"twitter:card\" content=\"summary_large_image\" \/>\n<script type=\"application\/ld+json\" class=\"yoast-schema-graph\">{\"@context\":\"https:\/\/schema.org\",\"@graph\":[{\"@type\":\"WebPage\",\"@id\":\"https:\/\/1xslots.cafe\/cs\/bonus\/100-on-mondays\/\",\"url\":\"https:\/\/1xslots.cafe\/cs\/bonus\/100-on-mondays\/\",\"name\":\"Bonus a\u017e 6 500 K\u010d v pond\u011bl\u00ed na 1xSlots: Zdvojn\u00e1sobte sv\u016fj vklad!\",\"isPartOf\":{\"@id\":\"https:\/\/1xslots.cafe\/cs\/#website\"},\"datePublished\":\"2025-04-14T16:54:26+00:00\",\"dateModified\":\"2025-08-14T18:14:02+00:00\",\"description\":\"Ka\u017ed\u00e9 pond\u011bl\u00ed s 1xSlots m\u00e1te \u0161anci zdvojn\u00e1sobit sv\u016fj vklad a\u017e do v\u00fd\u0161e 6 500 K\u010d. Sta\u010d\u00ed vlo\u017eit minim\u00e1ln\u011b 315 K\u010d a sledovat, jak va\u0161e v\u00fdhry rostou! Nenechte si uj\u00edt tuto \u017ehavou p\u0159\u00edle\u017eitost\",\"breadcrumb\":{\"@id\":\"https:\/\/1xslots.cafe\/cs\/bonus\/100-on-mondays\/#breadcrumb\"},\"inLanguage\":\"cs\",\"potentialAction\":[{\"@type\":\"ReadAction\",\"target\":[\"https:\/\/1xslots.cafe\/cs\/bonus\/100-on-mondays\/\"]}]},{\"@type\":\"BreadcrumbList\",\"@id\":\"https:\/\/1xslots.cafe\/cs\/bonus\/100-on-mondays\/#breadcrumb\",\"itemListElement\":[{\"@type\":\"ListItem\",\"position\":1,\"name\":\"\u0413\u043b\u0430\u0432\u043d\u0430\u044f \u0441\u0442\u0440\u0430\u043d\u0438\u0446\u0430\",\"item\":\"https:\/\/1xslots.cafe\/cs\/\"},{\"@type\":\"ListItem\",\"position\":2,\"name\":\"Bonus\",\"item\":\"https:\/\/1xslots.cafe\/cs\/bonus\/\"},{\"@type\":\"ListItem\",\"position\":3,\"name\":\"100 % v pond\u011bl\u00ed\"}]},{\"@type\":\"WebSite\",\"@id\":\"https:\/\/1xslots.cafe\/cs\/#website\",\"url\":\"https:\/\/1xslots.cafe\/cs\/\",\"name\":\"1xslots cs\",\"description\":\"My WordPress Blog\",\"potentialAction\":[{\"@type\":\"SearchAction\",\"target\":{\"@type\":\"EntryPoint\",\"urlTemplate\":\"https:\/\/1xslots.cafe\/cs\/?s={search_term_string}\"},\"query-input\":{\"@type\":\"PropertyValueSpecification\",\"valueRequired\":true,\"valueName\":\"search_term_string\"}}],\"inLanguage\":\"cs\"}]}<\/script>\n<!-- \/ Yoast SEO plugin. -->","yoast_head_json":{"title":"Bonus a\u017e 6 500 K\u010d v pond\u011bl\u00ed na 1xSlots: Zdvojn\u00e1sobte sv\u016fj vklad!","description":"Ka\u017ed\u00e9 pond\u011bl\u00ed s 1xSlots m\u00e1te \u0161anci zdvojn\u00e1sobit sv\u016fj vklad a\u017e do v\u00fd\u0161e 6 500 K\u010d. Sta\u010d\u00ed vlo\u017eit minim\u00e1ln\u011b 315 K\u010d a sledovat, jak va\u0161e v\u00fdhry rostou! Nenechte si uj\u00edt tuto \u017ehavou p\u0159\u00edle\u017eitost","robots":{"index":"index","follow":"follow","max-snippet":"max-snippet:-1","max-image-preview":"max-image-preview:large","max-video-preview":"max-video-preview:-1"},"og_locale":"cs_CZ","og_type":"article","og_title":"Bonus a\u017e 6 500 K\u010d v pond\u011bl\u00ed na 1xSlots: Zdvojn\u00e1sobte sv\u016fj vklad!","og_description":"Ka\u017ed\u00e9 pond\u011bl\u00ed s 1xSlots m\u00e1te \u0161anci zdvojn\u00e1sobit sv\u016fj vklad a\u017e do v\u00fd\u0161e 6 500 K\u010d. Sta\u010d\u00ed vlo\u017eit minim\u00e1ln\u011b 315 K\u010d a sledovat, jak va\u0161e v\u00fdhry rostou! Nenechte si uj\u00edt tuto \u017ehavou p\u0159\u00edle\u017eitost","og_url":"https:\/\/1xslots.cafe\/cs\/bonus\/100-on-mondays\/","og_site_name":"1xslots cs","article_modified_time":"2025-08-14T18:14:02+00:00","twitter_card":"summary_large_image","schema":{"@context":"https:\/\/schema.org","@graph":[{"@type":"WebPage","@id":"https:\/\/1xslots.cafe\/cs\/bonus\/100-on-mondays\/","url":"https:\/\/1xslots.cafe\/cs\/bonus\/100-on-mondays\/","name":"Bonus a\u017e 6 500 K\u010d v pond\u011bl\u00ed na 1xSlots: Zdvojn\u00e1sobte sv\u016fj vklad!","isPartOf":{"@id":"https:\/\/1xslots.cafe\/cs\/#website"},"datePublished":"2025-04-14T16:54:26+00:00","dateModified":"2025-08-14T18:14:02+00:00","description":"Ka\u017ed\u00e9 pond\u011bl\u00ed s 1xSlots m\u00e1te \u0161anci zdvojn\u00e1sobit sv\u016fj vklad a\u017e do v\u00fd\u0161e 6 500 K\u010d. Sta\u010d\u00ed vlo\u017eit minim\u00e1ln\u011b 315 K\u010d a sledovat, jak va\u0161e v\u00fdhry rostou! Nenechte si uj\u00edt tuto \u017ehavou p\u0159\u00edle\u017eitost","breadcrumb":{"@id":"https:\/\/1xslots.cafe\/cs\/bonus\/100-on-mondays\/#breadcrumb"},"inLanguage":"cs","potentialAction":[{"@type":"ReadAction","target":["https:\/\/1xslots.cafe\/cs\/bonus\/100-on-mondays\/"]}]},{"@type":"BreadcrumbList","@id":"https:\/\/1xslots.cafe\/cs\/bonus\/100-on-mondays\/#breadcrumb","itemListElement":[{"@type":"ListItem","position":1,"name":"\u0413\u043b\u0430\u0432\u043d\u0430\u044f \u0441\u0442\u0440\u0430\u043d\u0438\u0446\u0430","item":"https:\/\/1xslots.cafe\/cs\/"},{"@type":"ListItem","position":2,"name":"Bonus","item":"https:\/\/1xslots.cafe\/cs\/bonus\/"},{"@type":"ListItem","position":3,"name":"100 % v pond\u011bl\u00ed"}]},{"@type":"WebSite","@id":"https:\/\/1xslots.cafe\/cs\/#website","url":"https:\/\/1xslots.cafe\/cs\/","name":"1xslots cs","description":"My WordPress Blog","potentialAction":[{"@type":"SearchAction","target":{"@type":"EntryPoint","urlTemplate":"https:\/\/1xslots.cafe\/cs\/?s={search_term_string}"},"query-input":{"@type":"PropertyValueSpecification","valueRequired":true,"valueName":"search_term_string"}}],"inLanguage":"cs"}]}},"_links":{"self":[{"href":"https:\/\/1xslots.cafe\/cs\/wp-json\/wp\/v2\/pages\/598"}],"collection":[{"href":"https:\/\/1xslots.cafe\/cs\/wp-json\/wp\/v2\/pages"}],"about":[{"href":"https:\/\/1xslots.cafe\/cs\/wp-json\/wp\/v2\/types\/page"}],"author":[{"embeddable":true,"href":"https:\/\/1xslots.cafe\/cs\/wp-json\/wp\/v2\/users\/1"}],"replies":[{"embeddable":true,"href":"https:\/\/1xslots.cafe\/cs\/wp-json\/wp\/v2\/comments?post=598"}],"version-history":[{"count":6,"href":"https:\/\/1xslots.cafe\/cs\/wp-json\/wp\/v2\/pages\/598\/revisions"}],"predecessor-version":[{"id":725,"href":"https:\/\/1xslots.cafe\/cs\/wp-json\/wp\/v2\/pages\/598\/revisions\/725"}],"up":[{"embeddable":true,"href":"https:\/\/1xslots.cafe\/cs\/wp-json\/wp\/v2\/pages\/152"}],"wp:attachment":[{"href":"https:\/\/1xslots.cafe\/cs\/wp-json\/wp\/v2\/media?parent=598"}],"curies":[{"name":"wp","href":"https:\/\/api.w.org\/{rel}","templated":true}]}}