{"id":499,"date":"2025-02-26T06:12:57","date_gmt":"2025-02-26T06:12:57","guid":{"rendered":"https:\/\/1xslots.cafe\/cs\/?page_id=499"},"modified":"2025-08-14T18:16:19","modified_gmt":"2025-08-14T18:16:19","slug":"apk","status":"publish","type":"page","link":"https:\/\/1xslots.cafe\/cs\/apk\/","title":{"rendered":"Apk"},"content":{"rendered":"","protected":false},"excerpt":{"rendered":"","protected":false},"author":1,"featured_media":0,"parent":0,"menu_order":0,"comment_status":"closed","ping_status":"closed","template":"","meta":{"footnotes":""},"class_list":["post-499","page","type-page","status-publish","hentry"],"yoast_head":"<!-- This site is optimized with the Yoast SEO plugin v23.4 - https:\/\/yoast.com\/wordpress\/plugins\/seo\/ -->\n<title>St\u00e1hnout 1xSlots Apk pro Android: Rychl\u00e9 mobiln\u00ed s\u00e1zen\u00ed a kasino<\/title>\n<meta name=\"description\" content=\"St\u00e1hn\u011bte si aplikaci 1xSlots pro Android (APK) a u\u017e\u00edvejte si rychl\u00e9, bezpe\u010dn\u00e9 a pohodln\u00e9 mobiln\u00ed s\u00e1zen\u00ed. Z\u00edskejte nejnov\u011bj\u0161\u00ed verzi a za\u010dn\u011bte hr\u00e1t je\u0161t\u011b dnes!\" \/>\n<meta name=\"robots\" content=\"index, follow, max-snippet:-1, max-image-preview:large, max-video-preview:-1\" \/>\n<meta property=\"og:locale\" content=\"cs_CZ\" \/>\n<meta property=\"og:type\" content=\"article\" \/>\n<meta property=\"og:title\" content=\"St\u00e1hnout 1xSlots Apk pro Android: Rychl\u00e9 mobiln\u00ed s\u00e1zen\u00ed a kasino\" \/>\n<meta property=\"og:description\" content=\"St\u00e1hn\u011bte si aplikaci 1xSlots pro Android (APK) a u\u017e\u00edvejte si rychl\u00e9, bezpe\u010dn\u00e9 a pohodln\u00e9 mobiln\u00ed s\u00e1zen\u00ed. Z\u00edskejte nejnov\u011bj\u0161\u00ed verzi a za\u010dn\u011bte hr\u00e1t je\u0161t\u011b dnes!\" \/>\n<meta property=\"og:url\" content=\"https:\/\/1xslots.cafe\/cs\/apk\/\" \/>\n<meta property=\"og:site_name\" content=\"1xslots cs\" \/>\n<meta property=\"article:modified_time\" content=\"2025-08-14T18:16:19+00:00\" \/>\n<meta name=\"twitter:card\" content=\"summary_large_image\" \/>\n<script type=\"application\/ld+json\" class=\"yoast-schema-graph\">{\"@context\":\"https:\/\/schema.org\",\"@graph\":[{\"@type\":\"WebPage\",\"@id\":\"https:\/\/1xslots.cafe\/cs\/apk\/\",\"url\":\"https:\/\/1xslots.cafe\/cs\/apk\/\",\"name\":\"St\u00e1hnout 1xSlots Apk pro Android: Rychl\u00e9 mobiln\u00ed s\u00e1zen\u00ed a kasino\",\"isPartOf\":{\"@id\":\"https:\/\/1xslots.cafe\/cs\/#website\"},\"datePublished\":\"2025-02-26T06:12:57+00:00\",\"dateModified\":\"2025-08-14T18:16:19+00:00\",\"description\":\"St\u00e1hn\u011bte si aplikaci 1xSlots pro Android (APK) a u\u017e\u00edvejte si rychl\u00e9, bezpe\u010dn\u00e9 a pohodln\u00e9 mobiln\u00ed s\u00e1zen\u00ed. Z\u00edskejte nejnov\u011bj\u0161\u00ed verzi a za\u010dn\u011bte hr\u00e1t je\u0161t\u011b dnes!\",\"breadcrumb\":{\"@id\":\"https:\/\/1xslots.cafe\/cs\/apk\/#breadcrumb\"},\"inLanguage\":\"cs\",\"potentialAction\":[{\"@type\":\"ReadAction\",\"target\":[\"https:\/\/1xslots.cafe\/cs\/apk\/\"]}]},{\"@type\":\"BreadcrumbList\",\"@id\":\"https:\/\/1xslots.cafe\/cs\/apk\/#breadcrumb\",\"itemListElement\":[{\"@type\":\"ListItem\",\"position\":1,\"name\":\"\u0413\u043b\u0430\u0432\u043d\u0430\u044f \u0441\u0442\u0440\u0430\u043d\u0438\u0446\u0430\",\"item\":\"https:\/\/1xslots.cafe\/cs\/\"},{\"@type\":\"ListItem\",\"position\":2,\"name\":\"Apk\"}]},{\"@type\":\"WebSite\",\"@id\":\"https:\/\/1xslots.cafe\/cs\/#website\",\"url\":\"https:\/\/1xslots.cafe\/cs\/\",\"name\":\"1xslots cs\",\"description\":\"My WordPress Blog\",\"potentialAction\":[{\"@type\":\"SearchAction\",\"target\":{\"@type\":\"EntryPoint\",\"urlTemplate\":\"https:\/\/1xslots.cafe\/cs\/?s={search_term_string}\"},\"query-input\":{\"@type\":\"PropertyValueSpecification\",\"valueRequired\":true,\"valueName\":\"search_term_string\"}}],\"inLanguage\":\"cs\"}]}<\/script>\n<!-- \/ Yoast SEO plugin. -->","yoast_head_json":{"title":"St\u00e1hnout 1xSlots Apk pro Android: Rychl\u00e9 mobiln\u00ed s\u00e1zen\u00ed a kasino","description":"St\u00e1hn\u011bte si aplikaci 1xSlots pro Android (APK) a u\u017e\u00edvejte si rychl\u00e9, bezpe\u010dn\u00e9 a pohodln\u00e9 mobiln\u00ed s\u00e1zen\u00ed. Z\u00edskejte nejnov\u011bj\u0161\u00ed verzi a za\u010dn\u011bte hr\u00e1t je\u0161t\u011b dnes!","robots":{"index":"index","follow":"follow","max-snippet":"max-snippet:-1","max-image-preview":"max-image-preview:large","max-video-preview":"max-video-preview:-1"},"og_locale":"cs_CZ","og_type":"article","og_title":"St\u00e1hnout 1xSlots Apk pro Android: Rychl\u00e9 mobiln\u00ed s\u00e1zen\u00ed a kasino","og_description":"St\u00e1hn\u011bte si aplikaci 1xSlots pro Android (APK) a u\u017e\u00edvejte si rychl\u00e9, bezpe\u010dn\u00e9 a pohodln\u00e9 mobiln\u00ed s\u00e1zen\u00ed. Z\u00edskejte nejnov\u011bj\u0161\u00ed verzi a za\u010dn\u011bte hr\u00e1t je\u0161t\u011b dnes!","og_url":"https:\/\/1xslots.cafe\/cs\/apk\/","og_site_name":"1xslots cs","article_modified_time":"2025-08-14T18:16:19+00:00","twitter_card":"summary_large_image","schema":{"@context":"https:\/\/schema.org","@graph":[{"@type":"WebPage","@id":"https:\/\/1xslots.cafe\/cs\/apk\/","url":"https:\/\/1xslots.cafe\/cs\/apk\/","name":"St\u00e1hnout 1xSlots Apk pro Android: Rychl\u00e9 mobiln\u00ed s\u00e1zen\u00ed a kasino","isPartOf":{"@id":"https:\/\/1xslots.cafe\/cs\/#website"},"datePublished":"2025-02-26T06:12:57+00:00","dateModified":"2025-08-14T18:16:19+00:00","description":"St\u00e1hn\u011bte si aplikaci 1xSlots pro Android (APK) a u\u017e\u00edvejte si rychl\u00e9, bezpe\u010dn\u00e9 a pohodln\u00e9 mobiln\u00ed s\u00e1zen\u00ed. Z\u00edskejte nejnov\u011bj\u0161\u00ed verzi a za\u010dn\u011bte hr\u00e1t je\u0161t\u011b dnes!","breadcrumb":{"@id":"https:\/\/1xslots.cafe\/cs\/apk\/#breadcrumb"},"inLanguage":"cs","potentialAction":[{"@type":"ReadAction","target":["https:\/\/1xslots.cafe\/cs\/apk\/"]}]},{"@type":"BreadcrumbList","@id":"https:\/\/1xslots.cafe\/cs\/apk\/#breadcrumb","itemListElement":[{"@type":"ListItem","position":1,"name":"\u0413\u043b\u0430\u0432\u043d\u0430\u044f \u0441\u0442\u0440\u0430\u043d\u0438\u0446\u0430","item":"https:\/\/1xslots.cafe\/cs\/"},{"@type":"ListItem","position":2,"name":"Apk"}]},{"@type":"WebSite","@id":"https:\/\/1xslots.cafe\/cs\/#website","url":"https:\/\/1xslots.cafe\/cs\/","name":"1xslots cs","description":"My WordPress Blog","potentialAction":[{"@type":"SearchAction","target":{"@type":"EntryPoint","urlTemplate":"https:\/\/1xslots.cafe\/cs\/?s={search_term_string}"},"query-input":{"@type":"PropertyValueSpecification","valueRequired":true,"valueName":"search_term_string"}}],"inLanguage":"cs"}]}},"_links":{"self":[{"href":"https:\/\/1xslots.cafe\/cs\/wp-json\/wp\/v2\/pages\/499"}],"collection":[{"href":"https:\/\/1xslots.cafe\/cs\/wp-json\/wp\/v2\/pages"}],"about":[{"href":"https:\/\/1xslots.cafe\/cs\/wp-json\/wp\/v2\/types\/page"}],"author":[{"embeddable":true,"href":"https:\/\/1xslots.cafe\/cs\/wp-json\/wp\/v2\/users\/1"}],"replies":[{"embeddable":true,"href":"https:\/\/1xslots.cafe\/cs\/wp-json\/wp\/v2\/comments?post=499"}],"version-history":[{"count":8,"href":"https:\/\/1xslots.cafe\/cs\/wp-json\/wp\/v2\/pages\/499\/revisions"}],"predecessor-version":[{"id":719,"href":"https:\/\/1xslots.cafe\/cs\/wp-json\/wp\/v2\/pages\/499\/revisions\/719"}],"wp:attachment":[{"href":"https:\/\/1xslots.cafe\/cs\/wp-json\/wp\/v2\/media?parent=499"}],"curies":[{"name":"wp","href":"https:\/\/api.w.org\/{rel}","templated":true}]}}