{"id":302,"date":"2024-02-15T14:49:01","date_gmt":"2024-02-15T14:49:01","guid":{"rendered":"https:\/\/1xslots.cafe\/cs\/?page_id=302"},"modified":"2025-07-25T13:08:13","modified_gmt":"2025-07-25T13:08:13","slug":"app","status":"publish","type":"page","link":"https:\/\/1xslots.cafe\/cs\/app\/","title":{"rendered":"Aplikace"},"content":{"rendered":"","protected":false},"excerpt":{"rendered":"","protected":false},"author":1,"featured_media":0,"parent":0,"menu_order":0,"comment_status":"closed","ping_status":"closed","template":"","meta":{"footnotes":""},"class_list":["post-302","page","type-page","status-publish","hentry"],"yoast_head":"<!-- This site is optimized with the Yoast SEO plugin v23.4 - https:\/\/yoast.com\/wordpress\/plugins\/seo\/ -->\n<title>Mobiln\u00ed aplikace 1xSlots \u2705\ufe0f ke sta\u017een\u00ed pro Android a iPhone<\/title>\n<meta name=\"description\" content=\"Aplikace 1xSlots v\u00e1m umo\u017en\u00ed p\u0159\u00edstup k v\u00edce ne\u017e 10 000 hr\u00e1m od p\u0159edn\u00edch v\u00fdvoj\u00e1\u0159\u016f \u27a4 St\u00e1hn\u011bte si mobiln\u00ed aplikaci 1xSlots pro iPhone, Android nebo Window\" \/>\n<meta name=\"robots\" content=\"index, follow, max-snippet:-1, max-image-preview:large, max-video-preview:-1\" \/>\n<meta property=\"og:locale\" content=\"cs_CZ\" \/>\n<meta property=\"og:type\" content=\"article\" \/>\n<meta property=\"og:title\" content=\"Mobiln\u00ed aplikace 1xSlots \u2705\ufe0f ke sta\u017een\u00ed pro Android a iPhone\" \/>\n<meta property=\"og:description\" content=\"Aplikace 1xSlots v\u00e1m umo\u017en\u00ed p\u0159\u00edstup k v\u00edce ne\u017e 10 000 hr\u00e1m od p\u0159edn\u00edch v\u00fdvoj\u00e1\u0159\u016f \u27a4 St\u00e1hn\u011bte si mobiln\u00ed aplikaci 1xSlots pro iPhone, Android nebo Window\" \/>\n<meta property=\"og:url\" content=\"https:\/\/1xslots.cafe\/cs\/app\/\" \/>\n<meta property=\"og:site_name\" content=\"1xslots cs\" \/>\n<meta property=\"article:modified_time\" content=\"2025-07-25T13:08:13+00:00\" \/>\n<meta name=\"twitter:card\" content=\"summary_large_image\" \/>\n<script type=\"application\/ld+json\" class=\"yoast-schema-graph\">{\"@context\":\"https:\/\/schema.org\",\"@graph\":[{\"@type\":\"WebPage\",\"@id\":\"https:\/\/1xslots.cafe\/cs\/app\/\",\"url\":\"https:\/\/1xslots.cafe\/cs\/app\/\",\"name\":\"Mobiln\u00ed aplikace 1xSlots \u2705\ufe0f ke sta\u017een\u00ed pro Android a iPhone\",\"isPartOf\":{\"@id\":\"https:\/\/1xslots.cafe\/cs\/#website\"},\"datePublished\":\"2024-02-15T14:49:01+00:00\",\"dateModified\":\"2025-07-25T13:08:13+00:00\",\"description\":\"Aplikace 1xSlots v\u00e1m umo\u017en\u00ed p\u0159\u00edstup k v\u00edce ne\u017e 10 000 hr\u00e1m od p\u0159edn\u00edch v\u00fdvoj\u00e1\u0159\u016f \u27a4 St\u00e1hn\u011bte si mobiln\u00ed aplikaci 1xSlots pro iPhone, Android nebo Window\",\"breadcrumb\":{\"@id\":\"https:\/\/1xslots.cafe\/cs\/app\/#breadcrumb\"},\"inLanguage\":\"cs\",\"potentialAction\":[{\"@type\":\"ReadAction\",\"target\":[\"https:\/\/1xslots.cafe\/cs\/app\/\"]}]},{\"@type\":\"BreadcrumbList\",\"@id\":\"https:\/\/1xslots.cafe\/cs\/app\/#breadcrumb\",\"itemListElement\":[{\"@type\":\"ListItem\",\"position\":1,\"name\":\"\u0413\u043b\u0430\u0432\u043d\u0430\u044f \u0441\u0442\u0440\u0430\u043d\u0438\u0446\u0430\",\"item\":\"https:\/\/1xslots.cafe\/cs\/\"},{\"@type\":\"ListItem\",\"position\":2,\"name\":\"Aplikace\"}]},{\"@type\":\"WebSite\",\"@id\":\"https:\/\/1xslots.cafe\/cs\/#website\",\"url\":\"https:\/\/1xslots.cafe\/cs\/\",\"name\":\"1xslots cs\",\"description\":\"My WordPress Blog\",\"potentialAction\":[{\"@type\":\"SearchAction\",\"target\":{\"@type\":\"EntryPoint\",\"urlTemplate\":\"https:\/\/1xslots.cafe\/cs\/?s={search_term_string}\"},\"query-input\":{\"@type\":\"PropertyValueSpecification\",\"valueRequired\":true,\"valueName\":\"search_term_string\"}}],\"inLanguage\":\"cs\"}]}<\/script>\n<!-- \/ Yoast SEO plugin. -->","yoast_head_json":{"title":"Mobiln\u00ed aplikace 1xSlots \u2705\ufe0f ke sta\u017een\u00ed pro Android a iPhone","description":"Aplikace 1xSlots v\u00e1m umo\u017en\u00ed p\u0159\u00edstup k v\u00edce ne\u017e 10 000 hr\u00e1m od p\u0159edn\u00edch v\u00fdvoj\u00e1\u0159\u016f \u27a4 St\u00e1hn\u011bte si mobiln\u00ed aplikaci 1xSlots pro iPhone, Android nebo Window","robots":{"index":"index","follow":"follow","max-snippet":"max-snippet:-1","max-image-preview":"max-image-preview:large","max-video-preview":"max-video-preview:-1"},"og_locale":"cs_CZ","og_type":"article","og_title":"Mobiln\u00ed aplikace 1xSlots \u2705\ufe0f ke sta\u017een\u00ed pro Android a iPhone","og_description":"Aplikace 1xSlots v\u00e1m umo\u017en\u00ed p\u0159\u00edstup k v\u00edce ne\u017e 10 000 hr\u00e1m od p\u0159edn\u00edch v\u00fdvoj\u00e1\u0159\u016f \u27a4 St\u00e1hn\u011bte si mobiln\u00ed aplikaci 1xSlots pro iPhone, Android nebo Window","og_url":"https:\/\/1xslots.cafe\/cs\/app\/","og_site_name":"1xslots cs","article_modified_time":"2025-07-25T13:08:13+00:00","twitter_card":"summary_large_image","schema":{"@context":"https:\/\/schema.org","@graph":[{"@type":"WebPage","@id":"https:\/\/1xslots.cafe\/cs\/app\/","url":"https:\/\/1xslots.cafe\/cs\/app\/","name":"Mobiln\u00ed aplikace 1xSlots \u2705\ufe0f ke sta\u017een\u00ed pro Android a iPhone","isPartOf":{"@id":"https:\/\/1xslots.cafe\/cs\/#website"},"datePublished":"2024-02-15T14:49:01+00:00","dateModified":"2025-07-25T13:08:13+00:00","description":"Aplikace 1xSlots v\u00e1m umo\u017en\u00ed p\u0159\u00edstup k v\u00edce ne\u017e 10 000 hr\u00e1m od p\u0159edn\u00edch v\u00fdvoj\u00e1\u0159\u016f \u27a4 St\u00e1hn\u011bte si mobiln\u00ed aplikaci 1xSlots pro iPhone, Android nebo Window","breadcrumb":{"@id":"https:\/\/1xslots.cafe\/cs\/app\/#breadcrumb"},"inLanguage":"cs","potentialAction":[{"@type":"ReadAction","target":["https:\/\/1xslots.cafe\/cs\/app\/"]}]},{"@type":"BreadcrumbList","@id":"https:\/\/1xslots.cafe\/cs\/app\/#breadcrumb","itemListElement":[{"@type":"ListItem","position":1,"name":"\u0413\u043b\u0430\u0432\u043d\u0430\u044f \u0441\u0442\u0440\u0430\u043d\u0438\u0446\u0430","item":"https:\/\/1xslots.cafe\/cs\/"},{"@type":"ListItem","position":2,"name":"Aplikace"}]},{"@type":"WebSite","@id":"https:\/\/1xslots.cafe\/cs\/#website","url":"https:\/\/1xslots.cafe\/cs\/","name":"1xslots cs","description":"My WordPress Blog","potentialAction":[{"@type":"SearchAction","target":{"@type":"EntryPoint","urlTemplate":"https:\/\/1xslots.cafe\/cs\/?s={search_term_string}"},"query-input":{"@type":"PropertyValueSpecification","valueRequired":true,"valueName":"search_term_string"}}],"inLanguage":"cs"}]}},"_links":{"self":[{"href":"https:\/\/1xslots.cafe\/cs\/wp-json\/wp\/v2\/pages\/302"}],"collection":[{"href":"https:\/\/1xslots.cafe\/cs\/wp-json\/wp\/v2\/pages"}],"about":[{"href":"https:\/\/1xslots.cafe\/cs\/wp-json\/wp\/v2\/types\/page"}],"author":[{"embeddable":true,"href":"https:\/\/1xslots.cafe\/cs\/wp-json\/wp\/v2\/users\/1"}],"replies":[{"embeddable":true,"href":"https:\/\/1xslots.cafe\/cs\/wp-json\/wp\/v2\/comments?post=302"}],"version-history":[{"count":36,"href":"https:\/\/1xslots.cafe\/cs\/wp-json\/wp\/v2\/pages\/302\/revisions"}],"predecessor-version":[{"id":720,"href":"https:\/\/1xslots.cafe\/cs\/wp-json\/wp\/v2\/pages\/302\/revisions\/720"}],"wp:attachment":[{"href":"https:\/\/1xslots.cafe\/cs\/wp-json\/wp\/v2\/media?parent=302"}],"curies":[{"name":"wp","href":"https:\/\/api.w.org\/{rel}","templated":true}]}}