{"id":499,"date":"2025-02-26T06:12:57","date_gmt":"2025-02-26T06:12:57","guid":{"rendered":"https:\/\/1xslots.cafe\/ch\/?page_id=499"},"modified":"2025-08-16T07:02:47","modified_gmt":"2025-08-16T07:02:47","slug":"apk","status":"publish","type":"page","link":"https:\/\/1xslots.cafe\/ch\/apk\/","title":{"rendered":"Apk"},"content":{"rendered":"","protected":false},"excerpt":{"rendered":"","protected":false},"author":1,"featured_media":0,"parent":0,"menu_order":0,"comment_status":"closed","ping_status":"closed","template":"","meta":{"footnotes":""},"class_list":["post-499","page","type-page","status-publish","hentry"],"yoast_head":"<!-- This site is optimized with the Yoast SEO plugin v23.4 - https:\/\/yoast.com\/wordpress\/plugins\/seo\/ -->\n<title>1xSlots Apk f\u00fcr Android herunterladen: Schnelles mobiles Wetten<\/title>\n<meta name=\"description\" content=\"Laden Sie die 1xSlots Schweiz App f\u00fcr Android (APK) herunter und genie\u00dfen Sie schnelle, sichere und bequeme mobile Wetten. Holen Sie sich die neueste Version und beginnen Sie noch heute zu spielen!\" \/>\n<meta name=\"robots\" content=\"index, follow, max-snippet:-1, max-image-preview:large, max-video-preview:-1\" \/>\n<meta property=\"og:locale\" content=\"de_DE\" \/>\n<meta property=\"og:type\" content=\"article\" \/>\n<meta property=\"og:title\" content=\"1xSlots Apk f\u00fcr Android herunterladen: Schnelles mobiles Wetten\" \/>\n<meta property=\"og:description\" content=\"Laden Sie die 1xSlots Schweiz App f\u00fcr Android (APK) herunter und genie\u00dfen Sie schnelle, sichere und bequeme mobile Wetten. Holen Sie sich die neueste Version und beginnen Sie noch heute zu spielen!\" \/>\n<meta property=\"og:url\" content=\"https:\/\/1xslots.cafe\/ch\/apk\/\" \/>\n<meta property=\"og:site_name\" content=\"1xslots CH\" \/>\n<meta property=\"article:modified_time\" content=\"2025-08-16T07:02:47+00:00\" \/>\n<meta name=\"twitter:card\" content=\"summary_large_image\" \/>\n<script type=\"application\/ld+json\" class=\"yoast-schema-graph\">{\"@context\":\"https:\/\/schema.org\",\"@graph\":[{\"@type\":\"WebPage\",\"@id\":\"https:\/\/1xslots.cafe\/ch\/apk\/\",\"url\":\"https:\/\/1xslots.cafe\/ch\/apk\/\",\"name\":\"1xSlots Apk f\u00fcr Android herunterladen: Schnelles mobiles Wetten\",\"isPartOf\":{\"@id\":\"https:\/\/1xslots.cafe\/ch\/#website\"},\"datePublished\":\"2025-02-26T06:12:57+00:00\",\"dateModified\":\"2025-08-16T07:02:47+00:00\",\"description\":\"Laden Sie die 1xSlots Schweiz App f\u00fcr Android (APK) herunter und genie\u00dfen Sie schnelle, sichere und bequeme mobile Wetten. Holen Sie sich die neueste Version und beginnen Sie noch heute zu spielen!\",\"breadcrumb\":{\"@id\":\"https:\/\/1xslots.cafe\/ch\/apk\/#breadcrumb\"},\"inLanguage\":\"de-CH\",\"potentialAction\":[{\"@type\":\"ReadAction\",\"target\":[\"https:\/\/1xslots.cafe\/ch\/apk\/\"]}]},{\"@type\":\"BreadcrumbList\",\"@id\":\"https:\/\/1xslots.cafe\/ch\/apk\/#breadcrumb\",\"itemListElement\":[{\"@type\":\"ListItem\",\"position\":1,\"name\":\"\u0413\u043b\u0430\u0432\u043d\u0430\u044f \u0441\u0442\u0440\u0430\u043d\u0438\u0446\u0430\",\"item\":\"https:\/\/1xslots.cafe\/ch\/\"},{\"@type\":\"ListItem\",\"position\":2,\"name\":\"Apk\"}]},{\"@type\":\"WebSite\",\"@id\":\"https:\/\/1xslots.cafe\/ch\/#website\",\"url\":\"https:\/\/1xslots.cafe\/ch\/\",\"name\":\"1xslots CH\",\"description\":\"My WordPress Blog\",\"potentialAction\":[{\"@type\":\"SearchAction\",\"target\":{\"@type\":\"EntryPoint\",\"urlTemplate\":\"https:\/\/1xslots.cafe\/ch\/?s={search_term_string}\"},\"query-input\":{\"@type\":\"PropertyValueSpecification\",\"valueRequired\":true,\"valueName\":\"search_term_string\"}}],\"inLanguage\":\"de-CH\"}]}<\/script>\n<!-- \/ Yoast SEO plugin. -->","yoast_head_json":{"title":"1xSlots Apk f\u00fcr Android herunterladen: Schnelles mobiles Wetten","description":"Laden Sie die 1xSlots Schweiz App f\u00fcr Android (APK) herunter und genie\u00dfen Sie schnelle, sichere und bequeme mobile Wetten. Holen Sie sich die neueste Version und beginnen Sie noch heute zu spielen!","robots":{"index":"index","follow":"follow","max-snippet":"max-snippet:-1","max-image-preview":"max-image-preview:large","max-video-preview":"max-video-preview:-1"},"og_locale":"de_DE","og_type":"article","og_title":"1xSlots Apk f\u00fcr Android herunterladen: Schnelles mobiles Wetten","og_description":"Laden Sie die 1xSlots Schweiz App f\u00fcr Android (APK) herunter und genie\u00dfen Sie schnelle, sichere und bequeme mobile Wetten. Holen Sie sich die neueste Version und beginnen Sie noch heute zu spielen!","og_url":"https:\/\/1xslots.cafe\/ch\/apk\/","og_site_name":"1xslots CH","article_modified_time":"2025-08-16T07:02:47+00:00","twitter_card":"summary_large_image","schema":{"@context":"https:\/\/schema.org","@graph":[{"@type":"WebPage","@id":"https:\/\/1xslots.cafe\/ch\/apk\/","url":"https:\/\/1xslots.cafe\/ch\/apk\/","name":"1xSlots Apk f\u00fcr Android herunterladen: Schnelles mobiles Wetten","isPartOf":{"@id":"https:\/\/1xslots.cafe\/ch\/#website"},"datePublished":"2025-02-26T06:12:57+00:00","dateModified":"2025-08-16T07:02:47+00:00","description":"Laden Sie die 1xSlots Schweiz App f\u00fcr Android (APK) herunter und genie\u00dfen Sie schnelle, sichere und bequeme mobile Wetten. Holen Sie sich die neueste Version und beginnen Sie noch heute zu spielen!","breadcrumb":{"@id":"https:\/\/1xslots.cafe\/ch\/apk\/#breadcrumb"},"inLanguage":"de-CH","potentialAction":[{"@type":"ReadAction","target":["https:\/\/1xslots.cafe\/ch\/apk\/"]}]},{"@type":"BreadcrumbList","@id":"https:\/\/1xslots.cafe\/ch\/apk\/#breadcrumb","itemListElement":[{"@type":"ListItem","position":1,"name":"\u0413\u043b\u0430\u0432\u043d\u0430\u044f \u0441\u0442\u0440\u0430\u043d\u0438\u0446\u0430","item":"https:\/\/1xslots.cafe\/ch\/"},{"@type":"ListItem","position":2,"name":"Apk"}]},{"@type":"WebSite","@id":"https:\/\/1xslots.cafe\/ch\/#website","url":"https:\/\/1xslots.cafe\/ch\/","name":"1xslots CH","description":"My WordPress Blog","potentialAction":[{"@type":"SearchAction","target":{"@type":"EntryPoint","urlTemplate":"https:\/\/1xslots.cafe\/ch\/?s={search_term_string}"},"query-input":{"@type":"PropertyValueSpecification","valueRequired":true,"valueName":"search_term_string"}}],"inLanguage":"de-CH"}]}},"_links":{"self":[{"href":"https:\/\/1xslots.cafe\/ch\/wp-json\/wp\/v2\/pages\/499"}],"collection":[{"href":"https:\/\/1xslots.cafe\/ch\/wp-json\/wp\/v2\/pages"}],"about":[{"href":"https:\/\/1xslots.cafe\/ch\/wp-json\/wp\/v2\/types\/page"}],"author":[{"embeddable":true,"href":"https:\/\/1xslots.cafe\/ch\/wp-json\/wp\/v2\/users\/1"}],"replies":[{"embeddable":true,"href":"https:\/\/1xslots.cafe\/ch\/wp-json\/wp\/v2\/comments?post=499"}],"version-history":[{"count":10,"href":"https:\/\/1xslots.cafe\/ch\/wp-json\/wp\/v2\/pages\/499\/revisions"}],"predecessor-version":[{"id":747,"href":"https:\/\/1xslots.cafe\/ch\/wp-json\/wp\/v2\/pages\/499\/revisions\/747"}],"wp:attachment":[{"href":"https:\/\/1xslots.cafe\/ch\/wp-json\/wp\/v2\/media?parent=499"}],"curies":[{"name":"wp","href":"https:\/\/api.w.org\/{rel}","templated":true}]}}