{"id":403,"date":"2024-10-07T14:32:21","date_gmt":"2024-10-07T14:32:21","guid":{"rendered":"https:\/\/1xslots.cafe\/br\/?page_id=403"},"modified":"2025-05-30T08:29:55","modified_gmt":"2025-05-30T08:29:55","slug":"casino","status":"publish","type":"page","link":"https:\/\/1xslots.cafe\/br\/casino\/","title":{"rendered":"Cassino"},"content":{"rendered":"","protected":false},"excerpt":{"rendered":"","protected":false},"author":1,"featured_media":0,"parent":0,"menu_order":0,"comment_status":"closed","ping_status":"closed","template":"","meta":{"footnotes":""},"class_list":["post-403","page","type-page","status-publish","hentry"],"yoast_head":"<!-- This site is optimized with the Yoast SEO plugin v23.4 - https:\/\/yoast.com\/wordpress\/plugins\/seo\/ -->\n<title>1xSlots Cassino \u1409 Jogue jogos com dinheiro real<\/title>\n<meta name=\"description\" content=\"O 1xSlots Brasil \u00e9 um site de cassino que oferece uma variedade dos melhores jogos, incluindo ca\u00e7a-n\u00edqueis, jogos de mesa e jogos com crupi\u00ea ao vivo. Jogue no 1xSlots Live Cassino e ganhe o b\u00f4nus de primeiro dep\u00f3sito 1xSlots\" \/>\n<meta name=\"robots\" content=\"index, follow, max-snippet:-1, max-image-preview:large, max-video-preview:-1\" \/>\n<meta property=\"og:locale\" content=\"pt_BR\" \/>\n<meta property=\"og:type\" content=\"article\" \/>\n<meta property=\"og:title\" content=\"1xSlots Cassino \u1409 Jogue jogos com dinheiro real\" \/>\n<meta property=\"og:description\" content=\"O 1xSlots Brasil \u00e9 um site de cassino que oferece uma variedade dos melhores jogos, incluindo ca\u00e7a-n\u00edqueis, jogos de mesa e jogos com crupi\u00ea ao vivo. Jogue no 1xSlots Live Cassino e ganhe o b\u00f4nus de primeiro dep\u00f3sito 1xSlots\" \/>\n<meta property=\"og:url\" content=\"https:\/\/1xslots.cafe\/br\/casino\/\" \/>\n<meta property=\"og:site_name\" content=\"1xslots br\" \/>\n<meta property=\"article:modified_time\" content=\"2025-05-30T08:29:55+00:00\" \/>\n<meta name=\"twitter:card\" content=\"summary_large_image\" \/>\n<script type=\"application\/ld+json\" class=\"yoast-schema-graph\">{\"@context\":\"https:\/\/schema.org\",\"@graph\":[{\"@type\":\"WebPage\",\"@id\":\"https:\/\/1xslots.cafe\/br\/casino\/\",\"url\":\"https:\/\/1xslots.cafe\/br\/casino\/\",\"name\":\"1xSlots Cassino \u1409 Jogue jogos com dinheiro real\",\"isPartOf\":{\"@id\":\"https:\/\/1xslots.cafe\/br\/#website\"},\"datePublished\":\"2024-10-07T14:32:21+00:00\",\"dateModified\":\"2025-05-30T08:29:55+00:00\",\"description\":\"O 1xSlots Brasil \u00e9 um site de cassino que oferece uma variedade dos melhores jogos, incluindo ca\u00e7a-n\u00edqueis, jogos de mesa e jogos com crupi\u00ea ao vivo. Jogue no 1xSlots Live Cassino e ganhe o b\u00f4nus de primeiro dep\u00f3sito 1xSlots\",\"breadcrumb\":{\"@id\":\"https:\/\/1xslots.cafe\/br\/casino\/#breadcrumb\"},\"inLanguage\":\"pt-BR\",\"potentialAction\":[{\"@type\":\"ReadAction\",\"target\":[\"https:\/\/1xslots.cafe\/br\/casino\/\"]}]},{\"@type\":\"BreadcrumbList\",\"@id\":\"https:\/\/1xslots.cafe\/br\/casino\/#breadcrumb\",\"itemListElement\":[{\"@type\":\"ListItem\",\"position\":1,\"name\":\"\u0413\u043b\u0430\u0432\u043d\u0430\u044f \u0441\u0442\u0440\u0430\u043d\u0438\u0446\u0430\",\"item\":\"https:\/\/1xslots.cafe\/br\/\"},{\"@type\":\"ListItem\",\"position\":2,\"name\":\"Cassino\"}]},{\"@type\":\"WebSite\",\"@id\":\"https:\/\/1xslots.cafe\/br\/#website\",\"url\":\"https:\/\/1xslots.cafe\/br\/\",\"name\":\"1xslots br\",\"description\":\"My WordPress Blog\",\"potentialAction\":[{\"@type\":\"SearchAction\",\"target\":{\"@type\":\"EntryPoint\",\"urlTemplate\":\"https:\/\/1xslots.cafe\/br\/?s={search_term_string}\"},\"query-input\":{\"@type\":\"PropertyValueSpecification\",\"valueRequired\":true,\"valueName\":\"search_term_string\"}}],\"inLanguage\":\"pt-BR\"}]}<\/script>\n<!-- \/ Yoast SEO plugin. -->","yoast_head_json":{"title":"1xSlots Cassino \u1409 Jogue jogos com dinheiro real","description":"O 1xSlots Brasil \u00e9 um site de cassino que oferece uma variedade dos melhores jogos, incluindo ca\u00e7a-n\u00edqueis, jogos de mesa e jogos com crupi\u00ea ao vivo. Jogue no 1xSlots Live Cassino e ganhe o b\u00f4nus de primeiro dep\u00f3sito 1xSlots","robots":{"index":"index","follow":"follow","max-snippet":"max-snippet:-1","max-image-preview":"max-image-preview:large","max-video-preview":"max-video-preview:-1"},"og_locale":"pt_BR","og_type":"article","og_title":"1xSlots Cassino \u1409 Jogue jogos com dinheiro real","og_description":"O 1xSlots Brasil \u00e9 um site de cassino que oferece uma variedade dos melhores jogos, incluindo ca\u00e7a-n\u00edqueis, jogos de mesa e jogos com crupi\u00ea ao vivo. Jogue no 1xSlots Live Cassino e ganhe o b\u00f4nus de primeiro dep\u00f3sito 1xSlots","og_url":"https:\/\/1xslots.cafe\/br\/casino\/","og_site_name":"1xslots br","article_modified_time":"2025-05-30T08:29:55+00:00","twitter_card":"summary_large_image","schema":{"@context":"https:\/\/schema.org","@graph":[{"@type":"WebPage","@id":"https:\/\/1xslots.cafe\/br\/casino\/","url":"https:\/\/1xslots.cafe\/br\/casino\/","name":"1xSlots Cassino \u1409 Jogue jogos com dinheiro real","isPartOf":{"@id":"https:\/\/1xslots.cafe\/br\/#website"},"datePublished":"2024-10-07T14:32:21+00:00","dateModified":"2025-05-30T08:29:55+00:00","description":"O 1xSlots Brasil \u00e9 um site de cassino que oferece uma variedade dos melhores jogos, incluindo ca\u00e7a-n\u00edqueis, jogos de mesa e jogos com crupi\u00ea ao vivo. Jogue no 1xSlots Live Cassino e ganhe o b\u00f4nus de primeiro dep\u00f3sito 1xSlots","breadcrumb":{"@id":"https:\/\/1xslots.cafe\/br\/casino\/#breadcrumb"},"inLanguage":"pt-BR","potentialAction":[{"@type":"ReadAction","target":["https:\/\/1xslots.cafe\/br\/casino\/"]}]},{"@type":"BreadcrumbList","@id":"https:\/\/1xslots.cafe\/br\/casino\/#breadcrumb","itemListElement":[{"@type":"ListItem","position":1,"name":"\u0413\u043b\u0430\u0432\u043d\u0430\u044f \u0441\u0442\u0440\u0430\u043d\u0438\u0446\u0430","item":"https:\/\/1xslots.cafe\/br\/"},{"@type":"ListItem","position":2,"name":"Cassino"}]},{"@type":"WebSite","@id":"https:\/\/1xslots.cafe\/br\/#website","url":"https:\/\/1xslots.cafe\/br\/","name":"1xslots br","description":"My WordPress Blog","potentialAction":[{"@type":"SearchAction","target":{"@type":"EntryPoint","urlTemplate":"https:\/\/1xslots.cafe\/br\/?s={search_term_string}"},"query-input":{"@type":"PropertyValueSpecification","valueRequired":true,"valueName":"search_term_string"}}],"inLanguage":"pt-BR"}]}},"_links":{"self":[{"href":"https:\/\/1xslots.cafe\/br\/wp-json\/wp\/v2\/pages\/403"}],"collection":[{"href":"https:\/\/1xslots.cafe\/br\/wp-json\/wp\/v2\/pages"}],"about":[{"href":"https:\/\/1xslots.cafe\/br\/wp-json\/wp\/v2\/types\/page"}],"author":[{"embeddable":true,"href":"https:\/\/1xslots.cafe\/br\/wp-json\/wp\/v2\/users\/1"}],"replies":[{"embeddable":true,"href":"https:\/\/1xslots.cafe\/br\/wp-json\/wp\/v2\/comments?post=403"}],"version-history":[{"count":8,"href":"https:\/\/1xslots.cafe\/br\/wp-json\/wp\/v2\/pages\/403\/revisions"}],"predecessor-version":[{"id":698,"href":"https:\/\/1xslots.cafe\/br\/wp-json\/wp\/v2\/pages\/403\/revisions\/698"}],"wp:attachment":[{"href":"https:\/\/1xslots.cafe\/br\/wp-json\/wp\/v2\/media?parent=403"}],"curies":[{"name":"wp","href":"https:\/\/api.w.org\/{rel}","templated":true}]}}