{"id":609,"date":"2025-04-14T17:16:11","date_gmt":"2025-04-14T17:16:11","guid":{"rendered":"https:\/\/1xslots.cafe\/az\/?page_id=609"},"modified":"2025-08-09T18:19:03","modified_gmt":"2025-08-09T18:19:03","slug":"cashback","status":"publish","type":"page","link":"https:\/\/1xslots.cafe\/az\/bonus\/cashback\/","title":{"rendered":"Cashback"},"content":{"rendered":"","protected":false},"excerpt":{"rendered":"","protected":false},"author":1,"featured_media":0,"parent":152,"menu_order":0,"comment_status":"closed","ping_status":"closed","template":"","meta":{"footnotes":""},"class_list":["post-609","page","type-page","status-publish","hentry"],"yoast_head":"<!-- This site is optimized with the Yoast SEO plugin v23.4 - https:\/\/yoast.com\/wordpress\/plugins\/seo\/ -->\n<title>1xSlots-dan 11%-\u0259 q\u0259d\u0259r cashback | Pulunuzu geri qaytar\u0131n!<\/title>\n<meta name=\"description\" content=\"itirdin? Problem yoxdur! 1xSlots-da siz x\u0259rcl\u0259diyiniz pulun 11%-ni geri ala bil\u0259rsiniz! Bu \u015fans\u0131n\u0131z\u0131 \u00f6z \u0259liniz\u0259 qaytarmaq \u015fans\u0131n\u0131zd\u0131r. Geri qazanmaq f\u00fcrs\u0259tini qa\u00e7\u0131rmay\u0131n - cashback sizi g\u00f6zl\u0259yir!\" \/>\n<meta name=\"robots\" content=\"index, follow, max-snippet:-1, max-image-preview:large, max-video-preview:-1\" \/>\n<meta property=\"og:locale\" content=\"az_AZ\" \/>\n<meta property=\"og:type\" content=\"article\" \/>\n<meta property=\"og:title\" content=\"1xSlots-dan 11%-\u0259 q\u0259d\u0259r cashback | Pulunuzu geri qaytar\u0131n!\" \/>\n<meta property=\"og:description\" content=\"itirdin? Problem yoxdur! 1xSlots-da siz x\u0259rcl\u0259diyiniz pulun 11%-ni geri ala bil\u0259rsiniz! Bu \u015fans\u0131n\u0131z\u0131 \u00f6z \u0259liniz\u0259 qaytarmaq \u015fans\u0131n\u0131zd\u0131r. Geri qazanmaq f\u00fcrs\u0259tini qa\u00e7\u0131rmay\u0131n - cashback sizi g\u00f6zl\u0259yir!\" \/>\n<meta property=\"og:url\" content=\"https:\/\/1xslots.cafe\/az\/bonus\/cashback\/\" \/>\n<meta property=\"og:site_name\" content=\"1xSlots az\" \/>\n<meta property=\"article:modified_time\" content=\"2025-08-09T18:19:03+00:00\" \/>\n<meta name=\"twitter:card\" content=\"summary_large_image\" \/>\n<script type=\"application\/ld+json\" class=\"yoast-schema-graph\">{\"@context\":\"https:\/\/schema.org\",\"@graph\":[{\"@type\":\"WebPage\",\"@id\":\"https:\/\/1xslots.cafe\/az\/bonus\/cashback\/\",\"url\":\"https:\/\/1xslots.cafe\/az\/bonus\/cashback\/\",\"name\":\"1xSlots-dan 11%-\u0259 q\u0259d\u0259r cashback | Pulunuzu geri qaytar\u0131n!\",\"isPartOf\":{\"@id\":\"https:\/\/1xslots.cafe\/az\/#website\"},\"datePublished\":\"2025-04-14T17:16:11+00:00\",\"dateModified\":\"2025-08-09T18:19:03+00:00\",\"description\":\"itirdin? Problem yoxdur! 1xSlots-da siz x\u0259rcl\u0259diyiniz pulun 11%-ni geri ala bil\u0259rsiniz! Bu \u015fans\u0131n\u0131z\u0131 \u00f6z \u0259liniz\u0259 qaytarmaq \u015fans\u0131n\u0131zd\u0131r. Geri qazanmaq f\u00fcrs\u0259tini qa\u00e7\u0131rmay\u0131n - cashback sizi g\u00f6zl\u0259yir!\",\"breadcrumb\":{\"@id\":\"https:\/\/1xslots.cafe\/az\/bonus\/cashback\/#breadcrumb\"},\"inLanguage\":\"az\",\"potentialAction\":[{\"@type\":\"ReadAction\",\"target\":[\"https:\/\/1xslots.cafe\/az\/bonus\/cashback\/\"]}]},{\"@type\":\"BreadcrumbList\",\"@id\":\"https:\/\/1xslots.cafe\/az\/bonus\/cashback\/#breadcrumb\",\"itemListElement\":[{\"@type\":\"ListItem\",\"position\":1,\"name\":\"\u0413\u043b\u0430\u0432\u043d\u0430\u044f \u0441\u0442\u0440\u0430\u043d\u0438\u0446\u0430\",\"item\":\"https:\/\/1xslots.cafe\/az\/\"},{\"@type\":\"ListItem\",\"position\":2,\"name\":\"Bonus\",\"item\":\"https:\/\/1xslots.cafe\/az\/bonus\/\"},{\"@type\":\"ListItem\",\"position\":3,\"name\":\"Cashback\"}]},{\"@type\":\"WebSite\",\"@id\":\"https:\/\/1xslots.cafe\/az\/#website\",\"url\":\"https:\/\/1xslots.cafe\/az\/\",\"name\":\"1xSlots az\",\"description\":\"My WordPress Blog\",\"potentialAction\":[{\"@type\":\"SearchAction\",\"target\":{\"@type\":\"EntryPoint\",\"urlTemplate\":\"https:\/\/1xslots.cafe\/az\/?s={search_term_string}\"},\"query-input\":{\"@type\":\"PropertyValueSpecification\",\"valueRequired\":true,\"valueName\":\"search_term_string\"}}],\"inLanguage\":\"az\"}]}<\/script>\n<!-- \/ Yoast SEO plugin. -->","yoast_head_json":{"title":"1xSlots-dan 11%-\u0259 q\u0259d\u0259r cashback | Pulunuzu geri qaytar\u0131n!","description":"itirdin? Problem yoxdur! 1xSlots-da siz x\u0259rcl\u0259diyiniz pulun 11%-ni geri ala bil\u0259rsiniz! Bu \u015fans\u0131n\u0131z\u0131 \u00f6z \u0259liniz\u0259 qaytarmaq \u015fans\u0131n\u0131zd\u0131r. Geri qazanmaq f\u00fcrs\u0259tini qa\u00e7\u0131rmay\u0131n - cashback sizi g\u00f6zl\u0259yir!","robots":{"index":"index","follow":"follow","max-snippet":"max-snippet:-1","max-image-preview":"max-image-preview:large","max-video-preview":"max-video-preview:-1"},"og_locale":"az_AZ","og_type":"article","og_title":"1xSlots-dan 11%-\u0259 q\u0259d\u0259r cashback | Pulunuzu geri qaytar\u0131n!","og_description":"itirdin? Problem yoxdur! 1xSlots-da siz x\u0259rcl\u0259diyiniz pulun 11%-ni geri ala bil\u0259rsiniz! Bu \u015fans\u0131n\u0131z\u0131 \u00f6z \u0259liniz\u0259 qaytarmaq \u015fans\u0131n\u0131zd\u0131r. Geri qazanmaq f\u00fcrs\u0259tini qa\u00e7\u0131rmay\u0131n - cashback sizi g\u00f6zl\u0259yir!","og_url":"https:\/\/1xslots.cafe\/az\/bonus\/cashback\/","og_site_name":"1xSlots az","article_modified_time":"2025-08-09T18:19:03+00:00","twitter_card":"summary_large_image","schema":{"@context":"https:\/\/schema.org","@graph":[{"@type":"WebPage","@id":"https:\/\/1xslots.cafe\/az\/bonus\/cashback\/","url":"https:\/\/1xslots.cafe\/az\/bonus\/cashback\/","name":"1xSlots-dan 11%-\u0259 q\u0259d\u0259r cashback | Pulunuzu geri qaytar\u0131n!","isPartOf":{"@id":"https:\/\/1xslots.cafe\/az\/#website"},"datePublished":"2025-04-14T17:16:11+00:00","dateModified":"2025-08-09T18:19:03+00:00","description":"itirdin? Problem yoxdur! 1xSlots-da siz x\u0259rcl\u0259diyiniz pulun 11%-ni geri ala bil\u0259rsiniz! Bu \u015fans\u0131n\u0131z\u0131 \u00f6z \u0259liniz\u0259 qaytarmaq \u015fans\u0131n\u0131zd\u0131r. Geri qazanmaq f\u00fcrs\u0259tini qa\u00e7\u0131rmay\u0131n - cashback sizi g\u00f6zl\u0259yir!","breadcrumb":{"@id":"https:\/\/1xslots.cafe\/az\/bonus\/cashback\/#breadcrumb"},"inLanguage":"az","potentialAction":[{"@type":"ReadAction","target":["https:\/\/1xslots.cafe\/az\/bonus\/cashback\/"]}]},{"@type":"BreadcrumbList","@id":"https:\/\/1xslots.cafe\/az\/bonus\/cashback\/#breadcrumb","itemListElement":[{"@type":"ListItem","position":1,"name":"\u0413\u043b\u0430\u0432\u043d\u0430\u044f \u0441\u0442\u0440\u0430\u043d\u0438\u0446\u0430","item":"https:\/\/1xslots.cafe\/az\/"},{"@type":"ListItem","position":2,"name":"Bonus","item":"https:\/\/1xslots.cafe\/az\/bonus\/"},{"@type":"ListItem","position":3,"name":"Cashback"}]},{"@type":"WebSite","@id":"https:\/\/1xslots.cafe\/az\/#website","url":"https:\/\/1xslots.cafe\/az\/","name":"1xSlots az","description":"My WordPress Blog","potentialAction":[{"@type":"SearchAction","target":{"@type":"EntryPoint","urlTemplate":"https:\/\/1xslots.cafe\/az\/?s={search_term_string}"},"query-input":{"@type":"PropertyValueSpecification","valueRequired":true,"valueName":"search_term_string"}}],"inLanguage":"az"}]}},"_links":{"self":[{"href":"https:\/\/1xslots.cafe\/az\/wp-json\/wp\/v2\/pages\/609"}],"collection":[{"href":"https:\/\/1xslots.cafe\/az\/wp-json\/wp\/v2\/pages"}],"about":[{"href":"https:\/\/1xslots.cafe\/az\/wp-json\/wp\/v2\/types\/page"}],"author":[{"embeddable":true,"href":"https:\/\/1xslots.cafe\/az\/wp-json\/wp\/v2\/users\/1"}],"replies":[{"embeddable":true,"href":"https:\/\/1xslots.cafe\/az\/wp-json\/wp\/v2\/comments?post=609"}],"version-history":[{"count":5,"href":"https:\/\/1xslots.cafe\/az\/wp-json\/wp\/v2\/pages\/609\/revisions"}],"predecessor-version":[{"id":685,"href":"https:\/\/1xslots.cafe\/az\/wp-json\/wp\/v2\/pages\/609\/revisions\/685"}],"up":[{"embeddable":true,"href":"https:\/\/1xslots.cafe\/az\/wp-json\/wp\/v2\/pages\/152"}],"wp:attachment":[{"href":"https:\/\/1xslots.cafe\/az\/wp-json\/wp\/v2\/media?parent=609"}],"curies":[{"name":"wp","href":"https:\/\/api.w.org\/{rel}","templated":true}]}}