{"id":580,"date":"2025-04-14T15:19:17","date_gmt":"2025-04-14T15:19:17","guid":{"rendered":"https:\/\/1xslots.cafe\/az\/?page_id=580"},"modified":"2025-05-13T15:39:03","modified_gmt":"2025-05-13T15:39:03","slug":"first-deposit","status":"publish","type":"page","link":"https:\/\/1xslots.cafe\/az\/bonus\/first-deposit\/","title":{"rendered":"\u0130lk depozit\u0259 150%"},"content":{"rendered":"","protected":false},"excerpt":{"rendered":"","protected":false},"author":1,"featured_media":0,"parent":152,"menu_order":0,"comment_status":"closed","ping_status":"closed","template":"","meta":{"footnotes":""},"class_list":["post-580","page","type-page","status-publish","hentry"],"yoast_head":"<!-- This site is optimized with the Yoast SEO plugin v23.4 - https:\/\/yoast.com\/wordpress\/plugins\/seo\/ -->\n<title>1xSlots-da ilk depozitiniz\u0259 150% qazan\u0131n: S\u00fcr\u0259tli depozit \u00fc\u00e7\u00fcn<\/title>\n<meta name=\"description\" content=\"Qeydiyyatdan ke\u00e7dikd\u0259n sonra 3 saat \u0259rzind\u0259 sad\u0259c\u0259 depozit qoymaqla ilk depozitinizd\u0259 1xSlots-dan 150% qazan\u0131n. Risk etm\u0259y\u0259 v\u0259 \u015fans\u0131n\u0131z\u0131 s\u0131nama\u011fa haz\u0131rs\u0131n\u0131z? Bura klikl\u0259yin!\" \/>\n<meta name=\"robots\" content=\"index, follow, max-snippet:-1, max-image-preview:large, max-video-preview:-1\" \/>\n<meta property=\"og:locale\" content=\"az_AZ\" \/>\n<meta property=\"og:type\" content=\"article\" \/>\n<meta property=\"og:title\" content=\"1xSlots-da ilk depozitiniz\u0259 150% qazan\u0131n: S\u00fcr\u0259tli depozit \u00fc\u00e7\u00fcn\" \/>\n<meta property=\"og:description\" content=\"Qeydiyyatdan ke\u00e7dikd\u0259n sonra 3 saat \u0259rzind\u0259 sad\u0259c\u0259 depozit qoymaqla ilk depozitinizd\u0259 1xSlots-dan 150% qazan\u0131n. Risk etm\u0259y\u0259 v\u0259 \u015fans\u0131n\u0131z\u0131 s\u0131nama\u011fa haz\u0131rs\u0131n\u0131z? Bura klikl\u0259yin!\" \/>\n<meta property=\"og:url\" content=\"https:\/\/1xslots.cafe\/az\/bonus\/first-deposit\/\" \/>\n<meta property=\"og:site_name\" content=\"1xSlots az\" \/>\n<meta property=\"article:modified_time\" content=\"2025-05-13T15:39:03+00:00\" \/>\n<meta name=\"twitter:card\" content=\"summary_large_image\" \/>\n<script type=\"application\/ld+json\" class=\"yoast-schema-graph\">{\"@context\":\"https:\/\/schema.org\",\"@graph\":[{\"@type\":\"WebPage\",\"@id\":\"https:\/\/1xslots.cafe\/az\/bonus\/first-deposit\/\",\"url\":\"https:\/\/1xslots.cafe\/az\/bonus\/first-deposit\/\",\"name\":\"1xSlots-da ilk depozitiniz\u0259 150% qazan\u0131n: S\u00fcr\u0259tli depozit \u00fc\u00e7\u00fcn\",\"isPartOf\":{\"@id\":\"https:\/\/1xslots.cafe\/az\/#website\"},\"datePublished\":\"2025-04-14T15:19:17+00:00\",\"dateModified\":\"2025-05-13T15:39:03+00:00\",\"description\":\"Qeydiyyatdan ke\u00e7dikd\u0259n sonra 3 saat \u0259rzind\u0259 sad\u0259c\u0259 depozit qoymaqla ilk depozitinizd\u0259 1xSlots-dan 150% qazan\u0131n. Risk etm\u0259y\u0259 v\u0259 \u015fans\u0131n\u0131z\u0131 s\u0131nama\u011fa haz\u0131rs\u0131n\u0131z? Bura klikl\u0259yin!\",\"breadcrumb\":{\"@id\":\"https:\/\/1xslots.cafe\/az\/bonus\/first-deposit\/#breadcrumb\"},\"inLanguage\":\"az\",\"potentialAction\":[{\"@type\":\"ReadAction\",\"target\":[\"https:\/\/1xslots.cafe\/az\/bonus\/first-deposit\/\"]}]},{\"@type\":\"BreadcrumbList\",\"@id\":\"https:\/\/1xslots.cafe\/az\/bonus\/first-deposit\/#breadcrumb\",\"itemListElement\":[{\"@type\":\"ListItem\",\"position\":1,\"name\":\"\u0413\u043b\u0430\u0432\u043d\u0430\u044f \u0441\u0442\u0440\u0430\u043d\u0438\u0446\u0430\",\"item\":\"https:\/\/1xslots.cafe\/az\/\"},{\"@type\":\"ListItem\",\"position\":2,\"name\":\"Bonus\",\"item\":\"https:\/\/1xslots.cafe\/az\/bonus\/\"},{\"@type\":\"ListItem\",\"position\":3,\"name\":\"\u0130lk depozit\u0259 150%\"}]},{\"@type\":\"WebSite\",\"@id\":\"https:\/\/1xslots.cafe\/az\/#website\",\"url\":\"https:\/\/1xslots.cafe\/az\/\",\"name\":\"1xSlots az\",\"description\":\"My WordPress Blog\",\"potentialAction\":[{\"@type\":\"SearchAction\",\"target\":{\"@type\":\"EntryPoint\",\"urlTemplate\":\"https:\/\/1xslots.cafe\/az\/?s={search_term_string}\"},\"query-input\":{\"@type\":\"PropertyValueSpecification\",\"valueRequired\":true,\"valueName\":\"search_term_string\"}}],\"inLanguage\":\"az\"}]}<\/script>\n<!-- \/ Yoast SEO plugin. -->","yoast_head_json":{"title":"1xSlots-da ilk depozitiniz\u0259 150% qazan\u0131n: S\u00fcr\u0259tli depozit \u00fc\u00e7\u00fcn","description":"Qeydiyyatdan ke\u00e7dikd\u0259n sonra 3 saat \u0259rzind\u0259 sad\u0259c\u0259 depozit qoymaqla ilk depozitinizd\u0259 1xSlots-dan 150% qazan\u0131n. Risk etm\u0259y\u0259 v\u0259 \u015fans\u0131n\u0131z\u0131 s\u0131nama\u011fa haz\u0131rs\u0131n\u0131z? Bura klikl\u0259yin!","robots":{"index":"index","follow":"follow","max-snippet":"max-snippet:-1","max-image-preview":"max-image-preview:large","max-video-preview":"max-video-preview:-1"},"og_locale":"az_AZ","og_type":"article","og_title":"1xSlots-da ilk depozitiniz\u0259 150% qazan\u0131n: S\u00fcr\u0259tli depozit \u00fc\u00e7\u00fcn","og_description":"Qeydiyyatdan ke\u00e7dikd\u0259n sonra 3 saat \u0259rzind\u0259 sad\u0259c\u0259 depozit qoymaqla ilk depozitinizd\u0259 1xSlots-dan 150% qazan\u0131n. Risk etm\u0259y\u0259 v\u0259 \u015fans\u0131n\u0131z\u0131 s\u0131nama\u011fa haz\u0131rs\u0131n\u0131z? Bura klikl\u0259yin!","og_url":"https:\/\/1xslots.cafe\/az\/bonus\/first-deposit\/","og_site_name":"1xSlots az","article_modified_time":"2025-05-13T15:39:03+00:00","twitter_card":"summary_large_image","schema":{"@context":"https:\/\/schema.org","@graph":[{"@type":"WebPage","@id":"https:\/\/1xslots.cafe\/az\/bonus\/first-deposit\/","url":"https:\/\/1xslots.cafe\/az\/bonus\/first-deposit\/","name":"1xSlots-da ilk depozitiniz\u0259 150% qazan\u0131n: S\u00fcr\u0259tli depozit \u00fc\u00e7\u00fcn","isPartOf":{"@id":"https:\/\/1xslots.cafe\/az\/#website"},"datePublished":"2025-04-14T15:19:17+00:00","dateModified":"2025-05-13T15:39:03+00:00","description":"Qeydiyyatdan ke\u00e7dikd\u0259n sonra 3 saat \u0259rzind\u0259 sad\u0259c\u0259 depozit qoymaqla ilk depozitinizd\u0259 1xSlots-dan 150% qazan\u0131n. Risk etm\u0259y\u0259 v\u0259 \u015fans\u0131n\u0131z\u0131 s\u0131nama\u011fa haz\u0131rs\u0131n\u0131z? Bura klikl\u0259yin!","breadcrumb":{"@id":"https:\/\/1xslots.cafe\/az\/bonus\/first-deposit\/#breadcrumb"},"inLanguage":"az","potentialAction":[{"@type":"ReadAction","target":["https:\/\/1xslots.cafe\/az\/bonus\/first-deposit\/"]}]},{"@type":"BreadcrumbList","@id":"https:\/\/1xslots.cafe\/az\/bonus\/first-deposit\/#breadcrumb","itemListElement":[{"@type":"ListItem","position":1,"name":"\u0413\u043b\u0430\u0432\u043d\u0430\u044f \u0441\u0442\u0440\u0430\u043d\u0438\u0446\u0430","item":"https:\/\/1xslots.cafe\/az\/"},{"@type":"ListItem","position":2,"name":"Bonus","item":"https:\/\/1xslots.cafe\/az\/bonus\/"},{"@type":"ListItem","position":3,"name":"\u0130lk depozit\u0259 150%"}]},{"@type":"WebSite","@id":"https:\/\/1xslots.cafe\/az\/#website","url":"https:\/\/1xslots.cafe\/az\/","name":"1xSlots az","description":"My WordPress Blog","potentialAction":[{"@type":"SearchAction","target":{"@type":"EntryPoint","urlTemplate":"https:\/\/1xslots.cafe\/az\/?s={search_term_string}"},"query-input":{"@type":"PropertyValueSpecification","valueRequired":true,"valueName":"search_term_string"}}],"inLanguage":"az"}]}},"_links":{"self":[{"href":"https:\/\/1xslots.cafe\/az\/wp-json\/wp\/v2\/pages\/580"}],"collection":[{"href":"https:\/\/1xslots.cafe\/az\/wp-json\/wp\/v2\/pages"}],"about":[{"href":"https:\/\/1xslots.cafe\/az\/wp-json\/wp\/v2\/types\/page"}],"author":[{"embeddable":true,"href":"https:\/\/1xslots.cafe\/az\/wp-json\/wp\/v2\/users\/1"}],"replies":[{"embeddable":true,"href":"https:\/\/1xslots.cafe\/az\/wp-json\/wp\/v2\/comments?post=580"}],"version-history":[{"count":6,"href":"https:\/\/1xslots.cafe\/az\/wp-json\/wp\/v2\/pages\/580\/revisions"}],"predecessor-version":[{"id":683,"href":"https:\/\/1xslots.cafe\/az\/wp-json\/wp\/v2\/pages\/580\/revisions\/683"}],"up":[{"embeddable":true,"href":"https:\/\/1xslots.cafe\/az\/wp-json\/wp\/v2\/pages\/152"}],"wp:attachment":[{"href":"https:\/\/1xslots.cafe\/az\/wp-json\/wp\/v2\/media?parent=580"}],"curies":[{"name":"wp","href":"https:\/\/api.w.org\/{rel}","templated":true}]}}