{"id":499,"date":"2025-02-26T06:12:57","date_gmt":"2025-02-26T06:12:57","guid":{"rendered":"https:\/\/1xslots.cafe\/az\/?page_id=499"},"modified":"2025-05-14T13:57:21","modified_gmt":"2025-05-14T13:57:21","slug":"apk","status":"publish","type":"page","link":"https:\/\/1xslots.cafe\/az\/apk\/","title":{"rendered":"Apk"},"content":{"rendered":"","protected":false},"excerpt":{"rendered":"","protected":false},"author":1,"featured_media":0,"parent":0,"menu_order":0,"comment_status":"closed","ping_status":"closed","template":"","meta":{"footnotes":""},"class_list":["post-499","page","type-page","status-publish","hentry"],"yoast_head":"<!-- This site is optimized with the Yoast SEO plugin v23.4 - https:\/\/yoast.com\/wordpress\/plugins\/seo\/ -->\n<title>Android \u00fc\u00e7\u00fcn 1xSlots Apk y\u00fckl\u0259yin: T\u0259hl\u00fck\u0259siz Mobil Bahis<\/title>\n<meta name=\"description\" content=\"Android \u00fc\u00e7\u00fcn 1xSlots proqram\u0131n\u0131 y\u00fckl\u0259yin (APK) v\u0259 s\u00fcr\u0259tli, t\u0259hl\u00fck\u0259siz v\u0259 rahat mobil m\u0259rcd\u0259n h\u0259zz al\u0131n. \u018fn son versiyan\u0131 \u0259ld\u0259 edin v\u0259 bu g\u00fcn oynama\u011fa ba\u015flay\u0131n!\" \/>\n<meta name=\"robots\" content=\"index, follow, max-snippet:-1, max-image-preview:large, max-video-preview:-1\" \/>\n<meta property=\"og:locale\" content=\"az_AZ\" \/>\n<meta property=\"og:type\" content=\"article\" \/>\n<meta property=\"og:title\" content=\"Android \u00fc\u00e7\u00fcn 1xSlots Apk y\u00fckl\u0259yin: T\u0259hl\u00fck\u0259siz Mobil Bahis\" \/>\n<meta property=\"og:description\" content=\"Android \u00fc\u00e7\u00fcn 1xSlots proqram\u0131n\u0131 y\u00fckl\u0259yin (APK) v\u0259 s\u00fcr\u0259tli, t\u0259hl\u00fck\u0259siz v\u0259 rahat mobil m\u0259rcd\u0259n h\u0259zz al\u0131n. \u018fn son versiyan\u0131 \u0259ld\u0259 edin v\u0259 bu g\u00fcn oynama\u011fa ba\u015flay\u0131n!\" \/>\n<meta property=\"og:url\" content=\"https:\/\/1xslots.cafe\/az\/apk\/\" \/>\n<meta property=\"og:site_name\" content=\"1xSlots az\" \/>\n<meta property=\"article:modified_time\" content=\"2025-05-14T13:57:21+00:00\" \/>\n<meta name=\"twitter:card\" content=\"summary_large_image\" \/>\n<script type=\"application\/ld+json\" class=\"yoast-schema-graph\">{\"@context\":\"https:\/\/schema.org\",\"@graph\":[{\"@type\":\"WebPage\",\"@id\":\"https:\/\/1xslots.cafe\/az\/apk\/\",\"url\":\"https:\/\/1xslots.cafe\/az\/apk\/\",\"name\":\"Android \u00fc\u00e7\u00fcn 1xSlots Apk y\u00fckl\u0259yin: T\u0259hl\u00fck\u0259siz Mobil Bahis\",\"isPartOf\":{\"@id\":\"https:\/\/1xslots.cafe\/az\/#website\"},\"datePublished\":\"2025-02-26T06:12:57+00:00\",\"dateModified\":\"2025-05-14T13:57:21+00:00\",\"description\":\"Android \u00fc\u00e7\u00fcn 1xSlots proqram\u0131n\u0131 y\u00fckl\u0259yin (APK) v\u0259 s\u00fcr\u0259tli, t\u0259hl\u00fck\u0259siz v\u0259 rahat mobil m\u0259rcd\u0259n h\u0259zz al\u0131n. \u018fn son versiyan\u0131 \u0259ld\u0259 edin v\u0259 bu g\u00fcn oynama\u011fa ba\u015flay\u0131n!\",\"breadcrumb\":{\"@id\":\"https:\/\/1xslots.cafe\/az\/apk\/#breadcrumb\"},\"inLanguage\":\"az\",\"potentialAction\":[{\"@type\":\"ReadAction\",\"target\":[\"https:\/\/1xslots.cafe\/az\/apk\/\"]}]},{\"@type\":\"BreadcrumbList\",\"@id\":\"https:\/\/1xslots.cafe\/az\/apk\/#breadcrumb\",\"itemListElement\":[{\"@type\":\"ListItem\",\"position\":1,\"name\":\"\u0413\u043b\u0430\u0432\u043d\u0430\u044f \u0441\u0442\u0440\u0430\u043d\u0438\u0446\u0430\",\"item\":\"https:\/\/1xslots.cafe\/az\/\"},{\"@type\":\"ListItem\",\"position\":2,\"name\":\"Apk\"}]},{\"@type\":\"WebSite\",\"@id\":\"https:\/\/1xslots.cafe\/az\/#website\",\"url\":\"https:\/\/1xslots.cafe\/az\/\",\"name\":\"1xSlots az\",\"description\":\"My WordPress Blog\",\"potentialAction\":[{\"@type\":\"SearchAction\",\"target\":{\"@type\":\"EntryPoint\",\"urlTemplate\":\"https:\/\/1xslots.cafe\/az\/?s={search_term_string}\"},\"query-input\":{\"@type\":\"PropertyValueSpecification\",\"valueRequired\":true,\"valueName\":\"search_term_string\"}}],\"inLanguage\":\"az\"}]}<\/script>\n<!-- \/ Yoast SEO plugin. -->","yoast_head_json":{"title":"Android \u00fc\u00e7\u00fcn 1xSlots Apk y\u00fckl\u0259yin: T\u0259hl\u00fck\u0259siz Mobil Bahis","description":"Android \u00fc\u00e7\u00fcn 1xSlots proqram\u0131n\u0131 y\u00fckl\u0259yin (APK) v\u0259 s\u00fcr\u0259tli, t\u0259hl\u00fck\u0259siz v\u0259 rahat mobil m\u0259rcd\u0259n h\u0259zz al\u0131n. \u018fn son versiyan\u0131 \u0259ld\u0259 edin v\u0259 bu g\u00fcn oynama\u011fa ba\u015flay\u0131n!","robots":{"index":"index","follow":"follow","max-snippet":"max-snippet:-1","max-image-preview":"max-image-preview:large","max-video-preview":"max-video-preview:-1"},"og_locale":"az_AZ","og_type":"article","og_title":"Android \u00fc\u00e7\u00fcn 1xSlots Apk y\u00fckl\u0259yin: T\u0259hl\u00fck\u0259siz Mobil Bahis","og_description":"Android \u00fc\u00e7\u00fcn 1xSlots proqram\u0131n\u0131 y\u00fckl\u0259yin (APK) v\u0259 s\u00fcr\u0259tli, t\u0259hl\u00fck\u0259siz v\u0259 rahat mobil m\u0259rcd\u0259n h\u0259zz al\u0131n. \u018fn son versiyan\u0131 \u0259ld\u0259 edin v\u0259 bu g\u00fcn oynama\u011fa ba\u015flay\u0131n!","og_url":"https:\/\/1xslots.cafe\/az\/apk\/","og_site_name":"1xSlots az","article_modified_time":"2025-05-14T13:57:21+00:00","twitter_card":"summary_large_image","schema":{"@context":"https:\/\/schema.org","@graph":[{"@type":"WebPage","@id":"https:\/\/1xslots.cafe\/az\/apk\/","url":"https:\/\/1xslots.cafe\/az\/apk\/","name":"Android \u00fc\u00e7\u00fcn 1xSlots Apk y\u00fckl\u0259yin: T\u0259hl\u00fck\u0259siz Mobil Bahis","isPartOf":{"@id":"https:\/\/1xslots.cafe\/az\/#website"},"datePublished":"2025-02-26T06:12:57+00:00","dateModified":"2025-05-14T13:57:21+00:00","description":"Android \u00fc\u00e7\u00fcn 1xSlots proqram\u0131n\u0131 y\u00fckl\u0259yin (APK) v\u0259 s\u00fcr\u0259tli, t\u0259hl\u00fck\u0259siz v\u0259 rahat mobil m\u0259rcd\u0259n h\u0259zz al\u0131n. \u018fn son versiyan\u0131 \u0259ld\u0259 edin v\u0259 bu g\u00fcn oynama\u011fa ba\u015flay\u0131n!","breadcrumb":{"@id":"https:\/\/1xslots.cafe\/az\/apk\/#breadcrumb"},"inLanguage":"az","potentialAction":[{"@type":"ReadAction","target":["https:\/\/1xslots.cafe\/az\/apk\/"]}]},{"@type":"BreadcrumbList","@id":"https:\/\/1xslots.cafe\/az\/apk\/#breadcrumb","itemListElement":[{"@type":"ListItem","position":1,"name":"\u0413\u043b\u0430\u0432\u043d\u0430\u044f \u0441\u0442\u0440\u0430\u043d\u0438\u0446\u0430","item":"https:\/\/1xslots.cafe\/az\/"},{"@type":"ListItem","position":2,"name":"Apk"}]},{"@type":"WebSite","@id":"https:\/\/1xslots.cafe\/az\/#website","url":"https:\/\/1xslots.cafe\/az\/","name":"1xSlots az","description":"My WordPress Blog","potentialAction":[{"@type":"SearchAction","target":{"@type":"EntryPoint","urlTemplate":"https:\/\/1xslots.cafe\/az\/?s={search_term_string}"},"query-input":{"@type":"PropertyValueSpecification","valueRequired":true,"valueName":"search_term_string"}}],"inLanguage":"az"}]}},"_links":{"self":[{"href":"https:\/\/1xslots.cafe\/az\/wp-json\/wp\/v2\/pages\/499"}],"collection":[{"href":"https:\/\/1xslots.cafe\/az\/wp-json\/wp\/v2\/pages"}],"about":[{"href":"https:\/\/1xslots.cafe\/az\/wp-json\/wp\/v2\/types\/page"}],"author":[{"embeddable":true,"href":"https:\/\/1xslots.cafe\/az\/wp-json\/wp\/v2\/users\/1"}],"replies":[{"embeddable":true,"href":"https:\/\/1xslots.cafe\/az\/wp-json\/wp\/v2\/comments?post=499"}],"version-history":[{"count":7,"href":"https:\/\/1xslots.cafe\/az\/wp-json\/wp\/v2\/pages\/499\/revisions"}],"predecessor-version":[{"id":676,"href":"https:\/\/1xslots.cafe\/az\/wp-json\/wp\/v2\/pages\/499\/revisions\/676"}],"wp:attachment":[{"href":"https:\/\/1xslots.cafe\/az\/wp-json\/wp\/v2\/media?parent=499"}],"curies":[{"name":"wp","href":"https:\/\/api.w.org\/{rel}","templated":true}]}}