{"id":403,"date":"2024-10-07T14:32:21","date_gmt":"2024-10-07T14:32:21","guid":{"rendered":"https:\/\/1xslots.cafe\/az\/?page_id=403"},"modified":"2025-05-13T16:30:25","modified_gmt":"2025-05-13T16:30:25","slug":"casino","status":"publish","type":"page","link":"https:\/\/1xslots.cafe\/az\/casino\/","title":{"rendered":"Casino"},"content":{"rendered":"","protected":false},"excerpt":{"rendered":"","protected":false},"author":1,"featured_media":0,"parent":0,"menu_order":0,"comment_status":"closed","ping_status":"closed","template":"","meta":{"footnotes":""},"class_list":["post-403","page","type-page","status-publish","hentry"],"yoast_head":"<!-- This site is optimized with the Yoast SEO plugin v23.4 - https:\/\/yoast.com\/wordpress\/plugins\/seo\/ -->\n<title>1xSlots Casino \u1409 Real Pul \u00fc\u00e7\u00fcn Oyun Oynay\u0131n<\/title>\n<meta name=\"description\" content=\"1xSlots slotlar, stol\u00fcst\u00fc oyunlar v\u0259 canl\u0131 diler oyunlar\u0131 da daxil olmaqla m\u00fcxt\u0259lif \u0259n yax\u015f\u0131 oyunlar\u0131 t\u0259klif ed\u0259n kazino sayt\u0131d\u0131r. 1xSlots Live Casino-da oynay\u0131n v\u0259 1xSlots ilk depozit bonusu \u0259ld\u0259 edin\" \/>\n<meta name=\"robots\" content=\"index, follow, max-snippet:-1, max-image-preview:large, max-video-preview:-1\" \/>\n<meta property=\"og:locale\" content=\"az_AZ\" \/>\n<meta property=\"og:type\" content=\"article\" \/>\n<meta property=\"og:title\" content=\"1xSlots Casino \u1409 Real Pul \u00fc\u00e7\u00fcn Oyun Oynay\u0131n\" \/>\n<meta property=\"og:description\" content=\"1xSlots slotlar, stol\u00fcst\u00fc oyunlar v\u0259 canl\u0131 diler oyunlar\u0131 da daxil olmaqla m\u00fcxt\u0259lif \u0259n yax\u015f\u0131 oyunlar\u0131 t\u0259klif ed\u0259n kazino sayt\u0131d\u0131r. 1xSlots Live Casino-da oynay\u0131n v\u0259 1xSlots ilk depozit bonusu \u0259ld\u0259 edin\" \/>\n<meta property=\"og:url\" content=\"https:\/\/1xslots.cafe\/az\/casino\/\" \/>\n<meta property=\"og:site_name\" content=\"1xSlots az\" \/>\n<meta property=\"article:modified_time\" content=\"2025-05-13T16:30:25+00:00\" \/>\n<meta name=\"twitter:card\" content=\"summary_large_image\" \/>\n<script type=\"application\/ld+json\" class=\"yoast-schema-graph\">{\"@context\":\"https:\/\/schema.org\",\"@graph\":[{\"@type\":\"WebPage\",\"@id\":\"https:\/\/1xslots.cafe\/az\/casino\/\",\"url\":\"https:\/\/1xslots.cafe\/az\/casino\/\",\"name\":\"1xSlots Casino \u1409 Real Pul \u00fc\u00e7\u00fcn Oyun Oynay\u0131n\",\"isPartOf\":{\"@id\":\"https:\/\/1xslots.cafe\/az\/#website\"},\"datePublished\":\"2024-10-07T14:32:21+00:00\",\"dateModified\":\"2025-05-13T16:30:25+00:00\",\"description\":\"1xSlots slotlar, stol\u00fcst\u00fc oyunlar v\u0259 canl\u0131 diler oyunlar\u0131 da daxil olmaqla m\u00fcxt\u0259lif \u0259n yax\u015f\u0131 oyunlar\u0131 t\u0259klif ed\u0259n kazino sayt\u0131d\u0131r. 1xSlots Live Casino-da oynay\u0131n v\u0259 1xSlots ilk depozit bonusu \u0259ld\u0259 edin\",\"breadcrumb\":{\"@id\":\"https:\/\/1xslots.cafe\/az\/casino\/#breadcrumb\"},\"inLanguage\":\"az\",\"potentialAction\":[{\"@type\":\"ReadAction\",\"target\":[\"https:\/\/1xslots.cafe\/az\/casino\/\"]}]},{\"@type\":\"BreadcrumbList\",\"@id\":\"https:\/\/1xslots.cafe\/az\/casino\/#breadcrumb\",\"itemListElement\":[{\"@type\":\"ListItem\",\"position\":1,\"name\":\"\u0413\u043b\u0430\u0432\u043d\u0430\u044f \u0441\u0442\u0440\u0430\u043d\u0438\u0446\u0430\",\"item\":\"https:\/\/1xslots.cafe\/az\/\"},{\"@type\":\"ListItem\",\"position\":2,\"name\":\"Casino\"}]},{\"@type\":\"WebSite\",\"@id\":\"https:\/\/1xslots.cafe\/az\/#website\",\"url\":\"https:\/\/1xslots.cafe\/az\/\",\"name\":\"1xSlots az\",\"description\":\"My WordPress Blog\",\"potentialAction\":[{\"@type\":\"SearchAction\",\"target\":{\"@type\":\"EntryPoint\",\"urlTemplate\":\"https:\/\/1xslots.cafe\/az\/?s={search_term_string}\"},\"query-input\":{\"@type\":\"PropertyValueSpecification\",\"valueRequired\":true,\"valueName\":\"search_term_string\"}}],\"inLanguage\":\"az\"}]}<\/script>\n<!-- \/ Yoast SEO plugin. -->","yoast_head_json":{"title":"1xSlots Casino \u1409 Real Pul \u00fc\u00e7\u00fcn Oyun Oynay\u0131n","description":"1xSlots slotlar, stol\u00fcst\u00fc oyunlar v\u0259 canl\u0131 diler oyunlar\u0131 da daxil olmaqla m\u00fcxt\u0259lif \u0259n yax\u015f\u0131 oyunlar\u0131 t\u0259klif ed\u0259n kazino sayt\u0131d\u0131r. 1xSlots Live Casino-da oynay\u0131n v\u0259 1xSlots ilk depozit bonusu \u0259ld\u0259 edin","robots":{"index":"index","follow":"follow","max-snippet":"max-snippet:-1","max-image-preview":"max-image-preview:large","max-video-preview":"max-video-preview:-1"},"og_locale":"az_AZ","og_type":"article","og_title":"1xSlots Casino \u1409 Real Pul \u00fc\u00e7\u00fcn Oyun Oynay\u0131n","og_description":"1xSlots slotlar, stol\u00fcst\u00fc oyunlar v\u0259 canl\u0131 diler oyunlar\u0131 da daxil olmaqla m\u00fcxt\u0259lif \u0259n yax\u015f\u0131 oyunlar\u0131 t\u0259klif ed\u0259n kazino sayt\u0131d\u0131r. 1xSlots Live Casino-da oynay\u0131n v\u0259 1xSlots ilk depozit bonusu \u0259ld\u0259 edin","og_url":"https:\/\/1xslots.cafe\/az\/casino\/","og_site_name":"1xSlots az","article_modified_time":"2025-05-13T16:30:25+00:00","twitter_card":"summary_large_image","schema":{"@context":"https:\/\/schema.org","@graph":[{"@type":"WebPage","@id":"https:\/\/1xslots.cafe\/az\/casino\/","url":"https:\/\/1xslots.cafe\/az\/casino\/","name":"1xSlots Casino \u1409 Real Pul \u00fc\u00e7\u00fcn Oyun Oynay\u0131n","isPartOf":{"@id":"https:\/\/1xslots.cafe\/az\/#website"},"datePublished":"2024-10-07T14:32:21+00:00","dateModified":"2025-05-13T16:30:25+00:00","description":"1xSlots slotlar, stol\u00fcst\u00fc oyunlar v\u0259 canl\u0131 diler oyunlar\u0131 da daxil olmaqla m\u00fcxt\u0259lif \u0259n yax\u015f\u0131 oyunlar\u0131 t\u0259klif ed\u0259n kazino sayt\u0131d\u0131r. 1xSlots Live Casino-da oynay\u0131n v\u0259 1xSlots ilk depozit bonusu \u0259ld\u0259 edin","breadcrumb":{"@id":"https:\/\/1xslots.cafe\/az\/casino\/#breadcrumb"},"inLanguage":"az","potentialAction":[{"@type":"ReadAction","target":["https:\/\/1xslots.cafe\/az\/casino\/"]}]},{"@type":"BreadcrumbList","@id":"https:\/\/1xslots.cafe\/az\/casino\/#breadcrumb","itemListElement":[{"@type":"ListItem","position":1,"name":"\u0413\u043b\u0430\u0432\u043d\u0430\u044f \u0441\u0442\u0440\u0430\u043d\u0438\u0446\u0430","item":"https:\/\/1xslots.cafe\/az\/"},{"@type":"ListItem","position":2,"name":"Casino"}]},{"@type":"WebSite","@id":"https:\/\/1xslots.cafe\/az\/#website","url":"https:\/\/1xslots.cafe\/az\/","name":"1xSlots az","description":"My WordPress Blog","potentialAction":[{"@type":"SearchAction","target":{"@type":"EntryPoint","urlTemplate":"https:\/\/1xslots.cafe\/az\/?s={search_term_string}"},"query-input":{"@type":"PropertyValueSpecification","valueRequired":true,"valueName":"search_term_string"}}],"inLanguage":"az"}]}},"_links":{"self":[{"href":"https:\/\/1xslots.cafe\/az\/wp-json\/wp\/v2\/pages\/403"}],"collection":[{"href":"https:\/\/1xslots.cafe\/az\/wp-json\/wp\/v2\/pages"}],"about":[{"href":"https:\/\/1xslots.cafe\/az\/wp-json\/wp\/v2\/types\/page"}],"author":[{"embeddable":true,"href":"https:\/\/1xslots.cafe\/az\/wp-json\/wp\/v2\/users\/1"}],"replies":[{"embeddable":true,"href":"https:\/\/1xslots.cafe\/az\/wp-json\/wp\/v2\/comments?post=403"}],"version-history":[{"count":7,"href":"https:\/\/1xslots.cafe\/az\/wp-json\/wp\/v2\/pages\/403\/revisions"}],"predecessor-version":[{"id":688,"href":"https:\/\/1xslots.cafe\/az\/wp-json\/wp\/v2\/pages\/403\/revisions\/688"}],"wp:attachment":[{"href":"https:\/\/1xslots.cafe\/az\/wp-json\/wp\/v2\/media?parent=403"}],"curies":[{"name":"wp","href":"https:\/\/api.w.org\/{rel}","templated":true}]}}