{"id":152,"date":"2023-05-18T17:39:43","date_gmt":"2023-05-18T17:39:43","guid":{"rendered":"https:\/\/1xslots.cafe\/az\/?page_id=152"},"modified":"2025-05-13T15:17:12","modified_gmt":"2025-05-13T15:17:12","slug":"bonus","status":"publish","type":"page","link":"https:\/\/1xslots.cafe\/az\/bonus\/","title":{"rendered":"Bonus"},"content":{"rendered":"","protected":false},"excerpt":{"rendered":"","protected":false},"author":1,"featured_media":0,"parent":0,"menu_order":0,"comment_status":"closed","ping_status":"closed","template":"","meta":{"footnotes":""},"class_list":["post-152","page","type-page","status-publish","hentry"],"yoast_head":"<!-- This site is optimized with the Yoast SEO plugin v23.4 - https:\/\/yoast.com\/wordpress\/plugins\/seo\/ -->\n<title>1xSlots Casino Bonuslar\u0131 v\u0259 Promosyonlar\u0131 2025<\/title>\n<meta name=\"description\" content=\"1xSlots Casino Xo\u015f G\u0259lm\u0259 T\u0259klifi, Cashback v\u0259 Dig\u0259r Bonuslar \u2713 1xSlots Casino-da b\u00f6y\u00fck udu\u015flar \u00fc\u00e7\u00fcn bir \u00e7ox imkanlar \u26a1\ufe0f Pulsuz F\u0131rlatmalarla Xo\u015f G\u0259lm\u0259 Bonuslar\u0131 v\u0259 daha \u00e7oxu burada!\" \/>\n<meta name=\"robots\" content=\"index, follow, max-snippet:-1, max-image-preview:large, max-video-preview:-1\" \/>\n<meta property=\"og:locale\" content=\"az_AZ\" \/>\n<meta property=\"og:type\" content=\"article\" \/>\n<meta property=\"og:title\" content=\"1xSlots Casino Bonuslar\u0131 v\u0259 Promosyonlar\u0131 2025\" \/>\n<meta property=\"og:description\" content=\"1xSlots Casino Xo\u015f G\u0259lm\u0259 T\u0259klifi, Cashback v\u0259 Dig\u0259r Bonuslar \u2713 1xSlots Casino-da b\u00f6y\u00fck udu\u015flar \u00fc\u00e7\u00fcn bir \u00e7ox imkanlar \u26a1\ufe0f Pulsuz F\u0131rlatmalarla Xo\u015f G\u0259lm\u0259 Bonuslar\u0131 v\u0259 daha \u00e7oxu burada!\" \/>\n<meta property=\"og:url\" content=\"https:\/\/1xslots.cafe\/az\/bonus\/\" \/>\n<meta property=\"og:site_name\" content=\"1xSlots az\" \/>\n<meta property=\"article:modified_time\" content=\"2025-05-13T15:17:12+00:00\" \/>\n<meta name=\"twitter:card\" content=\"summary_large_image\" \/>\n<script type=\"application\/ld+json\" class=\"yoast-schema-graph\">{\"@context\":\"https:\/\/schema.org\",\"@graph\":[{\"@type\":\"WebPage\",\"@id\":\"https:\/\/1xslots.cafe\/az\/bonus\/\",\"url\":\"https:\/\/1xslots.cafe\/az\/bonus\/\",\"name\":\"1xSlots Casino Bonuslar\u0131 v\u0259 Promosyonlar\u0131 2025\",\"isPartOf\":{\"@id\":\"https:\/\/1xslots.cafe\/az\/#website\"},\"datePublished\":\"2023-05-18T17:39:43+00:00\",\"dateModified\":\"2025-05-13T15:17:12+00:00\",\"description\":\"1xSlots Casino Xo\u015f G\u0259lm\u0259 T\u0259klifi, Cashback v\u0259 Dig\u0259r Bonuslar \u2713 1xSlots Casino-da b\u00f6y\u00fck udu\u015flar \u00fc\u00e7\u00fcn bir \u00e7ox imkanlar \u26a1\ufe0f Pulsuz F\u0131rlatmalarla Xo\u015f G\u0259lm\u0259 Bonuslar\u0131 v\u0259 daha \u00e7oxu burada!\",\"breadcrumb\":{\"@id\":\"https:\/\/1xslots.cafe\/az\/bonus\/#breadcrumb\"},\"inLanguage\":\"az\",\"potentialAction\":[{\"@type\":\"ReadAction\",\"target\":[\"https:\/\/1xslots.cafe\/az\/bonus\/\"]}]},{\"@type\":\"BreadcrumbList\",\"@id\":\"https:\/\/1xslots.cafe\/az\/bonus\/#breadcrumb\",\"itemListElement\":[{\"@type\":\"ListItem\",\"position\":1,\"name\":\"\u0413\u043b\u0430\u0432\u043d\u0430\u044f \u0441\u0442\u0440\u0430\u043d\u0438\u0446\u0430\",\"item\":\"https:\/\/1xslots.cafe\/az\/\"},{\"@type\":\"ListItem\",\"position\":2,\"name\":\"Bonus\"}]},{\"@type\":\"WebSite\",\"@id\":\"https:\/\/1xslots.cafe\/az\/#website\",\"url\":\"https:\/\/1xslots.cafe\/az\/\",\"name\":\"1xSlots az\",\"description\":\"My WordPress Blog\",\"potentialAction\":[{\"@type\":\"SearchAction\",\"target\":{\"@type\":\"EntryPoint\",\"urlTemplate\":\"https:\/\/1xslots.cafe\/az\/?s={search_term_string}\"},\"query-input\":{\"@type\":\"PropertyValueSpecification\",\"valueRequired\":true,\"valueName\":\"search_term_string\"}}],\"inLanguage\":\"az\"}]}<\/script>\n<!-- \/ Yoast SEO plugin. -->","yoast_head_json":{"title":"1xSlots Casino Bonuslar\u0131 v\u0259 Promosyonlar\u0131 2025","description":"1xSlots Casino Xo\u015f G\u0259lm\u0259 T\u0259klifi, Cashback v\u0259 Dig\u0259r Bonuslar \u2713 1xSlots Casino-da b\u00f6y\u00fck udu\u015flar \u00fc\u00e7\u00fcn bir \u00e7ox imkanlar \u26a1\ufe0f Pulsuz F\u0131rlatmalarla Xo\u015f G\u0259lm\u0259 Bonuslar\u0131 v\u0259 daha \u00e7oxu burada!","robots":{"index":"index","follow":"follow","max-snippet":"max-snippet:-1","max-image-preview":"max-image-preview:large","max-video-preview":"max-video-preview:-1"},"og_locale":"az_AZ","og_type":"article","og_title":"1xSlots Casino Bonuslar\u0131 v\u0259 Promosyonlar\u0131 2025","og_description":"1xSlots Casino Xo\u015f G\u0259lm\u0259 T\u0259klifi, Cashback v\u0259 Dig\u0259r Bonuslar \u2713 1xSlots Casino-da b\u00f6y\u00fck udu\u015flar \u00fc\u00e7\u00fcn bir \u00e7ox imkanlar \u26a1\ufe0f Pulsuz F\u0131rlatmalarla Xo\u015f G\u0259lm\u0259 Bonuslar\u0131 v\u0259 daha \u00e7oxu burada!","og_url":"https:\/\/1xslots.cafe\/az\/bonus\/","og_site_name":"1xSlots az","article_modified_time":"2025-05-13T15:17:12+00:00","twitter_card":"summary_large_image","schema":{"@context":"https:\/\/schema.org","@graph":[{"@type":"WebPage","@id":"https:\/\/1xslots.cafe\/az\/bonus\/","url":"https:\/\/1xslots.cafe\/az\/bonus\/","name":"1xSlots Casino Bonuslar\u0131 v\u0259 Promosyonlar\u0131 2025","isPartOf":{"@id":"https:\/\/1xslots.cafe\/az\/#website"},"datePublished":"2023-05-18T17:39:43+00:00","dateModified":"2025-05-13T15:17:12+00:00","description":"1xSlots Casino Xo\u015f G\u0259lm\u0259 T\u0259klifi, Cashback v\u0259 Dig\u0259r Bonuslar \u2713 1xSlots Casino-da b\u00f6y\u00fck udu\u015flar \u00fc\u00e7\u00fcn bir \u00e7ox imkanlar \u26a1\ufe0f Pulsuz F\u0131rlatmalarla Xo\u015f G\u0259lm\u0259 Bonuslar\u0131 v\u0259 daha \u00e7oxu burada!","breadcrumb":{"@id":"https:\/\/1xslots.cafe\/az\/bonus\/#breadcrumb"},"inLanguage":"az","potentialAction":[{"@type":"ReadAction","target":["https:\/\/1xslots.cafe\/az\/bonus\/"]}]},{"@type":"BreadcrumbList","@id":"https:\/\/1xslots.cafe\/az\/bonus\/#breadcrumb","itemListElement":[{"@type":"ListItem","position":1,"name":"\u0413\u043b\u0430\u0432\u043d\u0430\u044f \u0441\u0442\u0440\u0430\u043d\u0438\u0446\u0430","item":"https:\/\/1xslots.cafe\/az\/"},{"@type":"ListItem","position":2,"name":"Bonus"}]},{"@type":"WebSite","@id":"https:\/\/1xslots.cafe\/az\/#website","url":"https:\/\/1xslots.cafe\/az\/","name":"1xSlots az","description":"My WordPress Blog","potentialAction":[{"@type":"SearchAction","target":{"@type":"EntryPoint","urlTemplate":"https:\/\/1xslots.cafe\/az\/?s={search_term_string}"},"query-input":{"@type":"PropertyValueSpecification","valueRequired":true,"valueName":"search_term_string"}}],"inLanguage":"az"}]}},"_links":{"self":[{"href":"https:\/\/1xslots.cafe\/az\/wp-json\/wp\/v2\/pages\/152"}],"collection":[{"href":"https:\/\/1xslots.cafe\/az\/wp-json\/wp\/v2\/pages"}],"about":[{"href":"https:\/\/1xslots.cafe\/az\/wp-json\/wp\/v2\/types\/page"}],"author":[{"embeddable":true,"href":"https:\/\/1xslots.cafe\/az\/wp-json\/wp\/v2\/users\/1"}],"replies":[{"embeddable":true,"href":"https:\/\/1xslots.cafe\/az\/wp-json\/wp\/v2\/comments?post=152"}],"version-history":[{"count":49,"href":"https:\/\/1xslots.cafe\/az\/wp-json\/wp\/v2\/pages\/152\/revisions"}],"predecessor-version":[{"id":679,"href":"https:\/\/1xslots.cafe\/az\/wp-json\/wp\/v2\/pages\/152\/revisions\/679"}],"wp:attachment":[{"href":"https:\/\/1xslots.cafe\/az\/wp-json\/wp\/v2\/media?parent=152"}],"curies":[{"name":"wp","href":"https:\/\/api.w.org\/{rel}","templated":true}]}}