{"id":601,"date":"2025-04-15T08:23:19","date_gmt":"2025-04-15T08:23:19","guid":{"rendered":"https:\/\/1xslots.cafe\/ar\/?page_id=601"},"modified":"2025-04-24T13:41:05","modified_gmt":"2025-04-24T13:41:05","slug":"100-on-mondays","status":"publish","type":"page","link":"https:\/\/1xslots.cafe\/ar\/bonus\/100-on-mondays\/","title":{"rendered":"100% los lunes"},"content":{"rendered":"","protected":false},"excerpt":{"rendered":"","protected":false},"author":1,"featured_media":0,"parent":152,"menu_order":0,"comment_status":"closed","ping_status":"closed","template":"","meta":{"footnotes":""},"class_list":["post-601","page","type-page","status-publish","hentry"],"yoast_head":"<!-- This site is optimized with the Yoast SEO plugin v23.4 - https:\/\/yoast.com\/wordpress\/plugins\/seo\/ -->\n<title>Bono de hasta 350.000 ARS los lunes en 1xSlots<\/title>\n<meta name=\"description\" content=\"Todos los lunes con 1xSlots tiene la oportunidad de doblar su dep\u00f3sito hasta 350.000 ARS. S\u00f3lo tiene que depositar un m\u00ednimo de 18.000 ARS y \u00a1ver c\u00f3mo crecen sus ganancias! No se pierda esta gran oportunidad\" \/>\n<meta name=\"robots\" content=\"index, follow, max-snippet:-1, max-image-preview:large, max-video-preview:-1\" \/>\n<meta property=\"og:locale\" content=\"es_ES\" \/>\n<meta property=\"og:type\" content=\"article\" \/>\n<meta property=\"og:title\" content=\"Bono de hasta 350.000 ARS los lunes en 1xSlots\" \/>\n<meta property=\"og:description\" content=\"Todos los lunes con 1xSlots tiene la oportunidad de doblar su dep\u00f3sito hasta 350.000 ARS. S\u00f3lo tiene que depositar un m\u00ednimo de 18.000 ARS y \u00a1ver c\u00f3mo crecen sus ganancias! No se pierda esta gran oportunidad\" \/>\n<meta property=\"og:url\" content=\"https:\/\/1xslots.cafe\/ar\/bonus\/100-on-mondays\/\" \/>\n<meta property=\"og:site_name\" content=\"1xSlots ar\" \/>\n<meta property=\"article:modified_time\" content=\"2025-04-24T13:41:05+00:00\" \/>\n<meta name=\"twitter:card\" content=\"summary_large_image\" \/>\n<script type=\"application\/ld+json\" class=\"yoast-schema-graph\">{\"@context\":\"https:\/\/schema.org\",\"@graph\":[{\"@type\":\"WebPage\",\"@id\":\"https:\/\/1xslots.cafe\/ar\/bonus\/100-on-mondays\/\",\"url\":\"https:\/\/1xslots.cafe\/ar\/bonus\/100-on-mondays\/\",\"name\":\"Bono de hasta 350.000 ARS los lunes en 1xSlots\",\"isPartOf\":{\"@id\":\"https:\/\/1xslots.cafe\/ar\/#website\"},\"datePublished\":\"2025-04-15T08:23:19+00:00\",\"dateModified\":\"2025-04-24T13:41:05+00:00\",\"description\":\"Todos los lunes con 1xSlots tiene la oportunidad de doblar su dep\u00f3sito hasta 350.000 ARS. S\u00f3lo tiene que depositar un m\u00ednimo de 18.000 ARS y \u00a1ver c\u00f3mo crecen sus ganancias! No se pierda esta gran oportunidad\",\"breadcrumb\":{\"@id\":\"https:\/\/1xslots.cafe\/ar\/bonus\/100-on-mondays\/#breadcrumb\"},\"inLanguage\":\"es-AR\",\"potentialAction\":[{\"@type\":\"ReadAction\",\"target\":[\"https:\/\/1xslots.cafe\/ar\/bonus\/100-on-mondays\/\"]}]},{\"@type\":\"BreadcrumbList\",\"@id\":\"https:\/\/1xslots.cafe\/ar\/bonus\/100-on-mondays\/#breadcrumb\",\"itemListElement\":[{\"@type\":\"ListItem\",\"position\":1,\"name\":\"\u0413\u043b\u0430\u0432\u043d\u0430\u044f \u0441\u0442\u0440\u0430\u043d\u0438\u0446\u0430\",\"item\":\"https:\/\/1xslots.cafe\/ar\/\"},{\"@type\":\"ListItem\",\"position\":2,\"name\":\"Bono\",\"item\":\"https:\/\/1xslots.cafe\/ar\/bonus\/\"},{\"@type\":\"ListItem\",\"position\":3,\"name\":\"100% los lunes\"}]},{\"@type\":\"WebSite\",\"@id\":\"https:\/\/1xslots.cafe\/ar\/#website\",\"url\":\"https:\/\/1xslots.cafe\/ar\/\",\"name\":\"1xSlots ar\",\"description\":\"My WordPress Blog\",\"potentialAction\":[{\"@type\":\"SearchAction\",\"target\":{\"@type\":\"EntryPoint\",\"urlTemplate\":\"https:\/\/1xslots.cafe\/ar\/?s={search_term_string}\"},\"query-input\":{\"@type\":\"PropertyValueSpecification\",\"valueRequired\":true,\"valueName\":\"search_term_string\"}}],\"inLanguage\":\"es-AR\"}]}<\/script>\n<!-- \/ Yoast SEO plugin. -->","yoast_head_json":{"title":"Bono de hasta 350.000 ARS los lunes en 1xSlots","description":"Todos los lunes con 1xSlots tiene la oportunidad de doblar su dep\u00f3sito hasta 350.000 ARS. S\u00f3lo tiene que depositar un m\u00ednimo de 18.000 ARS y \u00a1ver c\u00f3mo crecen sus ganancias! No se pierda esta gran oportunidad","robots":{"index":"index","follow":"follow","max-snippet":"max-snippet:-1","max-image-preview":"max-image-preview:large","max-video-preview":"max-video-preview:-1"},"og_locale":"es_ES","og_type":"article","og_title":"Bono de hasta 350.000 ARS los lunes en 1xSlots","og_description":"Todos los lunes con 1xSlots tiene la oportunidad de doblar su dep\u00f3sito hasta 350.000 ARS. S\u00f3lo tiene que depositar un m\u00ednimo de 18.000 ARS y \u00a1ver c\u00f3mo crecen sus ganancias! No se pierda esta gran oportunidad","og_url":"https:\/\/1xslots.cafe\/ar\/bonus\/100-on-mondays\/","og_site_name":"1xSlots ar","article_modified_time":"2025-04-24T13:41:05+00:00","twitter_card":"summary_large_image","schema":{"@context":"https:\/\/schema.org","@graph":[{"@type":"WebPage","@id":"https:\/\/1xslots.cafe\/ar\/bonus\/100-on-mondays\/","url":"https:\/\/1xslots.cafe\/ar\/bonus\/100-on-mondays\/","name":"Bono de hasta 350.000 ARS los lunes en 1xSlots","isPartOf":{"@id":"https:\/\/1xslots.cafe\/ar\/#website"},"datePublished":"2025-04-15T08:23:19+00:00","dateModified":"2025-04-24T13:41:05+00:00","description":"Todos los lunes con 1xSlots tiene la oportunidad de doblar su dep\u00f3sito hasta 350.000 ARS. S\u00f3lo tiene que depositar un m\u00ednimo de 18.000 ARS y \u00a1ver c\u00f3mo crecen sus ganancias! No se pierda esta gran oportunidad","breadcrumb":{"@id":"https:\/\/1xslots.cafe\/ar\/bonus\/100-on-mondays\/#breadcrumb"},"inLanguage":"es-AR","potentialAction":[{"@type":"ReadAction","target":["https:\/\/1xslots.cafe\/ar\/bonus\/100-on-mondays\/"]}]},{"@type":"BreadcrumbList","@id":"https:\/\/1xslots.cafe\/ar\/bonus\/100-on-mondays\/#breadcrumb","itemListElement":[{"@type":"ListItem","position":1,"name":"\u0413\u043b\u0430\u0432\u043d\u0430\u044f \u0441\u0442\u0440\u0430\u043d\u0438\u0446\u0430","item":"https:\/\/1xslots.cafe\/ar\/"},{"@type":"ListItem","position":2,"name":"Bono","item":"https:\/\/1xslots.cafe\/ar\/bonus\/"},{"@type":"ListItem","position":3,"name":"100% los lunes"}]},{"@type":"WebSite","@id":"https:\/\/1xslots.cafe\/ar\/#website","url":"https:\/\/1xslots.cafe\/ar\/","name":"1xSlots ar","description":"My WordPress Blog","potentialAction":[{"@type":"SearchAction","target":{"@type":"EntryPoint","urlTemplate":"https:\/\/1xslots.cafe\/ar\/?s={search_term_string}"},"query-input":{"@type":"PropertyValueSpecification","valueRequired":true,"valueName":"search_term_string"}}],"inLanguage":"es-AR"}]}},"_links":{"self":[{"href":"https:\/\/1xslots.cafe\/ar\/wp-json\/wp\/v2\/pages\/601"}],"collection":[{"href":"https:\/\/1xslots.cafe\/ar\/wp-json\/wp\/v2\/pages"}],"about":[{"href":"https:\/\/1xslots.cafe\/ar\/wp-json\/wp\/v2\/types\/page"}],"author":[{"embeddable":true,"href":"https:\/\/1xslots.cafe\/ar\/wp-json\/wp\/v2\/users\/1"}],"replies":[{"embeddable":true,"href":"https:\/\/1xslots.cafe\/ar\/wp-json\/wp\/v2\/comments?post=601"}],"version-history":[{"count":2,"href":"https:\/\/1xslots.cafe\/ar\/wp-json\/wp\/v2\/pages\/601\/revisions"}],"predecessor-version":[{"id":613,"href":"https:\/\/1xslots.cafe\/ar\/wp-json\/wp\/v2\/pages\/601\/revisions\/613"}],"up":[{"embeddable":true,"href":"https:\/\/1xslots.cafe\/ar\/wp-json\/wp\/v2\/pages\/152"}],"wp:attachment":[{"href":"https:\/\/1xslots.cafe\/ar\/wp-json\/wp\/v2\/media?parent=601"}],"curies":[{"name":"wp","href":"https:\/\/api.w.org\/{rel}","templated":true}]}}